{"id":3341,"date":"2025-12-15T15:05:01","date_gmt":"2025-12-15T14:05:01","guid":{"rendered":"https:\/\/nuprevento.com\/?page_id=3341"},"modified":"2025-12-15T15:05:01","modified_gmt":"2025-12-15T14:05:01","slug":"unsere-marken","status":"publish","type":"page","link":"https:\/\/nuprevento.com\/cn\/unsere-marken\/","title":{"rendered":"\u6211\u4eec\u7684\u54c1\u724c"},"content":{"rendered":"<div data-elementor-type=\"wp-page\" data-elementor-id=\"3341\" class=\"elementor elementor-3341\" data-elementor-post-type=\"page\">\n\t\t\t\t<div class=\"elementor-element elementor-element-f955401 e-flex e-con-boxed e-con e-parent\" data-id=\"f955401\" data-element_type=\"container\">\n\t\t\t\t\t<div class=\"e-con-inner\">\n\t\t\t\t<div class=\"elementor-element elementor-element-15d3b02 elementor-widget elementor-widget-text-editor\" data-id=\"15d3b02\" data-element_type=\"widget\" data-widget_type=\"text-editor.default\">\n\t\t\t\t<div class=\"elementor-widget-container\">\n\t\t\t\t\t\t\t\t\t<h2 data-start=\"244\" data-end=\"260\">\u6211\u4eec\u7684\u54c1\u724c<\/h2><p data-start=\"262\" data-end=\"472\">\u5728 <strong data-start=\"281\" data-end=\"296\">\u65b0\u9884\u9632<\/strong>\u00a0\u6211\u4eec\u6c47\u96c6\u4e86\u4e94\u4e2a\u4e13\u4e1a\u54c1\u724c\uff0c\u6db5\u76d6\u4ee5\u79d1\u5b66\u4e3a\u57fa\u7840\u7684\u73b0\u4ee3\u8425\u517b\u5b66\u7684\u5404\u4e2a\u65b9\u9762--\u5168\u9762\u3001\u5b9e\u7528\u3001\u53ef\u5b9a\u5236\u3002.<\/p><ul data-start=\"474\" data-end=\"1197\"><li><strong data-start=\"775\" data-end=\"788\">NuSweets<\/strong>\u00a0\u5c06\u6709\u610f\u8bc6\u7684\u653e\u7eb5\u4e0e\u521b\u65b0\u7684\u7cd6\u679c\u89e3\u51b3\u65b9\u6848\u76f8\u7ed3\u5408\uff0c\u662f\u4e00\u79cd\u4e0d\u6298\u4e0d\u6263\u7684\u96f6\u98df\u65b0\u65b9\u5f0f\u3002.<\/li><li data-start=\"474\" data-end=\"626\"><strong data-start=\"476\" data-end=\"487\">NuKeto<\/strong>\u00a0\u4ee3\u8868\u73b0\u4ee3\u751f\u916e\u996e\u98df\uff0c\u4e3a\u7279\u522b\u6ce8\u91cd\u8102\u80aa\u4ee3\u8c22\u548c\u65b0\u9648\u4ee3\u8c22\u4f18\u5316\u7684\u4eba\u63d0\u4f9b\u652f\u6301\u3002.<\/li><li data-start=\"474\" data-end=\"626\"><strong data-start=\"629\" data-end=\"641\">NuSugar<\/strong>\u00a0\u4e3a\u6240\u6709\u5e0c\u671b\u6709\u610f\u8bc6\u5730\u589e\u52a0\u751c\u5473\u548c\u907f\u514d\u5178\u578b\u7cd6\u9677\u9631\u7684\u4eba\u63d0\u4f9b\u4e86\u5bb6\u7528\u7cd6\u7684\u667a\u80fd\u66ff\u4ee3\u54c1\u3002.<\/li><li data-start=\"474\" data-end=\"626\"><strong data-start=\"899\" data-end=\"909\">NuGood<\/strong>\u00a0\u91cd\u70b9\u5173\u6ce8\u80a0\u9053\u53cb\u597d\u578b\u996e\u98df\u548c\u4fc3\u8fdb\u5065\u5eb7\u7684\u5fae\u751f\u7269\u7fa4--\u8fd9\u662f\u6574\u4f53\u5065\u5eb7\u7684\u57fa\u7840\u3002.<\/li><li data-start=\"1052\" data-end=\"1197\"><p data-start=\"1054\" data-end=\"1197\"><strong data-start=\"1054\" data-end=\"1072\">NuSupplements<\/strong>\u00a0\u63d0\u4f9b\u9ad8\u8d28\u91cf\u7684\u8425\u517b\u8865\u5145\u5242\u6982\u5ff5\uff0c\u9488\u5bf9\u90a3\u4e9b\u4ec5\u9760\u6709\u610f\u8bc6\u7684\u996e\u98df\u8fd8\u4e0d\u591f\u7684\u9886\u57df\u3002.<\/p><\/li><\/ul><h2 data-start=\"1199\" data-end=\"1220\">\u4e3a\u4ec0\u4e48\u662f\u8fd9\u4e94\u4e2a\uff1f<\/h2><p data-start=\"1222\" data-end=\"1549\">\u4ece\u65b0\u9648\u4ee3\u8c22\u5230\u80a0\u9053\u5065\u5eb7\uff0c\u518d\u5230\u8425\u517b\u4f9b\u5e94\uff0c\u6bcf\u4e2a\u54c1\u724c\u90fd\u9488\u5bf9\u73b0\u4ee3\u9884\u9632\u4fdd\u5065\u7684\u6838\u5fc3\u5185\u5bb9\u3002\u5b83\u4eec\u5171\u540c\u5b9e\u73b0\u4e86 <strong data-start=\"1414\" data-end=\"1486\">\u4e2a\u6027\u5316\u3001\u7075\u6d3b\u548c\u6709\u79d1\u5b66\u4f9d\u636e\u7684\u751f\u6d3b\u65b9\u5f0f<\/strong>, \u4ee5\u65e5\u5e38\u751f\u6d3b\u7684\u5b9e\u9645\u9700\u6c42\u4e3a\u5bfc\u5411\u3002.<\/p><p data-start=\"1551\" data-end=\"1764\"><strong data-start=\"1551\" data-end=\"1566\">\u65b0\u9884\u9632<\/strong>\u00a0\u4ee3\u8868\u7684\u8425\u517b\u7406\u5ff5\u4e0d\u662f\u6559\u6761\u5f0f\u7684\uff0c\u800c\u662f\u4e3a\u4eba\u4eec\u63d0\u4f9b\u6709\u7406\u6709\u636e\u7684\u89e3\u51b3\u65b9\u6848\uff0c\u5e2e\u52a9\u4ed6\u4eec\u5728\u4e2a\u4eba\u9053\u8def\u4e0a\u83b7\u5f97\u66f4\u591a\u7684\u5e73\u8861\u3001\u5065\u5eb7\u548c\u751f\u6d3b\u8d28\u91cf\u3002.<\/p><p data-start=\"1551\" data-end=\"1764\">\u00a0<\/p>\t\t\t\t\t\t\t\t<\/div>\n\t\t\t\t<\/div>\n\t\t\t\t\t<\/div>\n\t\t\t\t<\/div>\n\t\t\t\t<\/div>","protected":false},"excerpt":{"rendered":"<p>\u6211\u4eec\u7684\u54c1\u724c NuPrevento \u65d7\u4e0b\u6c47\u96c6\u4e86\u4e94\u4e2a\u4e13\u4e1a\u54c1\u724c\uff0c\u5b83\u4eec\u6db5\u76d6\u4e86\u73b0\u4ee3\u3001\u79d1\u5b66\u5faa\u8bc1\u8425\u517b\u7684\u5404\u4e2a\u65b9\u9762\u2014\u2014\u6574\u4f53\u6027\u3001\u5b9e\u8df5\u6027\u548c\u4e2a\u6027\u5316\u5b9a\u5236\u3002NuSweets \u5c06\u6709\u610f\u8bc6\u7684\u4eab\u4e50\u4e0e\u521b\u65b0\u7684\u7cd6\u679c\u89e3\u51b3\u65b9\u6848\u76f8\u7ed3\u5408\u2014\u2014\u5f00\u521b\u4e86\u4e00\u79cd\u65e0\u59a5\u534f\u7684\u65b0\u578b\u96f6\u98df\u65b9\u5f0f\u3002NuKeto \u4ee3\u8868\u7740\u73b0\u4ee3\u751f\u916e\u996e\u98df\uff0c\u652f\u6301\u90a3\u4e9b\u6709\u9488\u5bf9\u6027\u5730\u5173\u6ce8\u8102\u80aa\u4ee3\u8c22\u548c\u4ee3\u8c22\u4f18\u5316\u7684\u4e2a\u4f53\u3002 [\u2026]<\/p>","protected":false},"author":6,"featured_media":0,"parent":0,"menu_order":0,"comment_status":"closed","ping_status":"closed","template":"","meta":{"footnotes":""},"class_list":["post-3341","page","type-page","status-publish","hentry"],"yoast_head":"<!-- This site is optimized with the Yoast SEO plugin v27.4 - https:\/\/yoast.com\/product\/yoast-seo-wordpress\/ -->\n<title>Unsere Marken - NuPrevento<\/title>\n<meta name=\"robots\" content=\"index, follow, max-snippet:-1, max-image-preview:large, max-video-preview:-1\" \/>\n<link rel=\"canonical\" href=\"https:\/\/nuprevento.com\/cn\/unsere-marken\/\" \/>\n<meta property=\"og:locale\" content=\"zh_CN\" \/>\n<meta property=\"og:type\" content=\"article\" \/>\n<meta property=\"og:title\" content=\"Unsere Marken - NuPrevento\" \/>\n<meta property=\"og:description\" content=\"Unsere Marken Unter dem Dach von NuPrevento\u00a0vereinen wir f\u00fcnf spezialisierte Marken, die verschiedene Aspekte moderner, wissenschaftlich fundierter Ern\u00e4hrung abdecken \u2013 ganzheitlich, praxisnah und individuell anpassbar. NuSweets\u00a0verbindet bewussten Genuss mit innovativen S\u00fc\u00dfwarenl\u00f6sungen \u2013 als neue Art des Naschens ohne Kompromisse. NuKeto\u00a0steht f\u00fcr eine moderne ketogene Ern\u00e4hrung und unterst\u00fctzt Menschen, die gezielt auf Fettstoffwechsel und Stoffwechseloptimierung setzen. [&hellip;]\" \/>\n<meta property=\"og:url\" content=\"https:\/\/nuprevento.com\/cn\/unsere-marken\/\" \/>\n<meta property=\"og:site_name\" content=\"NuPrevento\" \/>\n<meta name=\"twitter:card\" content=\"summary_large_image\" \/>\n<meta name=\"twitter:label1\" content=\"\u9884\u8ba1\u9605\u8bfb\u65f6\u95f4\" \/>\n\t<meta name=\"twitter:data1\" content=\"1 \u5206\" \/>\n<script type=\"application\/ld+json\" class=\"yoast-schema-graph\">{\"@context\":\"https:\\\/\\\/schema.org\",\"@graph\":[{\"@type\":\"WebPage\",\"@id\":\"https:\\\/\\\/nuprevento.com\\\/unsere-marken\\\/\",\"url\":\"https:\\\/\\\/nuprevento.com\\\/unsere-marken\\\/\",\"name\":\"Unsere Marken - NuPrevento\",\"isPartOf\":{\"@id\":\"https:\\\/\\\/nuprevento.com\\\/#website\"},\"datePublished\":\"2025-12-15T14:05:01+00:00\",\"breadcrumb\":{\"@id\":\"https:\\\/\\\/nuprevento.com\\\/unsere-marken\\\/#breadcrumb\"},\"inLanguage\":\"zh-Hans\",\"potentialAction\":[{\"@type\":\"ReadAction\",\"target\":[\"https:\\\/\\\/nuprevento.com\\\/unsere-marken\\\/\"]}]},{\"@type\":\"BreadcrumbList\",\"@id\":\"https:\\\/\\\/nuprevento.com\\\/unsere-marken\\\/#breadcrumb\",\"itemListElement\":[{\"@type\":\"ListItem\",\"position\":1,\"name\":\"Startseite\",\"item\":\"https:\\\/\\\/nuprevento.com\\\/\"},{\"@type\":\"ListItem\",\"position\":2,\"name\":\"Unsere Marken\"}]},{\"@type\":\"WebSite\",\"@id\":\"https:\\\/\\\/nuprevento.com\\\/#website\",\"url\":\"https:\\\/\\\/nuprevento.com\\\/\",\"name\":\"NuPrevento\",\"description\":\"Targeted Nutrition - Eine neue Generation von Lebensmitteln\",\"publisher\":{\"@id\":\"https:\\\/\\\/nuprevento.com\\\/#organization\"},\"potentialAction\":[{\"@type\":\"SearchAction\",\"target\":{\"@type\":\"EntryPoint\",\"urlTemplate\":\"https:\\\/\\\/nuprevento.com\\\/?s={search_term_string}\"},\"query-input\":{\"@type\":\"PropertyValueSpecification\",\"valueRequired\":true,\"valueName\":\"search_term_string\"}}],\"inLanguage\":\"zh-Hans\"},{\"@type\":\"Organization\",\"@id\":\"https:\\\/\\\/nuprevento.com\\\/#organization\",\"name\":\"NuPrevento\",\"url\":\"https:\\\/\\\/nuprevento.com\\\/\",\"logo\":{\"@type\":\"ImageObject\",\"inLanguage\":\"zh-Hans\",\"@id\":\"https:\\\/\\\/nuprevento.com\\\/#\\\/schema\\\/logo\\\/image\\\/\",\"url\":\"https:\\\/\\\/nuprevento.com\\\/wp-content\\\/uploads\\\/2024\\\/01\\\/Logo_NuPrevento_2024.png\",\"contentUrl\":\"https:\\\/\\\/nuprevento.com\\\/wp-content\\\/uploads\\\/2024\\\/01\\\/Logo_NuPrevento_2024.png\",\"width\":250,\"height\":87,\"caption\":\"NuPrevento\"},\"image\":{\"@id\":\"https:\\\/\\\/nuprevento.com\\\/#\\\/schema\\\/logo\\\/image\\\/\"}}]}<\/script>\n<!-- \/ Yoast SEO plugin. -->","yoast_head_json":{"title":"\u6211\u4eec\u7684\u54c1\u724c - NuPrevento","robots":{"index":"index","follow":"follow","max-snippet":"max-snippet:-1","max-image-preview":"max-image-preview:large","max-video-preview":"max-video-preview:-1"},"canonical":"https:\/\/nuprevento.com\/cn\/unsere-marken\/","og_locale":"zh_CN","og_type":"article","og_title":"Unsere Marken - NuPrevento","og_description":"Unsere Marken Unter dem Dach von NuPrevento\u00a0vereinen wir f\u00fcnf spezialisierte Marken, die verschiedene Aspekte moderner, wissenschaftlich fundierter Ern\u00e4hrung abdecken \u2013 ganzheitlich, praxisnah und individuell anpassbar. NuSweets\u00a0verbindet bewussten Genuss mit innovativen S\u00fc\u00dfwarenl\u00f6sungen \u2013 als neue Art des Naschens ohne Kompromisse. NuKeto\u00a0steht f\u00fcr eine moderne ketogene Ern\u00e4hrung und unterst\u00fctzt Menschen, die gezielt auf Fettstoffwechsel und Stoffwechseloptimierung setzen. [&hellip;]","og_url":"https:\/\/nuprevento.com\/cn\/unsere-marken\/","og_site_name":"NuPrevento","twitter_card":"summary_large_image","twitter_misc":{"\u9884\u8ba1\u9605\u8bfb\u65f6\u95f4":"1 \u5206"},"schema":{"@context":"https:\/\/schema.org","@graph":[{"@type":"WebPage","@id":"https:\/\/nuprevento.com\/unsere-marken\/","url":"https:\/\/nuprevento.com\/unsere-marken\/","name":"\u6211\u4eec\u7684\u54c1\u724c - NuPrevento","isPartOf":{"@id":"https:\/\/nuprevento.com\/#website"},"datePublished":"2025-12-15T14:05:01+00:00","breadcrumb":{"@id":"https:\/\/nuprevento.com\/unsere-marken\/#breadcrumb"},"inLanguage":"zh-Hans","potentialAction":[{"@type":"ReadAction","target":["https:\/\/nuprevento.com\/unsere-marken\/"]}]},{"@type":"BreadcrumbList","@id":"https:\/\/nuprevento.com\/unsere-marken\/#breadcrumb","itemListElement":[{"@type":"ListItem","position":1,"name":"Startseite","item":"https:\/\/nuprevento.com\/"},{"@type":"ListItem","position":2,"name":"Unsere Marken"}]},{"@type":"WebSite","@id":"https:\/\/nuprevento.com\/#website","url":"https:\/\/nuprevento.com\/","name":"\u65b0\u9884\u9632","description":"\u76ee\u6807\u8425\u517b--\u65b0\u4e00\u4ee3\u98df\u54c1","publisher":{"@id":"https:\/\/nuprevento.com\/#organization"},"potentialAction":[{"@type":"SearchAction","target":{"@type":"EntryPoint","urlTemplate":"https:\/\/nuprevento.com\/?s={search_term_string}"},"query-input":{"@type":"PropertyValueSpecification","valueRequired":true,"valueName":"search_term_string"}}],"inLanguage":"zh-Hans"},{"@type":"Organization","@id":"https:\/\/nuprevento.com\/#organization","name":"\u65b0\u9884\u9632","url":"https:\/\/nuprevento.com\/","logo":{"@type":"ImageObject","inLanguage":"zh-Hans","@id":"https:\/\/nuprevento.com\/#\/schema\/logo\/image\/","url":"https:\/\/nuprevento.com\/wp-content\/uploads\/2024\/01\/Logo_NuPrevento_2024.png","contentUrl":"https:\/\/nuprevento.com\/wp-content\/uploads\/2024\/01\/Logo_NuPrevento_2024.png","width":250,"height":87,"caption":"NuPrevento"},"image":{"@id":"https:\/\/nuprevento.com\/#\/schema\/logo\/image\/"}}]}},"_links":{"self":[{"href":"https:\/\/nuprevento.com\/cn\/wp-json\/wp\/v2\/pages\/3341","targetHints":{"allow":["GET"]}}],"collection":[{"href":"https:\/\/nuprevento.com\/cn\/wp-json\/wp\/v2\/pages"}],"about":[{"href":"https:\/\/nuprevento.com\/cn\/wp-json\/wp\/v2\/types\/page"}],"author":[{"embeddable":true,"href":"https:\/\/nuprevento.com\/cn\/wp-json\/wp\/v2\/users\/6"}],"replies":[{"embeddable":true,"href":"https:\/\/nuprevento.com\/cn\/wp-json\/wp\/v2\/comments?post=3341"}],"version-history":[{"count":7,"href":"https:\/\/nuprevento.com\/cn\/wp-json\/wp\/v2\/pages\/3341\/revisions"}],"predecessor-version":[{"id":3348,"href":"https:\/\/nuprevento.com\/cn\/wp-json\/wp\/v2\/pages\/3341\/revisions\/3348"}],"wp:attachment":[{"href":"https:\/\/nuprevento.com\/cn\/wp-json\/wp\/v2\/media?parent=3341"}],"curies":[{"name":"wp","href":"https:\/\/api.w.org\/{rel}","templated":true}]}}