{"id":1191,"date":"2023-01-24T12:29:50","date_gmt":"2023-01-24T11:29:50","guid":{"rendered":"https:\/\/nuprevento.com\/?page_id=1191"},"modified":"2026-02-16T08:50:51","modified_gmt":"2026-02-16T07:50:51","slug":"allulose","status":"publish","type":"page","link":"https:\/\/nuprevento.com\/en\/zucker\/dr-coys-zucker\/allulose\/","title":{"rendered":"Allulose"},"content":{"rendered":"<div data-elementor-type=\"wp-page\" data-elementor-id=\"1191\" class=\"elementor elementor-1191\" data-elementor-post-type=\"page\">\n\t\t\t\t<div class=\"elementor-element elementor-element-1fdea4ad e-flex e-con-boxed e-con e-parent\" data-id=\"1fdea4ad\" data-element_type=\"container\">\n\t\t\t\t\t<div class=\"e-con-inner\">\n\t\t\t\t<div class=\"elementor-element elementor-element-749c537 elementor-widget elementor-widget-heading\" data-id=\"749c537\" data-element_type=\"widget\" data-widget_type=\"heading.default\">\n\t\t\t\t<div class=\"elementor-widget-container\">\n\t\t\t\t\t<h1 class=\"elementor-heading-title elementor-size-default\">Allulose<\/h1>\t\t\t\t<\/div>\n\t\t\t\t<\/div>\n\t\t<div class=\"elementor-element elementor-element-643fcc6 e-con-full e-flex e-con e-child\" data-id=\"643fcc6\" data-element_type=\"container\">\n\t\t\t\t<div class=\"elementor-element elementor-element-f9623d4 elementor-widget elementor-widget-text-editor\" data-id=\"f9623d4\" data-element_type=\"widget\" data-widget_type=\"text-editor.default\">\n\t\t\t\t<div class=\"elementor-widget-container\">\n\t\t\t\t\t\t\t\t\t<h2 data-start=\"298\" data-end=\"359\">Allulose - the versatile sugar alternative with potential<\/h2><p data-start=\"361\" data-end=\"759\"><strong data-start=\"361\" data-end=\"373\">Allulose<\/strong>also known as <strong data-start=\"392\" data-end=\"405\">D-Psicosis<\/strong>is a natural simple sugar that is found in small quantities in certain fruits such as figs, raisins and jackfruit. Due to its sugar-like structure, pleasant sweetness and versatility, allulose is increasingly being used as a modern alternative to conventional sugar - especially in calorie-reduced recipes.<\/p><h2 data-start=\"766\" data-end=\"794\">Origin and production<\/h2><p data-start=\"796\" data-end=\"1081\">Allulose can be extracted from plant-based raw materials such as corn or sugar beet using enzymatic processes. The result is a crystalline, finely soluble powder with a similar texture and appearance to classic sugar - ideal for use in drinks, baked goods or desserts.<\/p><h2 data-start=\"1088\" data-end=\"1130\">Sweetening power, calorie content and taste<\/h2><p data-start=\"1132\" data-end=\"1521\">Allulose has around <strong data-start=\"1154\" data-end=\"1178\">60-70 % of sweetening power<\/strong> of household sugar. Yet it only provides <strong data-start=\"1222\" data-end=\"1253\">about 0.2-0.4 kcal per gram<\/strong>which corresponds to a significant reduction in calories compared to classic sugar (approx. 4 kcal\/g). The taste is pleasantly sweet - without the often typical aftertaste of other sugar substitutes - and is particularly suitable for <strong data-start=\"1492\" data-end=\"1520\">Cooking, baking and sweetening<\/strong>.<\/p><h2 data-start=\"1528\" data-end=\"1572\">Tooth-friendly and versatile<\/h2><p data-start=\"1574\" data-end=\"1905\">In contrast to conventional sugars, allulose is not utilized by certain bacteria in the oral flora. Therefore, no typical by-products that attack the tooth enamel are formed during consumption. This property also makes allulose interesting for tooth-friendly product concepts - for example in chewing gum, bars or drinks.<\/p><h2 data-start=\"1912\" data-end=\"1959\">Low glycemic index<\/h2><p data-start=\"1961\" data-end=\"2493\">Another advantage of allulose is its <strong data-start=\"2003\" data-end=\"2040\">Very low glycemic index<\/strong>. This is close to zero and therefore represents a very low blood sugar reaction after consumption. Unlike conventional sugar, allulose is excreted by the body largely unchanged. It passes through the digestive tract almost unmetabolized and only a very small proportion is absorbed. This property can be used in nutritional concepts that aim to control the intake of simple sugars.<\/p><h2 data-start=\"2500\" data-end=\"2544\">Well tolerated - even in higher quantities<\/h2><p data-start=\"2546\" data-end=\"2969\">Allulose is considered <strong data-start=\"2564\" data-end=\"2583\">Well tolerated<\/strong>especially in comparison to many sugar alcohols. Users report a pleasant digestibility - even with frequent consumption. In individual cases, however, very high consumption can lead to digestive problems such as flatulence or diarrhea. As a guide <strong data-start=\"2860\" data-end=\"2916\">maximum single doses of about 0.4 g\/kg body weight<\/strong>which should not be exceeded individually.<\/p><h2 data-start=\"2976\" data-end=\"3004\">Not yet EU-approved<\/h2><p data-start=\"3006\" data-end=\"3302\">Allulose is already in use in some countries such as the USA and Japan, but is currently still subject to the <strong data-start=\"3142\" data-end=\"3176\">Novel food approval procedure<\/strong>. The assessment by the EFSA is currently underway. A final decision is expected at the earliest <strong data-start=\"3280\" data-end=\"3291\">from 2025<\/strong> calculated.<\/p><h2 data-start=\"3309\" data-end=\"3362\">Conclusion: A modern option for conscious nutrition<\/h2><p data-start=\"3364\" data-end=\"3459\">Allulose offers numerous properties that make it an exciting sugar alternative:<\/p><ul data-start=\"3461\" data-end=\"3691\"><li data-start=\"3461\" data-end=\"3497\"><p data-start=\"3463\" data-end=\"3497\">pleasantly sweet, without an aftertaste<\/p><\/li><li data-start=\"3498\" data-end=\"3533\"><p data-start=\"3500\" data-end=\"3533\">Low in calories: approx. 0.2-0.4 kcal\/g<\/p><\/li><li data-start=\"3534\" data-end=\"3581\"><p data-start=\"3536\" data-end=\"3581\">low glycemic index<\/p><\/li><li data-start=\"3601\" data-end=\"3658\"><p data-start=\"3603\" data-end=\"3658\">Versatile use in the kitchen and product development<\/p><\/li><li data-start=\"3659\" data-end=\"3691\"><p data-start=\"3661\" data-end=\"3691\">Good compatibility in everyday life<\/p><\/li><\/ul><p data-start=\"3693\" data-end=\"3840\">For anyone who wants to break new ground in sweetening, allulose offers a modern solution with natural origins and versatile application potential.<\/p>\t\t\t\t\t\t\t\t<\/div>\n\t\t\t\t<\/div>\n\t\t\t\t<\/div>\n\t\t\t\t\t<\/div>\n\t\t\t\t<\/div>\n\t\t\t\t<\/div>","protected":false},"excerpt":{"rendered":"<p>Allulose \u2013 die vielseitige Zuckeralternative mit Potenzial Allulose, auch bekannt als D-Psicose, ist ein nat\u00fcrlicher Einfachzucker, der in geringen Mengen in bestimmten Fr\u00fcchten wie Feigen, Rosinen oder Jackfruit vorkommt. Aufgrund ihrer zucker\u00e4hnlichen Struktur, angenehmen S\u00fc\u00dfe und vielseitigen Einsatzm\u00f6glichkeiten wird Allulose zunehmend als moderne Alternative zu herk\u00f6mmlichem Zucker verwendet \u2013 insbesondere in kalorienreduzierten Rezepturen. Herkunft und [&hellip;]<\/p>","protected":false},"author":4,"featured_media":0,"parent":22,"menu_order":2,"comment_status":"closed","ping_status":"closed","template":"","meta":{"footnotes":""},"class_list":["post-1191","page","type-page","status-publish","hentry"],"yoast_head":"<!-- This site is optimized with the Yoast SEO plugin v27.4 - https:\/\/yoast.com\/product\/yoast-seo-wordpress\/ -->\n<title>Allulose - NuPrevento<\/title>\n<meta name=\"description\" content=\"Galactose ist ein nat\u00fcrlicher Zucker aus der Milch, der dank seiner Insulin-unabh\u00e4ngigen Verwertung als ideale Energiequelle f\u00fcr das Gehirn gilt.\" \/>\n<meta name=\"robots\" content=\"index, follow, max-snippet:-1, max-image-preview:large, max-video-preview:-1\" \/>\n<link rel=\"canonical\" href=\"https:\/\/nuprevento.com\/en\/zucker\/dr-coys-zucker\/allulose\/\" \/>\n<meta property=\"og:locale\" content=\"en_US\" \/>\n<meta property=\"og:type\" content=\"article\" \/>\n<meta property=\"og:title\" content=\"Allulose - NuPrevento\" \/>\n<meta property=\"og:description\" content=\"Galactose ist ein nat\u00fcrlicher Zucker aus der Milch, der dank seiner Insulin-unabh\u00e4ngigen Verwertung als ideale Energiequelle f\u00fcr das Gehirn gilt.\" \/>\n<meta property=\"og:url\" content=\"https:\/\/nuprevento.com\/en\/zucker\/dr-coys-zucker\/allulose\/\" \/>\n<meta property=\"og:site_name\" content=\"NuPrevento\" \/>\n<meta property=\"article:modified_time\" content=\"2026-02-16T07:50:51+00:00\" \/>\n<meta name=\"twitter:card\" content=\"summary_large_image\" \/>\n<meta name=\"twitter:label1\" content=\"Est. reading time\" \/>\n\t<meta name=\"twitter:data1\" content=\"3 minutes\" \/>\n<script type=\"application\/ld+json\" class=\"yoast-schema-graph\">{\"@context\":\"https:\\\/\\\/schema.org\",\"@graph\":[{\"@type\":\"WebPage\",\"@id\":\"https:\\\/\\\/nuprevento.com\\\/zucker\\\/dr-coys-zucker\\\/allulose\\\/\",\"url\":\"https:\\\/\\\/nuprevento.com\\\/zucker\\\/dr-coys-zucker\\\/allulose\\\/\",\"name\":\"Allulose - NuPrevento\",\"isPartOf\":{\"@id\":\"https:\\\/\\\/nuprevento.com\\\/#website\"},\"datePublished\":\"2023-01-24T11:29:50+00:00\",\"dateModified\":\"2026-02-16T07:50:51+00:00\",\"description\":\"Galactose ist ein nat\u00fcrlicher Zucker aus der Milch, der dank seiner Insulin-unabh\u00e4ngigen Verwertung als ideale Energiequelle f\u00fcr das Gehirn gilt.\",\"breadcrumb\":{\"@id\":\"https:\\\/\\\/nuprevento.com\\\/zucker\\\/dr-coys-zucker\\\/allulose\\\/#breadcrumb\"},\"inLanguage\":\"en-US\",\"potentialAction\":[{\"@type\":\"ReadAction\",\"target\":[\"https:\\\/\\\/nuprevento.com\\\/zucker\\\/dr-coys-zucker\\\/allulose\\\/\"]}]},{\"@type\":\"BreadcrumbList\",\"@id\":\"https:\\\/\\\/nuprevento.com\\\/zucker\\\/dr-coys-zucker\\\/allulose\\\/#breadcrumb\",\"itemListElement\":[{\"@type\":\"ListItem\",\"position\":1,\"name\":\"Startseite\",\"item\":\"https:\\\/\\\/nuprevento.com\\\/\"},{\"@type\":\"ListItem\",\"position\":2,\"name\":\"Zucker: Eine N\u00e4hrstoffgruppe mit vielen Gesichtern\",\"item\":\"https:\\\/\\\/nuprevento.com\\\/zucker\\\/\"},{\"@type\":\"ListItem\",\"position\":3,\"name\":\"Dr. Coy\u2019s Zucker: intelligent genie\u00dfen\",\"item\":\"https:\\\/\\\/nuprevento.com\\\/zucker\\\/dr-coys-zucker\\\/\"},{\"@type\":\"ListItem\",\"position\":4,\"name\":\"Allulose\"}]},{\"@type\":\"WebSite\",\"@id\":\"https:\\\/\\\/nuprevento.com\\\/#website\",\"url\":\"https:\\\/\\\/nuprevento.com\\\/\",\"name\":\"NuPrevento\",\"description\":\"Targeted Nutrition - Eine neue Generation von Lebensmitteln\",\"publisher\":{\"@id\":\"https:\\\/\\\/nuprevento.com\\\/#organization\"},\"potentialAction\":[{\"@type\":\"SearchAction\",\"target\":{\"@type\":\"EntryPoint\",\"urlTemplate\":\"https:\\\/\\\/nuprevento.com\\\/?s={search_term_string}\"},\"query-input\":{\"@type\":\"PropertyValueSpecification\",\"valueRequired\":true,\"valueName\":\"search_term_string\"}}],\"inLanguage\":\"en-US\"},{\"@type\":\"Organization\",\"@id\":\"https:\\\/\\\/nuprevento.com\\\/#organization\",\"name\":\"NuPrevento\",\"url\":\"https:\\\/\\\/nuprevento.com\\\/\",\"logo\":{\"@type\":\"ImageObject\",\"inLanguage\":\"en-US\",\"@id\":\"https:\\\/\\\/nuprevento.com\\\/#\\\/schema\\\/logo\\\/image\\\/\",\"url\":\"https:\\\/\\\/nuprevento.com\\\/wp-content\\\/uploads\\\/2024\\\/01\\\/Logo_NuPrevento_2024.png\",\"contentUrl\":\"https:\\\/\\\/nuprevento.com\\\/wp-content\\\/uploads\\\/2024\\\/01\\\/Logo_NuPrevento_2024.png\",\"width\":250,\"height\":87,\"caption\":\"NuPrevento\"},\"image\":{\"@id\":\"https:\\\/\\\/nuprevento.com\\\/#\\\/schema\\\/logo\\\/image\\\/\"}}]}<\/script>\n<!-- \/ Yoast SEO plugin. -->","yoast_head_json":{"title":"Allulose - NuPrevento","description":"Galactose ist ein nat\u00fcrlicher Zucker aus der Milch, der dank seiner Insulin-unabh\u00e4ngigen Verwertung als ideale Energiequelle f\u00fcr das Gehirn gilt.","robots":{"index":"index","follow":"follow","max-snippet":"max-snippet:-1","max-image-preview":"max-image-preview:large","max-video-preview":"max-video-preview:-1"},"canonical":"https:\/\/nuprevento.com\/en\/zucker\/dr-coys-zucker\/allulose\/","og_locale":"en_US","og_type":"article","og_title":"Allulose - NuPrevento","og_description":"Galactose ist ein nat\u00fcrlicher Zucker aus der Milch, der dank seiner Insulin-unabh\u00e4ngigen Verwertung als ideale Energiequelle f\u00fcr das Gehirn gilt.","og_url":"https:\/\/nuprevento.com\/en\/zucker\/dr-coys-zucker\/allulose\/","og_site_name":"NuPrevento","article_modified_time":"2026-02-16T07:50:51+00:00","twitter_card":"summary_large_image","twitter_misc":{"Est. reading time":"3 minutes"},"schema":{"@context":"https:\/\/schema.org","@graph":[{"@type":"WebPage","@id":"https:\/\/nuprevento.com\/zucker\/dr-coys-zucker\/allulose\/","url":"https:\/\/nuprevento.com\/zucker\/dr-coys-zucker\/allulose\/","name":"Allulose - NuPrevento","isPartOf":{"@id":"https:\/\/nuprevento.com\/#website"},"datePublished":"2023-01-24T11:29:50+00:00","dateModified":"2026-02-16T07:50:51+00:00","description":"Galactose ist ein nat\u00fcrlicher Zucker aus der Milch, der dank seiner Insulin-unabh\u00e4ngigen Verwertung als ideale Energiequelle f\u00fcr das Gehirn gilt.","breadcrumb":{"@id":"https:\/\/nuprevento.com\/zucker\/dr-coys-zucker\/allulose\/#breadcrumb"},"inLanguage":"en-US","potentialAction":[{"@type":"ReadAction","target":["https:\/\/nuprevento.com\/zucker\/dr-coys-zucker\/allulose\/"]}]},{"@type":"BreadcrumbList","@id":"https:\/\/nuprevento.com\/zucker\/dr-coys-zucker\/allulose\/#breadcrumb","itemListElement":[{"@type":"ListItem","position":1,"name":"Startseite","item":"https:\/\/nuprevento.com\/"},{"@type":"ListItem","position":2,"name":"Zucker: Eine N\u00e4hrstoffgruppe mit vielen Gesichtern","item":"https:\/\/nuprevento.com\/zucker\/"},{"@type":"ListItem","position":3,"name":"Dr. Coy\u2019s Zucker: intelligent genie\u00dfen","item":"https:\/\/nuprevento.com\/zucker\/dr-coys-zucker\/"},{"@type":"ListItem","position":4,"name":"Allulose"}]},{"@type":"WebSite","@id":"https:\/\/nuprevento.com\/#website","url":"https:\/\/nuprevento.com\/","name":"NuPrevento","description":"Targeted Nutrition - A new generation of foods","publisher":{"@id":"https:\/\/nuprevento.com\/#organization"},"potentialAction":[{"@type":"SearchAction","target":{"@type":"EntryPoint","urlTemplate":"https:\/\/nuprevento.com\/?s={search_term_string}"},"query-input":{"@type":"PropertyValueSpecification","valueRequired":true,"valueName":"search_term_string"}}],"inLanguage":"en-US"},{"@type":"Organization","@id":"https:\/\/nuprevento.com\/#organization","name":"NuPrevento","url":"https:\/\/nuprevento.com\/","logo":{"@type":"ImageObject","inLanguage":"en-US","@id":"https:\/\/nuprevento.com\/#\/schema\/logo\/image\/","url":"https:\/\/nuprevento.com\/wp-content\/uploads\/2024\/01\/Logo_NuPrevento_2024.png","contentUrl":"https:\/\/nuprevento.com\/wp-content\/uploads\/2024\/01\/Logo_NuPrevento_2024.png","width":250,"height":87,"caption":"NuPrevento"},"image":{"@id":"https:\/\/nuprevento.com\/#\/schema\/logo\/image\/"}}]}},"_links":{"self":[{"href":"https:\/\/nuprevento.com\/en\/wp-json\/wp\/v2\/pages\/1191","targetHints":{"allow":["GET"]}}],"collection":[{"href":"https:\/\/nuprevento.com\/en\/wp-json\/wp\/v2\/pages"}],"about":[{"href":"https:\/\/nuprevento.com\/en\/wp-json\/wp\/v2\/types\/page"}],"author":[{"embeddable":true,"href":"https:\/\/nuprevento.com\/en\/wp-json\/wp\/v2\/users\/4"}],"replies":[{"embeddable":true,"href":"https:\/\/nuprevento.com\/en\/wp-json\/wp\/v2\/comments?post=1191"}],"version-history":[{"count":37,"href":"https:\/\/nuprevento.com\/en\/wp-json\/wp\/v2\/pages\/1191\/revisions"}],"predecessor-version":[{"id":3389,"href":"https:\/\/nuprevento.com\/en\/wp-json\/wp\/v2\/pages\/1191\/revisions\/3389"}],"up":[{"embeddable":true,"href":"https:\/\/nuprevento.com\/en\/wp-json\/wp\/v2\/pages\/22"}],"wp:attachment":[{"href":"https:\/\/nuprevento.com\/en\/wp-json\/wp\/v2\/media?parent=1191"}],"curies":[{"name":"wp","href":"https:\/\/api.w.org\/{rel}","templated":true}]}}