{"id":40,"date":"2016-07-12T12:38:39","date_gmt":"2016-07-12T10:38:39","guid":{"rendered":"http:\/\/s272970414.online.de\/wordpress\/intelligent-sugar\/?page_id=40"},"modified":"2026-02-16T08:57:54","modified_gmt":"2026-02-16T07:57:54","slug":"ribose","status":"publish","type":"page","link":"https:\/\/nuprevento.com\/en\/zucker\/dr-coys-zucker\/ribose\/","title":{"rendered":"Ribose"},"content":{"rendered":"<div data-elementor-type=\"wp-page\" data-elementor-id=\"40\" class=\"elementor elementor-40\" data-elementor-post-type=\"page\">\n\t\t\t\t<div class=\"elementor-element elementor-element-49db31f5 e-flex e-con-boxed e-con e-parent\" data-id=\"49db31f5\" data-element_type=\"container\">\n\t\t\t\t\t<div class=\"e-con-inner\">\n\t\t\t\t<div class=\"elementor-element elementor-element-7d38f04 elementor-widget elementor-widget-heading\" data-id=\"7d38f04\" data-element_type=\"widget\" data-widget_type=\"heading.default\">\n\t\t\t\t<div class=\"elementor-widget-container\">\n\t\t\t\t\t<h1 class=\"elementor-heading-title elementor-size-default\">Ribose<\/h1>\t\t\t\t<\/div>\n\t\t\t\t<\/div>\n\t\t<div class=\"elementor-element elementor-element-630ae3a e-con-full e-flex e-con e-child\" data-id=\"630ae3a\" data-element_type=\"container\">\n\t\t\t\t<div class=\"elementor-element elementor-element-375c354b elementor-widget elementor-widget-text-editor\" data-id=\"375c354b\" data-element_type=\"widget\" data-widget_type=\"text-editor.default\">\n\t\t\t\t<div class=\"elementor-widget-container\">\n\t\t\t\t\t\t\t\t\t<h2><img fetchpriority=\"high\" decoding=\"async\" class=\"wp-image-239 alignleft\" src=\"\/wp-content\/uploads\/2018\/06\/Bild2-280x300.jpg\" alt=\"Bild2\" width=\"250\" height=\"250\" \/>Ribose - natural sugar building block with a central function<\/h2><p data-start=\"208\" data-end=\"531\">Ribose is a natural monosaccharide that occurs in every cell in our body. It is an elementary component of various biological molecules - including genetic material (RNA, DNA) and energy-providing compounds such as ATP. Without ribose, many cellular and metabolic functions would not be possible.<\/p><h2 data-start=\"533\" data-end=\"833\">Is ribose natural?<\/h2><p data-start=\"533\" data-end=\"833\">Yes, ribose is found in all living cells - in plants and animals as well as in microorganisms. It is also found naturally in foods such as meat, mushrooms and yeast. Industrially, ribose is usually obtained from glucose by fermentation.<\/p><h2 data-start=\"835\" data-end=\"1129\">\u00a0<\/h2><h2 data-start=\"835\" data-end=\"1129\">What role does ribose play in the body?<\/h2><p data-start=\"835\" data-end=\"1129\">Ribose is a component of important cellular compounds, such as nucleic acids or the energy carriers ATP, NADH and FAD. These molecules are involved in almost all vital processes - from energy supply to cell communication.<\/p><h2 data-start=\"1131\" data-end=\"1630\">How does ribose affect blood sugar levels?<\/h2><p data-start=\"1131\" data-end=\"1630\">Ribose differs significantly from glucose in its effect: studies show that it can lead to a dose-dependent drop in blood sugar levels. The observed effect is attributed to an increased release of insulin and the conversion of ribose into other sugar components in the body. Ribose should therefore not be taken in large quantities at once. The glycemic index of ribose is virtually zero.<\/p><h2 data-start=\"1632\" data-end=\"2054\">Is ribose suitable for diabetics?<\/h2><p data-start=\"1632\" data-end=\"2054\">Ribose is metabolized differently by the body than conventional sugar. People with diabetes should seek individual medical advice on its use and closely monitor their blood sugar levels - especially if they have insulin-dependent diabetes. In combination with trehalose, which provides glucose slowly, a more even sugar metabolism can be supported.<\/p><h2 data-start=\"2056\" data-end=\"2256\">How many calories does ribose provide?<\/h2><p data-start=\"2056\" data-end=\"2256\">Like other simple sugars, ribose provides around 4 kcal per gram. However, due to its specific utilization, only part of this is used for energy production.<\/p><h2 data-start=\"2258\" data-end=\"2512\">What does ribose taste like?<\/h2><p data-start=\"2258\" data-end=\"2512\">Ribose has only a low sweetening power (about 30 % compared to sucrose) and has a slightly bitter aftertaste. It is therefore not suitable as a sweetener, but is used specifically to supply ribose.<\/p><h2 data-start=\"2514\" data-end=\"2800\">How is ribose used?<\/h2><p data-start=\"2514\" data-end=\"2800\">Ribose can be stirred into liquids or cold dishes in powder form. Typical amounts are around 2-5 g (equivalent to 0.5-1 teaspoon) per portion. Ribose can be used to supplement the diet before and after sporting activity.<\/p><h2 data-start=\"2802\" data-end=\"3070\">Is there any information on compatibility?<\/h2><p data-start=\"2802\" data-end=\"3070\">Ribose is well tolerated in normal quantities. Consuming more than 10 g per portion can have a slight laxative effect in sensitive people. It is therefore recommended that ribose is consumed in portions and not overdosed.<\/p><h2 data-start=\"3072\" data-end=\"3237\">Is ribose tooth-friendly?<\/h2><p data-start=\"3072\" data-end=\"3237\">Studies indicate that ribose does not contribute to the formation of tooth-damaging acids. It is therefore considered to be tooth-friendly.<\/p><h2 data-start=\"3239\" data-end=\"3468\">Is ribose suitable for people with food intolerances?<\/h2><p data-start=\"3239\" data-end=\"3468\">Ribose is free from lactose, fructose and gluten and can therefore also be taken by people with lactose intolerance, fructose intolerance or coeliac disease.<\/p><h2 data-start=\"3470\" data-end=\"3728\">What does \"D-Ribose\" mean?<\/h2><p data-start=\"3470\" data-end=\"3728\">The \"D\" stands for the naturally occurring form of ribose as used in biological systems. It differs from the chemically mirror-image \"L\" form in the orientation of the molecular groups in space.<\/p><h2 data-start=\"3730\" data-end=\"4092\">Who is ribose less suitable for?<\/h2><p data-start=\"3730\" data-end=\"4092\">People with strongly fluctuating blood sugar levels or disorders of the sugar metabolism should consult a doctor before taking ribose. An individual tolerance test - e.g. by measuring blood sugar levels - is recommended. Large quantities at once should always be avoided.<\/p>\t\t\t\t\t\t\t\t<\/div>\n\t\t\t\t<\/div>\n\t\t\t\t<\/div>\n\t\t\t\t\t<\/div>\n\t\t\t\t<\/div>\n\t\t\t\t<\/div>","protected":false},"excerpt":{"rendered":"<p>Ribose &#8211; nat\u00fcrlicher Zuckerbaustein mit zentraler Funktion Ribose ist ein nat\u00fcrlicher Einfachzucker (Monosaccharid), der in jeder Zelle unseres K\u00f6rpers vorkommt. Sie ist ein elementarer Bestandteil verschiedener biologischer Molek\u00fcle \u2013 darunter Erbmaterial (RNA, DNA) und energieliefernde Verbindungen wie ATP. Ohne Ribose w\u00e4ren viele Zell- und Stoffwechselfunktionen nicht m\u00f6glich. Ist Ribose nat\u00fcrlich? Ja, Ribose ist in allen [&hellip;]<\/p>","protected":false},"author":1,"featured_media":0,"parent":22,"menu_order":6,"comment_status":"closed","ping_status":"closed","template":"","meta":{"footnotes":""},"class_list":["post-40","page","type-page","status-publish","hentry"],"yoast_head":"<!-- This site is optimized with the Yoast SEO plugin v27.4 - https:\/\/yoast.com\/product\/yoast-seo-wordpress\/ -->\n<title>Ribose - NuPrevento<\/title>\n<meta name=\"description\" content=\"Ribose tr\u00e4gt als Baustein von Energietr\u00e4gern wie ATP zur raschen Regeneration der muskul\u00e4ren Leistungsf\u00e4higkeit nach und w\u00e4hrend dem Sport bei.\" \/>\n<meta name=\"robots\" content=\"index, follow, max-snippet:-1, max-image-preview:large, max-video-preview:-1\" \/>\n<link rel=\"canonical\" href=\"https:\/\/nuprevento.com\/en\/zucker\/dr-coys-zucker\/ribose\/\" \/>\n<meta property=\"og:locale\" content=\"en_US\" \/>\n<meta property=\"og:type\" content=\"article\" \/>\n<meta property=\"og:title\" content=\"Ribose - NuPrevento\" \/>\n<meta property=\"og:description\" content=\"Ribose tr\u00e4gt als Baustein von Energietr\u00e4gern wie ATP zur raschen Regeneration der muskul\u00e4ren Leistungsf\u00e4higkeit nach und w\u00e4hrend dem Sport bei.\" \/>\n<meta property=\"og:url\" content=\"https:\/\/nuprevento.com\/en\/zucker\/dr-coys-zucker\/ribose\/\" \/>\n<meta property=\"og:site_name\" content=\"NuPrevento\" \/>\n<meta property=\"article:modified_time\" content=\"2026-02-16T07:57:54+00:00\" \/>\n<meta name=\"twitter:card\" content=\"summary_large_image\" \/>\n<meta name=\"twitter:label1\" content=\"Est. reading time\" \/>\n\t<meta name=\"twitter:data1\" content=\"3 minutes\" \/>\n<script type=\"application\/ld+json\" class=\"yoast-schema-graph\">{\"@context\":\"https:\\\/\\\/schema.org\",\"@graph\":[{\"@type\":\"WebPage\",\"@id\":\"https:\\\/\\\/nuprevento.com\\\/zucker\\\/dr-coys-zucker\\\/ribose\\\/\",\"url\":\"https:\\\/\\\/nuprevento.com\\\/zucker\\\/dr-coys-zucker\\\/ribose\\\/\",\"name\":\"Ribose - NuPrevento\",\"isPartOf\":{\"@id\":\"https:\\\/\\\/nuprevento.com\\\/#website\"},\"datePublished\":\"2016-07-12T10:38:39+00:00\",\"dateModified\":\"2026-02-16T07:57:54+00:00\",\"description\":\"Ribose tr\u00e4gt als Baustein von Energietr\u00e4gern wie ATP zur raschen Regeneration der muskul\u00e4ren Leistungsf\u00e4higkeit nach und w\u00e4hrend dem Sport bei.\",\"breadcrumb\":{\"@id\":\"https:\\\/\\\/nuprevento.com\\\/zucker\\\/dr-coys-zucker\\\/ribose\\\/#breadcrumb\"},\"inLanguage\":\"en-US\",\"potentialAction\":[{\"@type\":\"ReadAction\",\"target\":[\"https:\\\/\\\/nuprevento.com\\\/zucker\\\/dr-coys-zucker\\\/ribose\\\/\"]}]},{\"@type\":\"BreadcrumbList\",\"@id\":\"https:\\\/\\\/nuprevento.com\\\/zucker\\\/dr-coys-zucker\\\/ribose\\\/#breadcrumb\",\"itemListElement\":[{\"@type\":\"ListItem\",\"position\":1,\"name\":\"Startseite\",\"item\":\"https:\\\/\\\/nuprevento.com\\\/\"},{\"@type\":\"ListItem\",\"position\":2,\"name\":\"Zucker: Eine N\u00e4hrstoffgruppe mit vielen Gesichtern\",\"item\":\"https:\\\/\\\/nuprevento.com\\\/zucker\\\/\"},{\"@type\":\"ListItem\",\"position\":3,\"name\":\"Dr. Coy\u2019s Zucker: intelligent genie\u00dfen\",\"item\":\"https:\\\/\\\/nuprevento.com\\\/zucker\\\/dr-coys-zucker\\\/\"},{\"@type\":\"ListItem\",\"position\":4,\"name\":\"Ribose\"}]},{\"@type\":\"WebSite\",\"@id\":\"https:\\\/\\\/nuprevento.com\\\/#website\",\"url\":\"https:\\\/\\\/nuprevento.com\\\/\",\"name\":\"NuPrevento\",\"description\":\"Targeted Nutrition - Eine neue Generation von Lebensmitteln\",\"publisher\":{\"@id\":\"https:\\\/\\\/nuprevento.com\\\/#organization\"},\"potentialAction\":[{\"@type\":\"SearchAction\",\"target\":{\"@type\":\"EntryPoint\",\"urlTemplate\":\"https:\\\/\\\/nuprevento.com\\\/?s={search_term_string}\"},\"query-input\":{\"@type\":\"PropertyValueSpecification\",\"valueRequired\":true,\"valueName\":\"search_term_string\"}}],\"inLanguage\":\"en-US\"},{\"@type\":\"Organization\",\"@id\":\"https:\\\/\\\/nuprevento.com\\\/#organization\",\"name\":\"NuPrevento\",\"url\":\"https:\\\/\\\/nuprevento.com\\\/\",\"logo\":{\"@type\":\"ImageObject\",\"inLanguage\":\"en-US\",\"@id\":\"https:\\\/\\\/nuprevento.com\\\/#\\\/schema\\\/logo\\\/image\\\/\",\"url\":\"https:\\\/\\\/nuprevento.com\\\/wp-content\\\/uploads\\\/2024\\\/01\\\/Logo_NuPrevento_2024.png\",\"contentUrl\":\"https:\\\/\\\/nuprevento.com\\\/wp-content\\\/uploads\\\/2024\\\/01\\\/Logo_NuPrevento_2024.png\",\"width\":250,\"height\":87,\"caption\":\"NuPrevento\"},\"image\":{\"@id\":\"https:\\\/\\\/nuprevento.com\\\/#\\\/schema\\\/logo\\\/image\\\/\"}}]}<\/script>\n<!-- \/ Yoast SEO plugin. -->","yoast_head_json":{"title":"Ribose - NuPrevento","description":"Ribose tr\u00e4gt als Baustein von Energietr\u00e4gern wie ATP zur raschen Regeneration der muskul\u00e4ren Leistungsf\u00e4higkeit nach und w\u00e4hrend dem Sport bei.","robots":{"index":"index","follow":"follow","max-snippet":"max-snippet:-1","max-image-preview":"max-image-preview:large","max-video-preview":"max-video-preview:-1"},"canonical":"https:\/\/nuprevento.com\/en\/zucker\/dr-coys-zucker\/ribose\/","og_locale":"en_US","og_type":"article","og_title":"Ribose - NuPrevento","og_description":"Ribose tr\u00e4gt als Baustein von Energietr\u00e4gern wie ATP zur raschen Regeneration der muskul\u00e4ren Leistungsf\u00e4higkeit nach und w\u00e4hrend dem Sport bei.","og_url":"https:\/\/nuprevento.com\/en\/zucker\/dr-coys-zucker\/ribose\/","og_site_name":"NuPrevento","article_modified_time":"2026-02-16T07:57:54+00:00","twitter_card":"summary_large_image","twitter_misc":{"Est. reading time":"3 minutes"},"schema":{"@context":"https:\/\/schema.org","@graph":[{"@type":"WebPage","@id":"https:\/\/nuprevento.com\/zucker\/dr-coys-zucker\/ribose\/","url":"https:\/\/nuprevento.com\/zucker\/dr-coys-zucker\/ribose\/","name":"Ribose - NuPrevento","isPartOf":{"@id":"https:\/\/nuprevento.com\/#website"},"datePublished":"2016-07-12T10:38:39+00:00","dateModified":"2026-02-16T07:57:54+00:00","description":"Ribose tr\u00e4gt als Baustein von Energietr\u00e4gern wie ATP zur raschen Regeneration der muskul\u00e4ren Leistungsf\u00e4higkeit nach und w\u00e4hrend dem Sport bei.","breadcrumb":{"@id":"https:\/\/nuprevento.com\/zucker\/dr-coys-zucker\/ribose\/#breadcrumb"},"inLanguage":"en-US","potentialAction":[{"@type":"ReadAction","target":["https:\/\/nuprevento.com\/zucker\/dr-coys-zucker\/ribose\/"]}]},{"@type":"BreadcrumbList","@id":"https:\/\/nuprevento.com\/zucker\/dr-coys-zucker\/ribose\/#breadcrumb","itemListElement":[{"@type":"ListItem","position":1,"name":"Startseite","item":"https:\/\/nuprevento.com\/"},{"@type":"ListItem","position":2,"name":"Zucker: Eine N\u00e4hrstoffgruppe mit vielen Gesichtern","item":"https:\/\/nuprevento.com\/zucker\/"},{"@type":"ListItem","position":3,"name":"Dr. Coy\u2019s Zucker: intelligent genie\u00dfen","item":"https:\/\/nuprevento.com\/zucker\/dr-coys-zucker\/"},{"@type":"ListItem","position":4,"name":"Ribose"}]},{"@type":"WebSite","@id":"https:\/\/nuprevento.com\/#website","url":"https:\/\/nuprevento.com\/","name":"NuPrevento","description":"Targeted Nutrition - A new generation of foods","publisher":{"@id":"https:\/\/nuprevento.com\/#organization"},"potentialAction":[{"@type":"SearchAction","target":{"@type":"EntryPoint","urlTemplate":"https:\/\/nuprevento.com\/?s={search_term_string}"},"query-input":{"@type":"PropertyValueSpecification","valueRequired":true,"valueName":"search_term_string"}}],"inLanguage":"en-US"},{"@type":"Organization","@id":"https:\/\/nuprevento.com\/#organization","name":"NuPrevento","url":"https:\/\/nuprevento.com\/","logo":{"@type":"ImageObject","inLanguage":"en-US","@id":"https:\/\/nuprevento.com\/#\/schema\/logo\/image\/","url":"https:\/\/nuprevento.com\/wp-content\/uploads\/2024\/01\/Logo_NuPrevento_2024.png","contentUrl":"https:\/\/nuprevento.com\/wp-content\/uploads\/2024\/01\/Logo_NuPrevento_2024.png","width":250,"height":87,"caption":"NuPrevento"},"image":{"@id":"https:\/\/nuprevento.com\/#\/schema\/logo\/image\/"}}]}},"_links":{"self":[{"href":"https:\/\/nuprevento.com\/en\/wp-json\/wp\/v2\/pages\/40","targetHints":{"allow":["GET"]}}],"collection":[{"href":"https:\/\/nuprevento.com\/en\/wp-json\/wp\/v2\/pages"}],"about":[{"href":"https:\/\/nuprevento.com\/en\/wp-json\/wp\/v2\/types\/page"}],"author":[{"embeddable":true,"href":"https:\/\/nuprevento.com\/en\/wp-json\/wp\/v2\/users\/1"}],"replies":[{"embeddable":true,"href":"https:\/\/nuprevento.com\/en\/wp-json\/wp\/v2\/comments?post=40"}],"version-history":[{"count":17,"href":"https:\/\/nuprevento.com\/en\/wp-json\/wp\/v2\/pages\/40\/revisions"}],"predecessor-version":[{"id":3401,"href":"https:\/\/nuprevento.com\/en\/wp-json\/wp\/v2\/pages\/40\/revisions\/3401"}],"up":[{"embeddable":true,"href":"https:\/\/nuprevento.com\/en\/wp-json\/wp\/v2\/pages\/22"}],"wp:attachment":[{"href":"https:\/\/nuprevento.com\/en\/wp-json\/wp\/v2\/media?parent=40"}],"curies":[{"name":"wp","href":"https:\/\/api.w.org\/{rel}","templated":true}]}}