{"id":132,"date":"2016-07-27T13:24:58","date_gmt":"2016-07-27T11:24:58","guid":{"rendered":"http:\/\/s272970414.online.de\/wordpress\/intelligent-sugar\/?page_id=132"},"modified":"2026-02-16T09:49:27","modified_gmt":"2026-02-16T08:49:27","slug":"stoffwechselstoerungen","status":"publish","type":"page","link":"https:\/\/nuprevento.com\/es\/gesundheit\/stoffwechselstoerungen\/","title":{"rendered":"Trastornos metab\u00f3licos"},"content":{"rendered":"<div data-elementor-type=\"wp-page\" data-elementor-id=\"132\" class=\"elementor elementor-132\" data-elementor-post-type=\"page\">\n\t\t\t\t<div class=\"elementor-element elementor-element-6a8c7b1c e-flex e-con-boxed e-con e-parent\" data-id=\"6a8c7b1c\" data-element_type=\"container\">\n\t\t\t\t\t<div class=\"e-con-inner\">\n\t\t\t\t<div class=\"elementor-element elementor-element-79f1b3c5 elementor-widget elementor-widget-text-editor\" data-id=\"79f1b3c5\" data-element_type=\"widget\" data-widget_type=\"text-editor.default\">\n\t\t\t\t<div class=\"elementor-widget-container\">\n\t\t\t\t\t\t\t\t\t<table class=\"menue\"><tbody><tr><td class=\"menue\"><a href=\"\/es\/gesundheit\/stoffwechselstoerungen\/cholesterin-und-fettstoffwechselstoerungen\/\">Colesterol y trastornos lipometab\u00f3licos<\/a><\/td><\/tr><tr><td class=\"menue\"><a href=\"\/es\/gesundheit\/stoffwechselstoerungen\/hyperurikaemie-und-gicht\/\">Hiperuricemia y gota<\/a><\/td><\/tr><\/tbody><\/table><div id=\"floatlink\">\u00a0<\/div>\t\t\t\t\t\t\t\t<\/div>\n\t\t\t\t<\/div>\n\t\t\t\t\t<\/div>\n\t\t\t\t<\/div>\n\t\t\t\t<\/div>","protected":false},"excerpt":{"rendered":"<p>Cholesterin- und Fettstoffwechselst\u00f6rungen Hyperurik\u00e4mie und Gicht \u00a0<\/p>","protected":false},"author":1,"featured_media":0,"parent":107,"menu_order":2,"comment_status":"closed","ping_status":"closed","template":"","meta":{"footnotes":""},"class_list":["post-132","page","type-page","status-publish","hentry"],"yoast_head":"<!-- This site is optimized with the Yoast SEO plugin v27.4 - https:\/\/yoast.com\/product\/yoast-seo-wordpress\/ -->\n<title>Stoffwechselst\u00f6rungen - NuPrevento<\/title>\n<meta name=\"robots\" content=\"index, follow, max-snippet:-1, max-image-preview:large, max-video-preview:-1\" \/>\n<link rel=\"canonical\" href=\"https:\/\/nuprevento.com\/es\/gesundheit\/stoffwechselstoerungen\/\" \/>\n<meta property=\"og:locale\" content=\"es_ES\" \/>\n<meta property=\"og:type\" content=\"article\" \/>\n<meta property=\"og:title\" content=\"Stoffwechselst\u00f6rungen - NuPrevento\" \/>\n<meta property=\"og:description\" content=\"Cholesterin- und Fettstoffwechselst\u00f6rungen Hyperurik\u00e4mie und Gicht \u00a0\" \/>\n<meta property=\"og:url\" content=\"https:\/\/nuprevento.com\/es\/gesundheit\/stoffwechselstoerungen\/\" \/>\n<meta property=\"og:site_name\" content=\"NuPrevento\" \/>\n<meta property=\"article:modified_time\" content=\"2026-02-16T08:49:27+00:00\" \/>\n<meta name=\"twitter:card\" content=\"summary_large_image\" \/>\n<meta name=\"twitter:label1\" content=\"Tiempo de lectura\" \/>\n\t<meta name=\"twitter:data1\" content=\"1 minuto\" \/>\n<script type=\"application\/ld+json\" class=\"yoast-schema-graph\">{\"@context\":\"https:\\\/\\\/schema.org\",\"@graph\":[{\"@type\":\"WebPage\",\"@id\":\"https:\\\/\\\/nuprevento.com\\\/gesundheit\\\/stoffwechselstoerungen\\\/\",\"url\":\"https:\\\/\\\/nuprevento.com\\\/gesundheit\\\/stoffwechselstoerungen\\\/\",\"name\":\"Stoffwechselst\u00f6rungen - NuPrevento\",\"isPartOf\":{\"@id\":\"https:\\\/\\\/nuprevento.com\\\/#website\"},\"datePublished\":\"2016-07-27T11:24:58+00:00\",\"dateModified\":\"2026-02-16T08:49:27+00:00\",\"breadcrumb\":{\"@id\":\"https:\\\/\\\/nuprevento.com\\\/gesundheit\\\/stoffwechselstoerungen\\\/#breadcrumb\"},\"inLanguage\":\"es\",\"potentialAction\":[{\"@type\":\"ReadAction\",\"target\":[\"https:\\\/\\\/nuprevento.com\\\/gesundheit\\\/stoffwechselstoerungen\\\/\"]}]},{\"@type\":\"BreadcrumbList\",\"@id\":\"https:\\\/\\\/nuprevento.com\\\/gesundheit\\\/stoffwechselstoerungen\\\/#breadcrumb\",\"itemListElement\":[{\"@type\":\"ListItem\",\"position\":1,\"name\":\"Startseite\",\"item\":\"https:\\\/\\\/nuprevento.com\\\/\"},{\"@type\":\"ListItem\",\"position\":2,\"name\":\"Gesundheit\",\"item\":\"https:\\\/\\\/nuprevento.com\\\/gesundheit\\\/\"},{\"@type\":\"ListItem\",\"position\":3,\"name\":\"Stoffwechselst\u00f6rungen\"}]},{\"@type\":\"WebSite\",\"@id\":\"https:\\\/\\\/nuprevento.com\\\/#website\",\"url\":\"https:\\\/\\\/nuprevento.com\\\/\",\"name\":\"NuPrevento\",\"description\":\"Targeted Nutrition - Eine neue Generation von Lebensmitteln\",\"publisher\":{\"@id\":\"https:\\\/\\\/nuprevento.com\\\/#organization\"},\"potentialAction\":[{\"@type\":\"SearchAction\",\"target\":{\"@type\":\"EntryPoint\",\"urlTemplate\":\"https:\\\/\\\/nuprevento.com\\\/?s={search_term_string}\"},\"query-input\":{\"@type\":\"PropertyValueSpecification\",\"valueRequired\":true,\"valueName\":\"search_term_string\"}}],\"inLanguage\":\"es\"},{\"@type\":\"Organization\",\"@id\":\"https:\\\/\\\/nuprevento.com\\\/#organization\",\"name\":\"NuPrevento\",\"url\":\"https:\\\/\\\/nuprevento.com\\\/\",\"logo\":{\"@type\":\"ImageObject\",\"inLanguage\":\"es\",\"@id\":\"https:\\\/\\\/nuprevento.com\\\/#\\\/schema\\\/logo\\\/image\\\/\",\"url\":\"https:\\\/\\\/nuprevento.com\\\/wp-content\\\/uploads\\\/2024\\\/01\\\/Logo_NuPrevento_2024.png\",\"contentUrl\":\"https:\\\/\\\/nuprevento.com\\\/wp-content\\\/uploads\\\/2024\\\/01\\\/Logo_NuPrevento_2024.png\",\"width\":250,\"height\":87,\"caption\":\"NuPrevento\"},\"image\":{\"@id\":\"https:\\\/\\\/nuprevento.com\\\/#\\\/schema\\\/logo\\\/image\\\/\"}}]}<\/script>\n<!-- \/ Yoast SEO plugin. -->","yoast_head_json":{"title":"Stoffwechselst\u00f6rungen - NuPrevento","robots":{"index":"index","follow":"follow","max-snippet":"max-snippet:-1","max-image-preview":"max-image-preview:large","max-video-preview":"max-video-preview:-1"},"canonical":"https:\/\/nuprevento.com\/es\/gesundheit\/stoffwechselstoerungen\/","og_locale":"es_ES","og_type":"article","og_title":"Stoffwechselst\u00f6rungen - NuPrevento","og_description":"Cholesterin- und Fettstoffwechselst\u00f6rungen Hyperurik\u00e4mie und Gicht \u00a0","og_url":"https:\/\/nuprevento.com\/es\/gesundheit\/stoffwechselstoerungen\/","og_site_name":"NuPrevento","article_modified_time":"2026-02-16T08:49:27+00:00","twitter_card":"summary_large_image","twitter_misc":{"Tiempo de lectura":"1 minuto"},"schema":{"@context":"https:\/\/schema.org","@graph":[{"@type":"WebPage","@id":"https:\/\/nuprevento.com\/gesundheit\/stoffwechselstoerungen\/","url":"https:\/\/nuprevento.com\/gesundheit\/stoffwechselstoerungen\/","name":"Stoffwechselst\u00f6rungen - NuPrevento","isPartOf":{"@id":"https:\/\/nuprevento.com\/#website"},"datePublished":"2016-07-27T11:24:58+00:00","dateModified":"2026-02-16T08:49:27+00:00","breadcrumb":{"@id":"https:\/\/nuprevento.com\/gesundheit\/stoffwechselstoerungen\/#breadcrumb"},"inLanguage":"es","potentialAction":[{"@type":"ReadAction","target":["https:\/\/nuprevento.com\/gesundheit\/stoffwechselstoerungen\/"]}]},{"@type":"BreadcrumbList","@id":"https:\/\/nuprevento.com\/gesundheit\/stoffwechselstoerungen\/#breadcrumb","itemListElement":[{"@type":"ListItem","position":1,"name":"Startseite","item":"https:\/\/nuprevento.com\/"},{"@type":"ListItem","position":2,"name":"Gesundheit","item":"https:\/\/nuprevento.com\/gesundheit\/"},{"@type":"ListItem","position":3,"name":"Stoffwechselst\u00f6rungen"}]},{"@type":"WebSite","@id":"https:\/\/nuprevento.com\/#website","url":"https:\/\/nuprevento.com\/","name":"NuPrevento","description":"Nutrici\u00f3n selectiva - Una nueva generaci\u00f3n de alimentos","publisher":{"@id":"https:\/\/nuprevento.com\/#organization"},"potentialAction":[{"@type":"SearchAction","target":{"@type":"EntryPoint","urlTemplate":"https:\/\/nuprevento.com\/?s={search_term_string}"},"query-input":{"@type":"PropertyValueSpecification","valueRequired":true,"valueName":"search_term_string"}}],"inLanguage":"es"},{"@type":"Organization","@id":"https:\/\/nuprevento.com\/#organization","name":"NuPrevento","url":"https:\/\/nuprevento.com\/","logo":{"@type":"ImageObject","inLanguage":"es","@id":"https:\/\/nuprevento.com\/#\/schema\/logo\/image\/","url":"https:\/\/nuprevento.com\/wp-content\/uploads\/2024\/01\/Logo_NuPrevento_2024.png","contentUrl":"https:\/\/nuprevento.com\/wp-content\/uploads\/2024\/01\/Logo_NuPrevento_2024.png","width":250,"height":87,"caption":"NuPrevento"},"image":{"@id":"https:\/\/nuprevento.com\/#\/schema\/logo\/image\/"}}]}},"_links":{"self":[{"href":"https:\/\/nuprevento.com\/es\/wp-json\/wp\/v2\/pages\/132","targetHints":{"allow":["GET"]}}],"collection":[{"href":"https:\/\/nuprevento.com\/es\/wp-json\/wp\/v2\/pages"}],"about":[{"href":"https:\/\/nuprevento.com\/es\/wp-json\/wp\/v2\/types\/page"}],"author":[{"embeddable":true,"href":"https:\/\/nuprevento.com\/es\/wp-json\/wp\/v2\/users\/1"}],"replies":[{"embeddable":true,"href":"https:\/\/nuprevento.com\/es\/wp-json\/wp\/v2\/comments?post=132"}],"version-history":[{"count":7,"href":"https:\/\/nuprevento.com\/es\/wp-json\/wp\/v2\/pages\/132\/revisions"}],"predecessor-version":[{"id":3458,"href":"https:\/\/nuprevento.com\/es\/wp-json\/wp\/v2\/pages\/132\/revisions\/3458"}],"up":[{"embeddable":true,"href":"https:\/\/nuprevento.com\/es\/wp-json\/wp\/v2\/pages\/107"}],"wp:attachment":[{"href":"https:\/\/nuprevento.com\/es\/wp-json\/wp\/v2\/media?parent=132"}],"curies":[{"name":"wp","href":"https:\/\/api.w.org\/{rel}","templated":true}]}}