{"id":136,"date":"2016-07-27T13:28:53","date_gmt":"2016-07-27T11:28:53","guid":{"rendered":"http:\/\/s272970414.online.de\/wordpress\/intelligent-sugar\/?page_id=136"},"modified":"2026-02-16T09:36:29","modified_gmt":"2026-02-16T08:36:29","slug":"hyperurikaemie-und-gicht","status":"publish","type":"page","link":"https:\/\/nuprevento.com\/es\/gesundheit\/stoffwechselstoerungen\/hyperurikaemie-und-gicht\/","title":{"rendered":"Hiperuricemia y gota"},"content":{"rendered":"<div data-elementor-type=\"wp-page\" data-elementor-id=\"136\" class=\"elementor elementor-136\" data-elementor-post-type=\"page\">\n\t\t\t\t<div class=\"elementor-element elementor-element-7df6b48c e-flex e-con-boxed e-con e-parent\" data-id=\"7df6b48c\" data-element_type=\"container\">\n\t\t\t\t\t<div class=\"e-con-inner\">\n\t\t\t\t<div class=\"elementor-element elementor-element-32ac3b5 elementor-widget elementor-widget-heading\" data-id=\"32ac3b5\" data-element_type=\"widget\" data-widget_type=\"heading.default\">\n\t\t\t\t<div class=\"elementor-widget-container\">\n\t\t\t\t\t<h1 class=\"elementor-heading-title elementor-size-default\">Hiperuricemia y gota<\/h1>\t\t\t\t<\/div>\n\t\t\t\t<\/div>\n\t\t<div class=\"elementor-element elementor-element-ce77e16 e-con-full e-flex e-con e-child\" data-id=\"ce77e16\" data-element_type=\"container\">\n\t\t\t\t<div class=\"elementor-element elementor-element-9b1152f elementor-widget elementor-widget-text-editor\" data-id=\"9b1152f\" data-element_type=\"widget\" data-widget_type=\"text-editor.default\">\n\t\t\t\t<div class=\"elementor-widget-container\">\n\t\t\t\t\t\t\t\t\t<h2 data-start=\"133\" data-end=\"533\">El \u00e1cido \u00farico y su formaci\u00f3n - explicado de forma sencilla<\/h2><p data-start=\"133\" data-end=\"533\">Niveles elevados de \u00e1cido \u00farico, incluyendo <strong data-start=\"216\" data-end=\"233\">Hiperuricemia<\/strong> pueden estar determinadas gen\u00e9ticamente, pero tambi\u00e9n influye el estilo de vida del individuo. Adem\u00e1s de los alimentos ricos en purinas, como la carne o los despojos, y el consumo de alcohol, tambi\u00e9n influyen <strong data-start=\"439\" data-end=\"485\">Hidratos de carbono con un \u00edndice gluc\u00e9mico elevado<\/strong> y <strong data-start=\"492\" data-end=\"519\">Az\u00facar de frutas (fructosa)<\/strong> un papel.<\/p><p data-start=\"535\" data-end=\"1067\">El \u00e1cido \u00farico se produce en el organismo durante la descomposici\u00f3n de <strong data-start=\"579\" data-end=\"590\">Purinas<\/strong>. Proceden directamente de los alimentos o se producen durante la descomposici\u00f3n de los llamados nucle\u00f3tidos de purina. Las purinas m\u00e1s importantes son <strong data-start=\"727\" data-end=\"737\">Adenina<\/strong> y <strong data-start=\"742\" data-end=\"752\">Guanina<\/strong>que son componentes esenciales del ADN e importantes fuentes de energ\u00eda como <strong data-start=\"823\" data-end=\"830\">ATP<\/strong> (trifosfato de adenosina) y <strong data-start=\"857\" data-end=\"864\">GTP<\/strong> (trifosfato de guanosina). Por lo tanto, una mayor acumulaci\u00f3n de purinas puede deberse tanto a la dieta como a los propios procesos del organismo, como la <strong data-start=\"1010\" data-end=\"1023\">Degradaci\u00f3n celular<\/strong> o una alta rotaci\u00f3n de energ\u00eda.<\/p><h2 data-start=\"160\" data-end=\"643\">Az\u00facar y \u00e1cido \u00farico: \u00bfcu\u00e1l es la relaci\u00f3n?<\/h2><p data-start=\"160\" data-end=\"643\">Los niveles elevados de \u00e1cido \u00farico no s\u00f3lo est\u00e1n causados por alimentos ricos en purinas como la carne y el pescado o el alcohol, sino tambi\u00e9n por <strong data-start=\"353\" data-end=\"381\">Dieta rica en fructosa<\/strong>. Mientras que la fruta, la verdura y la miel sol\u00edan aportar s\u00f3lo peque\u00f1as cantidades de fructosa, la ingesta de productos modernos como la <strong data-start=\"512\" data-end=\"621\">Zumos de fruta, batidos, refrescos, dulces, salsas preparadas o alimentos con jarabe de glucosa-fructosa<\/strong> aument\u00f3 significativamente.<\/p><p data-start=\"645\" data-end=\"1129\">A diferencia de la glucosa, que se distribuye a diversos tejidos corporales tras su absorci\u00f3n desde el intestino <strong data-start=\"754\" data-end=\"800\">La fructosa se descompone principalmente en el h\u00edgado<\/strong>. Esto consume energ\u00eda y produce purinas, que a su vez se convierten en \u00e1cido \u00farico. Incluso cantidades comparativamente peque\u00f1as de fructosa pueden estimular esta v\u00eda metab\u00f3lica. Debido a su menor peso corporal, los ni\u00f1os en particular alcanzan m\u00e1s r\u00e1pidamente niveles de ingesta que pueden influir en los niveles de \u00e1cido \u00farico.<\/p><p data-start=\"1131\" data-end=\"1460\">Otro aspecto: <strong data-start=\"1152\" data-end=\"1198\">Hidratos de carbono con un \u00edndice gluc\u00e9mico elevado<\/strong> promueven la liberaci\u00f3n de insulina, y la insulina est\u00e1 asociada a una menor excreci\u00f3n de \u00e1cido \u00farico a trav\u00e9s de los ri\u00f1ones. As\u00ed pues, tanto la fructosa como otras fuentes de az\u00facar f\u00e1cilmente disponibles pueden contribuir a aumentar los niveles de \u00e1cido \u00farico.<\/p><h2 data-start=\"171\" data-end=\"496\">Az\u00facares raros y funcionales y su papel en el \u00e1cido \u00farico y la fructosa<\/h2><p data-start=\"171\" data-end=\"496\">A diferencia de muchos az\u00facares convencionales, los az\u00facares raros y funcionales -con la excepci\u00f3n de la isomaltulosa- no contienen fructosa. En consecuencia, no contribuyen a una ingesta adicional de fructosa y s\u00f3lo tienen un efecto global moderado sobre los niveles de insulina.<\/p><p data-start=\"498\" data-end=\"718\"><strong data-start=\"400\" data-end=\"412\">Alulosa<\/strong> es uno de los escasos az\u00facares simples y tiene un poder edulcorante similar al del az\u00facar dom\u00e9stico, pero aporta mucha menos energ\u00eda. S\u00f3lo se metaboliza en peque\u00f1as cantidades y se excreta en gran medida, lo que lo convierte en una interesante alternativa de az\u00facar bajo en calor\u00edas.<\/p><p data-start=\"498\" data-end=\"718\"><strong data-start=\"498\" data-end=\"511\">Galactosa<\/strong> se absorbe lentamente, se convierte en glucosa en el h\u00edgado o se almacena en forma de gluc\u00f3geno. Se distribuye uniformemente por el organismo y no muestra ninguna relaci\u00f3n con un aumento de los niveles de \u00e1cido \u00farico.<\/p><p data-start=\"498\" data-end=\"718\"><strong data-start=\"700\" data-end=\"711\">Manosa<\/strong> es un monosac\u00e1rido natural que se encuentra principalmente en frutas como los ar\u00e1ndanos rojos y los ar\u00e1ndanos rojos. El organismo s\u00f3lo lo utiliza parcialmente, por lo que se utiliza cada vez m\u00e1s en complementos alimenticios y productos especiales debido a sus propiedades metab\u00f3licas especiales.<\/p><p data-start=\"720\" data-end=\"1023\"><strong data-start=\"720\" data-end=\"732\">Tagatosa *<\/strong> es similar a la fructosa en la forma en que se descompone, pero s\u00f3lo llega al h\u00edgado en cantidades mucho menores. Los estudios demuestran que la tagatosa no provoca ning\u00fan cambio duradero en los niveles de \u00e1cido \u00farico a pesar de su elevado poder edulcorante, por lo que es una alternativa interesante al az\u00facar dom\u00e9stico.<\/p><p data-start=\"1025\" data-end=\"1331\"><strong data-start=\"1025\" data-end=\"1038\">Trehalosa<\/strong> proporciona glucosa pura, que se distribuye a diversos tejidos a trav\u00e9s del torrente sangu\u00edneo. Al no descomponerse principalmente en el h\u00edgado, la trehalosa no contribuye a la formaci\u00f3n de \u00e1cido \u00farico adicional. Al mismo tiempo, reduce la liberaci\u00f3n de insulina en comparaci\u00f3n con la glucosa pura.<\/p><p data-start=\"993\" data-end=\"1269\"><strong data-start=\"993\" data-end=\"1003\">Ribosa<\/strong> es un az\u00facar end\u00f3geno que forma parte de nucle\u00f3tidos como el ATP, es decir, los portadores de energ\u00eda universales de las c\u00e9lulas. La ribosa tambi\u00e9n se ofrece en polvo como aditivo en productos deportivos y de fitness, donde sirve principalmente como fuente funcional de energ\u00eda.<\/p><p data-start=\"993\" data-end=\"1269\"><strong data-start=\"122\" data-end=\"164\">Isomaltulosa * - el tipo especial de az\u00facar<\/strong><br data-start=\"164\" data-end=\"167\" \/>La isomaltulosa es un disac\u00e1rido natural que se encuentra tanto en la miel como en la ca\u00f1a de az\u00facar. Est\u00e1 formado por los dos az\u00facares simples glucosa y <strong>Fructosa<\/strong>que, sin embargo, est\u00e1n presentes en un compuesto m\u00e1s estable que el az\u00facar dom\u00e9stico convencional. Como resultado, la isomaltulosa se descompone m\u00e1s lentamente en el organismo y entra en el torrente sangu\u00edneo de forma m\u00e1s homog\u00e9nea. Con un poder edulcorante de aproximadamente la mitad que la sacarosa, es ideal como <strong data-start=\"622\" data-end=\"650\">Fuente alternativa de az\u00facar<\/strong> para bebidas, reposter\u00eda o productos deportivos.<\/p>\t\t\t\t\t\t\t\t<\/div>\n\t\t\t\t<\/div>\n\t\t\t\t<div class=\"elementor-element elementor-element-5725cd6 elementor-widget elementor-widget-text-editor\" data-id=\"5725cd6\" data-element_type=\"widget\" data-widget_type=\"text-editor.default\">\n\t\t\t\t<div class=\"elementor-widget-container\">\n\t\t\t\t\t\t\t\t\t<p>*\u00a0<strong>La Autoridad Europea de Seguridad Alimentaria (EFSA) confirma que el consumo de alimentos\/bebidas que contienen otros az\u00facares como tagatosa, isomaltulosa en lugar de az\u00facar no es un factor de riesgo: <\/strong>hacen que el nivel de az\u00facar en sangre aumente menos bruscamente tras su consumo que cuando se consumen alimentos\/bebidas azucarados, y contribuyen a la mineralizaci\u00f3n de los dientes.<\/p>\t\t\t\t\t\t\t\t<\/div>\n\t\t\t\t<\/div>\n\t\t\t\t<\/div>\n\t\t\t\t\t<\/div>\n\t\t\t\t<\/div>\n\t\t\t\t<\/div>","protected":false},"excerpt":{"rendered":"<p>Harns\u00e4ure und ihre Entstehung \u2013 einfach erkl\u00e4rt Erh\u00f6hte Harns\u00e4urewerte, auch Hyperurik\u00e4mie genannt, k\u00f6nnen genetisch bedingt sein, werden aber zus\u00e4tzlich vom individuellen Lebensstil beeinflusst. Neben purinreichen Lebensmitteln wie Fleisch oder Innereien und dem Konsum von Alkohol spielen auch Kohlenhydrate mit hohem glyk\u00e4mischem Index sowie Fruchtzucker (Fructose) eine Rolle. Harns\u00e4ure entsteht im K\u00f6rper beim Abbau von Purinen. [&hellip;]<\/p>","protected":false},"author":1,"featured_media":0,"parent":132,"menu_order":2,"comment_status":"closed","ping_status":"closed","template":"","meta":{"footnotes":""},"class_list":["post-136","page","type-page","status-publish","hentry"],"yoast_head":"<!-- This site is optimized with the Yoast SEO plugin v27.4 - https:\/\/yoast.com\/product\/yoast-seo-wordpress\/ -->\n<title>Hyperurik\u00e4mie und Gicht - NuPrevento<\/title>\n<meta name=\"description\" content=\"Erfahren Sie, welchen Einfluss Zucker bei Hyperurik\u00e4mie und Gicht haben und wie Dr. Coy\u2019s Zucker die Behandlung unterst\u00fctzen k\u00f6nnen.\" \/>\n<meta name=\"robots\" content=\"index, follow, max-snippet:-1, max-image-preview:large, max-video-preview:-1\" \/>\n<link rel=\"canonical\" href=\"https:\/\/nuprevento.com\/es\/gesundheit\/stoffwechselstoerungen\/hyperurikaemie-und-gicht\/\" \/>\n<meta property=\"og:locale\" content=\"es_ES\" \/>\n<meta property=\"og:type\" content=\"article\" \/>\n<meta property=\"og:title\" content=\"Hyperurik\u00e4mie und Gicht - NuPrevento\" \/>\n<meta property=\"og:description\" content=\"Erfahren Sie, welchen Einfluss Zucker bei Hyperurik\u00e4mie und Gicht haben und wie Dr. Coy\u2019s Zucker die Behandlung unterst\u00fctzen k\u00f6nnen.\" \/>\n<meta property=\"og:url\" content=\"https:\/\/nuprevento.com\/es\/gesundheit\/stoffwechselstoerungen\/hyperurikaemie-und-gicht\/\" \/>\n<meta property=\"og:site_name\" content=\"NuPrevento\" \/>\n<meta property=\"article:modified_time\" content=\"2026-02-16T08:36:29+00:00\" \/>\n<meta name=\"twitter:card\" content=\"summary_large_image\" \/>\n<meta name=\"twitter:label1\" content=\"Tiempo de lectura\" \/>\n\t<meta name=\"twitter:data1\" content=\"4 minutos\" \/>\n<script type=\"application\/ld+json\" class=\"yoast-schema-graph\">{\"@context\":\"https:\\\/\\\/schema.org\",\"@graph\":[{\"@type\":\"WebPage\",\"@id\":\"https:\\\/\\\/nuprevento.com\\\/gesundheit\\\/stoffwechselstoerungen\\\/hyperurikaemie-und-gicht\\\/\",\"url\":\"https:\\\/\\\/nuprevento.com\\\/gesundheit\\\/stoffwechselstoerungen\\\/hyperurikaemie-und-gicht\\\/\",\"name\":\"Hyperurik\u00e4mie und Gicht - NuPrevento\",\"isPartOf\":{\"@id\":\"https:\\\/\\\/nuprevento.com\\\/#website\"},\"datePublished\":\"2016-07-27T11:28:53+00:00\",\"dateModified\":\"2026-02-16T08:36:29+00:00\",\"description\":\"Erfahren Sie, welchen Einfluss Zucker bei Hyperurik\u00e4mie und Gicht haben und wie Dr. Coy\u2019s Zucker die Behandlung unterst\u00fctzen k\u00f6nnen.\",\"breadcrumb\":{\"@id\":\"https:\\\/\\\/nuprevento.com\\\/gesundheit\\\/stoffwechselstoerungen\\\/hyperurikaemie-und-gicht\\\/#breadcrumb\"},\"inLanguage\":\"es\",\"potentialAction\":[{\"@type\":\"ReadAction\",\"target\":[\"https:\\\/\\\/nuprevento.com\\\/gesundheit\\\/stoffwechselstoerungen\\\/hyperurikaemie-und-gicht\\\/\"]}]},{\"@type\":\"BreadcrumbList\",\"@id\":\"https:\\\/\\\/nuprevento.com\\\/gesundheit\\\/stoffwechselstoerungen\\\/hyperurikaemie-und-gicht\\\/#breadcrumb\",\"itemListElement\":[{\"@type\":\"ListItem\",\"position\":1,\"name\":\"Startseite\",\"item\":\"https:\\\/\\\/nuprevento.com\\\/\"},{\"@type\":\"ListItem\",\"position\":2,\"name\":\"Gesundheit\",\"item\":\"https:\\\/\\\/nuprevento.com\\\/gesundheit\\\/\"},{\"@type\":\"ListItem\",\"position\":3,\"name\":\"Stoffwechselst\u00f6rungen\",\"item\":\"https:\\\/\\\/nuprevento.com\\\/gesundheit\\\/stoffwechselstoerungen\\\/\"},{\"@type\":\"ListItem\",\"position\":4,\"name\":\"Hyperurik\u00e4mie und Gicht\"}]},{\"@type\":\"WebSite\",\"@id\":\"https:\\\/\\\/nuprevento.com\\\/#website\",\"url\":\"https:\\\/\\\/nuprevento.com\\\/\",\"name\":\"NuPrevento\",\"description\":\"Targeted Nutrition - Eine neue Generation von Lebensmitteln\",\"publisher\":{\"@id\":\"https:\\\/\\\/nuprevento.com\\\/#organization\"},\"potentialAction\":[{\"@type\":\"SearchAction\",\"target\":{\"@type\":\"EntryPoint\",\"urlTemplate\":\"https:\\\/\\\/nuprevento.com\\\/?s={search_term_string}\"},\"query-input\":{\"@type\":\"PropertyValueSpecification\",\"valueRequired\":true,\"valueName\":\"search_term_string\"}}],\"inLanguage\":\"es\"},{\"@type\":\"Organization\",\"@id\":\"https:\\\/\\\/nuprevento.com\\\/#organization\",\"name\":\"NuPrevento\",\"url\":\"https:\\\/\\\/nuprevento.com\\\/\",\"logo\":{\"@type\":\"ImageObject\",\"inLanguage\":\"es\",\"@id\":\"https:\\\/\\\/nuprevento.com\\\/#\\\/schema\\\/logo\\\/image\\\/\",\"url\":\"https:\\\/\\\/nuprevento.com\\\/wp-content\\\/uploads\\\/2024\\\/01\\\/Logo_NuPrevento_2024.png\",\"contentUrl\":\"https:\\\/\\\/nuprevento.com\\\/wp-content\\\/uploads\\\/2024\\\/01\\\/Logo_NuPrevento_2024.png\",\"width\":250,\"height\":87,\"caption\":\"NuPrevento\"},\"image\":{\"@id\":\"https:\\\/\\\/nuprevento.com\\\/#\\\/schema\\\/logo\\\/image\\\/\"}}]}<\/script>\n<!-- \/ Yoast SEO plugin. -->","yoast_head_json":{"title":"Hyperurik\u00e4mie und Gicht - NuPrevento","description":"Erfahren Sie, welchen Einfluss Zucker bei Hyperurik\u00e4mie und Gicht haben und wie Dr. Coy\u2019s Zucker die Behandlung unterst\u00fctzen k\u00f6nnen.","robots":{"index":"index","follow":"follow","max-snippet":"max-snippet:-1","max-image-preview":"max-image-preview:large","max-video-preview":"max-video-preview:-1"},"canonical":"https:\/\/nuprevento.com\/es\/gesundheit\/stoffwechselstoerungen\/hyperurikaemie-und-gicht\/","og_locale":"es_ES","og_type":"article","og_title":"Hyperurik\u00e4mie und Gicht - NuPrevento","og_description":"Erfahren Sie, welchen Einfluss Zucker bei Hyperurik\u00e4mie und Gicht haben und wie Dr. Coy\u2019s Zucker die Behandlung unterst\u00fctzen k\u00f6nnen.","og_url":"https:\/\/nuprevento.com\/es\/gesundheit\/stoffwechselstoerungen\/hyperurikaemie-und-gicht\/","og_site_name":"NuPrevento","article_modified_time":"2026-02-16T08:36:29+00:00","twitter_card":"summary_large_image","twitter_misc":{"Tiempo de lectura":"4 minutos"},"schema":{"@context":"https:\/\/schema.org","@graph":[{"@type":"WebPage","@id":"https:\/\/nuprevento.com\/gesundheit\/stoffwechselstoerungen\/hyperurikaemie-und-gicht\/","url":"https:\/\/nuprevento.com\/gesundheit\/stoffwechselstoerungen\/hyperurikaemie-und-gicht\/","name":"Hyperurik\u00e4mie und Gicht - NuPrevento","isPartOf":{"@id":"https:\/\/nuprevento.com\/#website"},"datePublished":"2016-07-27T11:28:53+00:00","dateModified":"2026-02-16T08:36:29+00:00","description":"Erfahren Sie, welchen Einfluss Zucker bei Hyperurik\u00e4mie und Gicht haben und wie Dr. Coy\u2019s Zucker die Behandlung unterst\u00fctzen k\u00f6nnen.","breadcrumb":{"@id":"https:\/\/nuprevento.com\/gesundheit\/stoffwechselstoerungen\/hyperurikaemie-und-gicht\/#breadcrumb"},"inLanguage":"es","potentialAction":[{"@type":"ReadAction","target":["https:\/\/nuprevento.com\/gesundheit\/stoffwechselstoerungen\/hyperurikaemie-und-gicht\/"]}]},{"@type":"BreadcrumbList","@id":"https:\/\/nuprevento.com\/gesundheit\/stoffwechselstoerungen\/hyperurikaemie-und-gicht\/#breadcrumb","itemListElement":[{"@type":"ListItem","position":1,"name":"Startseite","item":"https:\/\/nuprevento.com\/"},{"@type":"ListItem","position":2,"name":"Gesundheit","item":"https:\/\/nuprevento.com\/gesundheit\/"},{"@type":"ListItem","position":3,"name":"Stoffwechselst\u00f6rungen","item":"https:\/\/nuprevento.com\/gesundheit\/stoffwechselstoerungen\/"},{"@type":"ListItem","position":4,"name":"Hyperurik\u00e4mie und Gicht"}]},{"@type":"WebSite","@id":"https:\/\/nuprevento.com\/#website","url":"https:\/\/nuprevento.com\/","name":"NuPrevento","description":"Nutrici\u00f3n selectiva - Una nueva generaci\u00f3n de alimentos","publisher":{"@id":"https:\/\/nuprevento.com\/#organization"},"potentialAction":[{"@type":"SearchAction","target":{"@type":"EntryPoint","urlTemplate":"https:\/\/nuprevento.com\/?s={search_term_string}"},"query-input":{"@type":"PropertyValueSpecification","valueRequired":true,"valueName":"search_term_string"}}],"inLanguage":"es"},{"@type":"Organization","@id":"https:\/\/nuprevento.com\/#organization","name":"NuPrevento","url":"https:\/\/nuprevento.com\/","logo":{"@type":"ImageObject","inLanguage":"es","@id":"https:\/\/nuprevento.com\/#\/schema\/logo\/image\/","url":"https:\/\/nuprevento.com\/wp-content\/uploads\/2024\/01\/Logo_NuPrevento_2024.png","contentUrl":"https:\/\/nuprevento.com\/wp-content\/uploads\/2024\/01\/Logo_NuPrevento_2024.png","width":250,"height":87,"caption":"NuPrevento"},"image":{"@id":"https:\/\/nuprevento.com\/#\/schema\/logo\/image\/"}}]}},"_links":{"self":[{"href":"https:\/\/nuprevento.com\/es\/wp-json\/wp\/v2\/pages\/136","targetHints":{"allow":["GET"]}}],"collection":[{"href":"https:\/\/nuprevento.com\/es\/wp-json\/wp\/v2\/pages"}],"about":[{"href":"https:\/\/nuprevento.com\/es\/wp-json\/wp\/v2\/types\/page"}],"author":[{"embeddable":true,"href":"https:\/\/nuprevento.com\/es\/wp-json\/wp\/v2\/users\/1"}],"replies":[{"embeddable":true,"href":"https:\/\/nuprevento.com\/es\/wp-json\/wp\/v2\/comments?post=136"}],"version-history":[{"count":18,"href":"https:\/\/nuprevento.com\/es\/wp-json\/wp\/v2\/pages\/136\/revisions"}],"predecessor-version":[{"id":3440,"href":"https:\/\/nuprevento.com\/es\/wp-json\/wp\/v2\/pages\/136\/revisions\/3440"}],"up":[{"embeddable":true,"href":"https:\/\/nuprevento.com\/es\/wp-json\/wp\/v2\/pages\/132"}],"wp:attachment":[{"href":"https:\/\/nuprevento.com\/es\/wp-json\/wp\/v2\/media?parent=136"}],"curies":[{"name":"wp","href":"https:\/\/api.w.org\/{rel}","templated":true}]}}