{"id":138,"date":"2016-07-27T13:31:24","date_gmt":"2016-07-27T11:31:24","guid":{"rendered":"http:\/\/s272970414.online.de\/wordpress\/intelligent-sugar\/?page_id=138"},"modified":"2026-02-16T09:40:02","modified_gmt":"2026-02-16T08:40:02","slug":"krebserkrankungen","status":"publish","type":"page","link":"https:\/\/nuprevento.com\/es\/gesundheit\/krebserkrankungen\/","title":{"rendered":"Enfermedades cancerosas"},"content":{"rendered":"<div data-elementor-type=\"wp-page\" data-elementor-id=\"138\" class=\"elementor elementor-138\" data-elementor-post-type=\"page\">\n\t\t\t\t<div class=\"elementor-element elementor-element-5664ced5 e-flex e-con-boxed e-con e-parent\" data-id=\"5664ced5\" data-element_type=\"container\">\n\t\t\t\t\t<div class=\"e-con-inner\">\n\t\t\t\t<div class=\"elementor-element elementor-element-23f9177 elementor-widget elementor-widget-heading\" data-id=\"23f9177\" data-element_type=\"widget\" data-widget_type=\"heading.default\">\n\t\t\t\t<div class=\"elementor-widget-container\">\n\t\t\t\t\t<h1 class=\"elementor-heading-title elementor-size-default\">Enfermedades cancerosas<\/h1>\t\t\t\t<\/div>\n\t\t\t\t<\/div>\n\t\t<div class=\"elementor-element elementor-element-f301449 e-con-full e-flex e-con e-child\" data-id=\"f301449\" data-element_type=\"container\">\n\t\t\t\t<div class=\"elementor-element elementor-element-15362dee elementor-widget elementor-widget-text-editor\" data-id=\"15362dee\" data-element_type=\"widget\" data-widget_type=\"text-editor.default\">\n\t\t\t\t<div class=\"elementor-widget-container\">\n\t\t\t\t\t\t\t\t\t<h2 data-start=\"148\" data-end=\"547\">C\u00e1ncer y factores relacionados con el estilo de vida<\/h2><p data-start=\"148\" data-end=\"547\">El c\u00e1ncer es una de las enfermedades m\u00e1s comunes en el mundo actual. Ello se debe a una mayor esperanza de vida y a los estilos de vida modernos. Las c\u00e9lulas cancerosas agresivas se caracterizan por un crecimiento descontrolado, pueden desplazar al tejido sano y propagarse a otras partes del cuerpo a trav\u00e9s del torrente sangu\u00edneo.<\/p><h2 data-start=\"549\" data-end=\"1270\">Influencia de la dieta y el estilo de vida<\/h2><p data-start=\"549\" data-end=\"1270\">Adem\u00e1s de los factores de riesgo conocidos, como el tabaquismo, la radiaci\u00f3n UV o las sustancias nocivas, la dieta tambi\u00e9n desempe\u00f1a un papel importante. Los expertos creen que unos h\u00e1bitos alimentarios desfavorables pueden estar implicados en una gran proporci\u00f3n de c\u00e1nceres. Nuestra alimentaci\u00f3n contiene una gran variedad de sustancias: algunas tienen un efecto neutro o favorecedor, otras pueden ser perjudiciales. Por ejemplo, verduras y frutas como las bayas, los c\u00edtricos, los tomates y el br\u00f3coli aportan numerosos fitoqu\u00edmicos, mientras que productos como el alcohol, los productos c\u00e1rnicos muy procesados o los alimentos recalentados contienen ciertas sustancias que pueden suponer un estr\u00e9s adicional para el organismo.<\/p><h2 data-start=\"152\" data-end=\"543\">Dieta, obesidad y riesgo de c\u00e1ncer<\/h2><p data-start=\"152\" data-end=\"543\">Nuestra dieta no s\u00f3lo influye en los procesos metab\u00f3licos individuales, sino tambi\u00e9n en el riesgo de obesidad y diabetes de tipo 2. En combinaci\u00f3n con poco ejercicio, los h\u00e1bitos alimentarios poco saludables pueden conducir al desarrollo de cambios metab\u00f3licos que tambi\u00e9n est\u00e1n asociados con el desarrollo de ciertos tipos de c\u00e1ncer.<\/p><p data-start=\"545\" data-end=\"1074\">Los estudios demuestran que las personas con sobrepeso y diabetes tienen m\u00e1s probabilidades de desarrollar determinadas formas de c\u00e1ncer. Los c\u00e1nceres de mama, \u00fatero, intestino, est\u00f3mago, h\u00edgado, vejiga y p\u00e1ncreas son los m\u00e1s afectados. Incluso en las primeras fases de niveles elevados de az\u00facar en sangre, como en la prediabetes, los estudios han demostrado un mayor riesgo. Por ejemplo, las personas con niveles de HbA1c ligeramente elevados ya ten\u00edan m\u00e1s probabilidades de desarrollar diversos tipos de c\u00e1ncer, en particular c\u00e1ncer de intestino.<\/p><p data-start=\"1076\" data-end=\"1265\">Estos hallazgos dejan claro que la dieta, el ejercicio y el control del peso son factores clave a la hora de comprender los v\u00ednculos entre metabolismo y c\u00e1ncer.<\/p><h2 data-start=\"151\" data-end=\"763\">El az\u00facar convencional y su influencia en el metabolismo<\/h2><p data-start=\"151\" data-end=\"763\">Un consumo elevado de <strong data-start=\"238\" data-end=\"277\">Az\u00facar y carbohidratos simples<\/strong> combinada con la falta de ejercicio, contribuye significativamente al desarrollo de la obesidad. En particular, los az\u00facares como el az\u00facar granulado, la fructosa o el jarabe de glucosa-fructosa, que contienen muchos alimentos modernos, as\u00ed como los productos elaborados con harinas blancas pobres en fibra, favorecen el aumento del per\u00edmetro abdominal. Los llamados <strong data-start=\"605\" data-end=\"628\">grasa abdominal visceral<\/strong>que se acumula alrededor de los \u00f3rganos internos, se considera especialmente activo desde el punto de vista metab\u00f3lico y puede influir en numerosos procesos del organismo.<\/p><p data-start=\"765\" data-end=\"1372\">Numerosos estudios muestran una conexi\u00f3n entre un <strong data-start=\"825\" data-end=\"862\">dieta hipergluc\u00e9mica<\/strong> - es decir, una dieta rica en az\u00facar y almid\u00f3n- y una mayor carga para el metabolismo. En experimentos con animales, se observ\u00f3 que una dieta rica en az\u00facar y almid\u00f3n se asociaba a una mayor incidencia de tumores, mientras que una dieta baja en carbohidratos ten\u00eda un impacto significativamente menor. Adem\u00e1s, los animales sometidos a una dieta rica en az\u00facar mostraron diferencias en ciertos valores sangu\u00edneos que tambi\u00e9n se sabe que se dan en humanos con un aumento de la grasa abdominal o resistencia a la insulina.<\/p><p data-start=\"1374\" data-end=\"1549\"><strong>Estos hallazgos dejan claro que la elecci\u00f3n de las fuentes de hidratos de carbono -y, por tanto, la calidad de la dieta- desempe\u00f1a un papel clave para todo el metabolismo.<\/strong><\/p><h2 data-start=\"142\" data-end=\"648\">Grasa visceral abdominal y resistencia a la insulina<\/h2><p data-start=\"142\" data-end=\"648\">A diferencia de la grasa corporal superficial, la <strong data-start=\"236\" data-end=\"259\">grasa abdominal visceral<\/strong> es especialmente activo e influye en numerosos procesos metab\u00f3licos. Con una ingesta constante de calor\u00edas, las c\u00e9lulas grasas se agrandan, se produce estr\u00e9s oxidativo y el tejido libera m\u00e1s hormonas y factores inflamatorios. Sustancias como <strong data-start=\"502\" data-end=\"537\">Leptina, interleucinas o TNF-\u03b1 <\/strong>aumentan, mientras que la sustancia equilibrante <strong data-start=\"577\" data-end=\"592\">Adiponectina<\/strong> disminuye, creando un entorno que favorece la inflamaci\u00f3n.<\/p><p data-start=\"650\" data-end=\"957\">Al mismo tiempo, la grasa abdominal visceral favorece el desarrollo de un <strong data-start=\"717\" data-end=\"737\">Resistencia a la insulina<\/strong>. Los niveles de insulina y az\u00facar en sangre aumentan, a menudo junto con niveles m\u00e1s elevados del factor de crecimiento <strong data-start=\"842\" data-end=\"851\">IGF-1<\/strong>. Estos cambios promueven procesos que pueden influir en el crecimiento y la divisi\u00f3n de las c\u00e9lulas.<\/p><h2 data-start=\"142\" data-end=\"775\">El az\u00facar y sus especialidades<\/h2><p data-start=\"142\" data-end=\"775\">Tipos de az\u00facar como <strong data-start=\"205\" data-end=\"242\">Galactosa, isomaltulosa, tagatosa<\/strong> y el sustituto del az\u00facar <strong data-start=\"272\" data-end=\"286\">Eritritol<\/strong> tienen un \u00edndice gluc\u00e9mico bajo. Esto los hace adecuados para una <strong data-start=\"366\" data-end=\"399\">Dieta hipogluc\u00e9mica<\/strong>que pueden reducir las fluctuaciones de az\u00facar en sangre y conseguir niveles de energ\u00eda m\u00e1s uniformes. A diferencia del az\u00facar convencional, favorecen <strong>Sin picos fuertes de insulina<\/strong> y as\u00ed encajar en un <strong>nutrici\u00f3n consciente<\/strong>. Esto permite endulzar alimentos y bebidas sin renunciar a los modernos planteamientos nutricionales, por ejemplo en combinaci\u00f3n con bayas o pomelo.<\/p><p data-start=\"777\" data-end=\"1419\"><strong data-start=\"777\" data-end=\"806\">Investigaci\u00f3n sobre el az\u00facar y el c\u00e1ncer<\/strong><br data-start=\"806\" data-end=\"809\" \/>Las c\u00e9lulas cancerosas necesitan mucha energ\u00eda para crecer y se caracterizan por una absorci\u00f3n muy elevada de az\u00facar. Esta propiedad se utiliza incluso en diagn\u00f3stico: En un <strong data-start=\"996\" data-end=\"1008\">TEP<\/strong> marcada con glucosa se acumula en los tejidos con alta captaci\u00f3n de az\u00facar y hace visibles los tumores. Es interesante observar que muchas c\u00e9lulas cancerosas agresivas son casi exclusivamente <strong data-start=\"1186\" data-end=\"1213\">Glucosa (dextrosa)<\/strong> mientras que las c\u00e9lulas sanas son m\u00e1s flexibles y tambi\u00e9n pueden utilizar la grasa como fuente de energ\u00eda. Esta particularidad abre nuevos enfoques en la investigaci\u00f3n y cada vez se investiga m\u00e1s cient\u00edficamente.<\/p><h2 data-start=\"156\" data-end=\"541\">La insulina como factor de crecimiento<\/h2><p data-start=\"156\" data-end=\"541\">La insulina es una hormona central del metabolismo y cumple numerosas funciones. Adem\u00e1s de regular el az\u00facar en sangre, tambi\u00e9n act\u00faa como <strong data-start=\"330\" data-end=\"349\">Factor de crecimiento<\/strong>similar a la <strong data-start=\"367\" data-end=\"407\">Factor de crecimiento similar a la insulina 1 (IGF-1)<\/strong>. Ambas hormonas favorecen el crecimiento y la multiplicaci\u00f3n de las c\u00e9lulas, un proceso del que tambi\u00e9n pueden beneficiarse las c\u00e9lulas patol\u00f3gicas.<\/p><p data-start=\"543\" data-end=\"949\">El consumo regular de <strong data-start=\"571\" data-end=\"606\">Alimentos con alto \u00edndice gluc\u00e9mico<\/strong> como los az\u00facares simples o los carbohidratos muy procesados provoca una r\u00e1pida subida del az\u00facar en sangre. Esto va acompa\u00f1ado de un aumento de la liberaci\u00f3n de insulina e IGF-1. Esto demuestra que la elecci\u00f3n de las fuentes de hidratos de carbono no s\u00f3lo es importante para el metabolismo energ\u00e9tico, sino tambi\u00e9n para los procesos de crecimiento del organismo.<\/p><h2 data-start=\"149\" data-end=\"474\">Az\u00facares raros y funcionales como edulcorantes alternativos<\/h2><p data-start=\"149\" data-end=\"474\">Una dieta elegida conscientemente tambi\u00e9n puede <strong data-start=\"251\" data-end=\"286\">az\u00facares de bajo \u00edndice gluc\u00e9mico<\/strong> desempe\u00f1ar un papel. <strong data-start=\"307\" data-end=\"330\">Galactosa, tagatosa<\/strong> y el sustituto del az\u00facar <strong data-start=\"360\" data-end=\"374\">Eritritol<\/strong> se encuentran entre las variantes m\u00e1s conocidas y son adecuadas como alternativas modernas al az\u00facar dom\u00e9stico.<\/p><p data-start=\"476\" data-end=\"725\"><strong data-start=\"476\" data-end=\"489\">Galactosa<\/strong> es similar a la glucosa, pero se metaboliza m\u00e1s lentamente y s\u00f3lo se regula en peque\u00f1a medida a trav\u00e9s de la v\u00eda de la insulina. Como resultado, entra en las c\u00e9lulas de forma m\u00e1s uniforme y puede utilizarse de diversas formas.<\/p><p data-start=\"727\" data-end=\"994\"><strong data-start=\"727\" data-end=\"739\">Tagatosa<\/strong> tiene un sabor dulce similar al del az\u00facar dom\u00e9stico, pero sin fuertes fluctuaciones en los niveles de az\u00facar en sangre. Debido a su baja absorci\u00f3n intestinal, la tagatosa s\u00f3lo est\u00e1 disponible para el metabolismo como proveedor de energ\u00eda de forma limitada.<\/p><p data-start=\"996\" data-end=\"1312\"><strong data-start=\"996\" data-end=\"1010\">Eritritol<\/strong> es excretado en gran parte por el organismo y no se utiliza para la producci\u00f3n de energ\u00eda. En combinaci\u00f3n con la stevia, por ejemplo como <strong data-start=\"1138\" data-end=\"1168\">Mezcla de eritritol y stevia<\/strong> - alcanza un poder edulcorante comparable al del az\u00facar convencional, por lo que es ideal para endulzar.<\/p><h2 data-start=\"141\" data-end=\"614\">Az\u00facar y prevenci\u00f3n de reca\u00eddas en el c\u00e1ncer<\/h2><p data-start=\"141\" data-end=\"614\">Una vez finalizado el tratamiento contra el c\u00e1ncer, la alimentaci\u00f3n sigue desempe\u00f1ando un papel importante. Como nunca se puede descartar por completo que algunas c\u00e9lulas hayan sobrevivido o que se desarrollen nuevos focos en otros lugares, los expertos recomiendan una selecci\u00f3n consciente de las fuentes de hidratos de carbono. El objetivo es evitar las fluctuaciones bruscas de az\u00facar en sangre y los picos elevados de insulina, ya que \u00e9sta act\u00faa como factor de crecimiento en el organismo.<\/p><p data-start=\"616\" data-end=\"1037\">Los estudios muestran correlaciones entre un <strong data-start=\"660\" data-end=\"691\">dieta hipergluc\u00e9mica<\/strong> y una mayor tasa de reca\u00edda en determinados tipos de c\u00e1ncer. En los pacientes con c\u00e1ncer colorrectal, por ejemplo, se observ\u00f3 que una dieta rica en carbohidratos se asociaba a mayores tasas de reca\u00edda. En el c\u00e1ncer de mama tambi\u00e9n hay indicios de que el estilo de alimentaci\u00f3n, junto con determinados tipos de receptores, puede influir en el riesgo de recidiva.<\/p>\t\t\t\t\t\t\t\t<\/div>\n\t\t\t\t<\/div>\n\t\t\t\t<\/div>\n\t\t\t\t\t<\/div>\n\t\t\t\t<\/div>\n\t\t\t\t<\/div>","protected":false},"excerpt":{"rendered":"<p>Krebserkrankungen und Lebensstilfaktoren Krebserkrankungen z\u00e4hlen heute zu den h\u00e4ufigsten Erkrankungen weltweit. Die Gr\u00fcnde daf\u00fcr liegen unter anderem in der h\u00f6heren Lebenserwartung sowie in modernen Lebensgewohnheiten. Aggressive Krebszellen zeichnen sich durch unkontrolliertes Wachstum aus, k\u00f6nnen gesundes Gewebe verdr\u00e4ngen und sich \u00fcber die Blutbahn in andere K\u00f6rperregionen ausbreiten. Einfluss von Ern\u00e4hrung und Lifestyle Neben bekannten Risikofaktoren wie [&hellip;]<\/p>","protected":false},"author":1,"featured_media":0,"parent":107,"menu_order":3,"comment_status":"closed","ping_status":"closed","template":"","meta":{"footnotes":""},"class_list":["post-138","page","type-page","status-publish","hentry"],"yoast_head":"<!-- This site is optimized with the Yoast SEO plugin v27.3 - https:\/\/yoast.com\/product\/yoast-seo-wordpress\/ -->\n<title>Krebserkrankungen - NuPrevento<\/title>\n<meta name=\"description\" content=\"Erfahren Sie, welchen Einfluss Zucker bei der Entstehung von Krebserkrankungen haben und wie Dr. Coy\u2019s Zucker die Behandlung unterst\u00fctzen k\u00f6nnen.\" \/>\n<meta name=\"robots\" content=\"index, follow, max-snippet:-1, max-image-preview:large, max-video-preview:-1\" \/>\n<link rel=\"canonical\" href=\"https:\/\/nuprevento.com\/es\/gesundheit\/krebserkrankungen\/\" \/>\n<meta property=\"og:locale\" content=\"es_ES\" \/>\n<meta property=\"og:type\" content=\"article\" \/>\n<meta property=\"og:title\" content=\"Krebserkrankungen - NuPrevento\" \/>\n<meta property=\"og:description\" content=\"Erfahren Sie, welchen Einfluss Zucker bei der Entstehung von Krebserkrankungen haben und wie Dr. Coy\u2019s Zucker die Behandlung unterst\u00fctzen k\u00f6nnen.\" \/>\n<meta property=\"og:url\" content=\"https:\/\/nuprevento.com\/es\/gesundheit\/krebserkrankungen\/\" \/>\n<meta property=\"og:site_name\" content=\"NuPrevento\" \/>\n<meta property=\"article:modified_time\" content=\"2026-02-16T08:40:02+00:00\" \/>\n<meta name=\"twitter:card\" content=\"summary_large_image\" \/>\n<meta name=\"twitter:label1\" content=\"Tiempo de lectura\" \/>\n\t<meta name=\"twitter:data1\" content=\"6 minutos\" \/>\n<script type=\"application\/ld+json\" class=\"yoast-schema-graph\">{\"@context\":\"https:\\\/\\\/schema.org\",\"@graph\":[{\"@type\":\"WebPage\",\"@id\":\"https:\\\/\\\/nuprevento.com\\\/gesundheit\\\/krebserkrankungen\\\/\",\"url\":\"https:\\\/\\\/nuprevento.com\\\/gesundheit\\\/krebserkrankungen\\\/\",\"name\":\"Krebserkrankungen - NuPrevento\",\"isPartOf\":{\"@id\":\"https:\\\/\\\/nuprevento.com\\\/#website\"},\"datePublished\":\"2016-07-27T11:31:24+00:00\",\"dateModified\":\"2026-02-16T08:40:02+00:00\",\"description\":\"Erfahren Sie, welchen Einfluss Zucker bei der Entstehung von Krebserkrankungen haben und wie Dr. Coy\u2019s Zucker die Behandlung unterst\u00fctzen k\u00f6nnen.\",\"breadcrumb\":{\"@id\":\"https:\\\/\\\/nuprevento.com\\\/gesundheit\\\/krebserkrankungen\\\/#breadcrumb\"},\"inLanguage\":\"es\",\"potentialAction\":[{\"@type\":\"ReadAction\",\"target\":[\"https:\\\/\\\/nuprevento.com\\\/gesundheit\\\/krebserkrankungen\\\/\"]}]},{\"@type\":\"BreadcrumbList\",\"@id\":\"https:\\\/\\\/nuprevento.com\\\/gesundheit\\\/krebserkrankungen\\\/#breadcrumb\",\"itemListElement\":[{\"@type\":\"ListItem\",\"position\":1,\"name\":\"Startseite\",\"item\":\"https:\\\/\\\/nuprevento.com\\\/\"},{\"@type\":\"ListItem\",\"position\":2,\"name\":\"Gesundheit\",\"item\":\"https:\\\/\\\/nuprevento.com\\\/gesundheit\\\/\"},{\"@type\":\"ListItem\",\"position\":3,\"name\":\"Krebserkrankungen\"}]},{\"@type\":\"WebSite\",\"@id\":\"https:\\\/\\\/nuprevento.com\\\/#website\",\"url\":\"https:\\\/\\\/nuprevento.com\\\/\",\"name\":\"NuPrevento\",\"description\":\"Targeted Nutrition - Eine neue Generation von Lebensmitteln\",\"publisher\":{\"@id\":\"https:\\\/\\\/nuprevento.com\\\/#organization\"},\"potentialAction\":[{\"@type\":\"SearchAction\",\"target\":{\"@type\":\"EntryPoint\",\"urlTemplate\":\"https:\\\/\\\/nuprevento.com\\\/?s={search_term_string}\"},\"query-input\":{\"@type\":\"PropertyValueSpecification\",\"valueRequired\":true,\"valueName\":\"search_term_string\"}}],\"inLanguage\":\"es\"},{\"@type\":\"Organization\",\"@id\":\"https:\\\/\\\/nuprevento.com\\\/#organization\",\"name\":\"NuPrevento\",\"url\":\"https:\\\/\\\/nuprevento.com\\\/\",\"logo\":{\"@type\":\"ImageObject\",\"inLanguage\":\"es\",\"@id\":\"https:\\\/\\\/nuprevento.com\\\/#\\\/schema\\\/logo\\\/image\\\/\",\"url\":\"https:\\\/\\\/nuprevento.com\\\/wp-content\\\/uploads\\\/2024\\\/01\\\/Logo_NuPrevento_2024.png\",\"contentUrl\":\"https:\\\/\\\/nuprevento.com\\\/wp-content\\\/uploads\\\/2024\\\/01\\\/Logo_NuPrevento_2024.png\",\"width\":250,\"height\":87,\"caption\":\"NuPrevento\"},\"image\":{\"@id\":\"https:\\\/\\\/nuprevento.com\\\/#\\\/schema\\\/logo\\\/image\\\/\"}}]}<\/script>\n<!-- \/ Yoast SEO plugin. -->","yoast_head_json":{"title":"Krebserkrankungen - NuPrevento","description":"Erfahren Sie, welchen Einfluss Zucker bei der Entstehung von Krebserkrankungen haben und wie Dr. Coy\u2019s Zucker die Behandlung unterst\u00fctzen k\u00f6nnen.","robots":{"index":"index","follow":"follow","max-snippet":"max-snippet:-1","max-image-preview":"max-image-preview:large","max-video-preview":"max-video-preview:-1"},"canonical":"https:\/\/nuprevento.com\/es\/gesundheit\/krebserkrankungen\/","og_locale":"es_ES","og_type":"article","og_title":"Krebserkrankungen - NuPrevento","og_description":"Erfahren Sie, welchen Einfluss Zucker bei der Entstehung von Krebserkrankungen haben und wie Dr. Coy\u2019s Zucker die Behandlung unterst\u00fctzen k\u00f6nnen.","og_url":"https:\/\/nuprevento.com\/es\/gesundheit\/krebserkrankungen\/","og_site_name":"NuPrevento","article_modified_time":"2026-02-16T08:40:02+00:00","twitter_card":"summary_large_image","twitter_misc":{"Tiempo de lectura":"6 minutos"},"schema":{"@context":"https:\/\/schema.org","@graph":[{"@type":"WebPage","@id":"https:\/\/nuprevento.com\/gesundheit\/krebserkrankungen\/","url":"https:\/\/nuprevento.com\/gesundheit\/krebserkrankungen\/","name":"Krebserkrankungen - NuPrevento","isPartOf":{"@id":"https:\/\/nuprevento.com\/#website"},"datePublished":"2016-07-27T11:31:24+00:00","dateModified":"2026-02-16T08:40:02+00:00","description":"Erfahren Sie, welchen Einfluss Zucker bei der Entstehung von Krebserkrankungen haben und wie Dr. Coy\u2019s Zucker die Behandlung unterst\u00fctzen k\u00f6nnen.","breadcrumb":{"@id":"https:\/\/nuprevento.com\/gesundheit\/krebserkrankungen\/#breadcrumb"},"inLanguage":"es","potentialAction":[{"@type":"ReadAction","target":["https:\/\/nuprevento.com\/gesundheit\/krebserkrankungen\/"]}]},{"@type":"BreadcrumbList","@id":"https:\/\/nuprevento.com\/gesundheit\/krebserkrankungen\/#breadcrumb","itemListElement":[{"@type":"ListItem","position":1,"name":"Startseite","item":"https:\/\/nuprevento.com\/"},{"@type":"ListItem","position":2,"name":"Gesundheit","item":"https:\/\/nuprevento.com\/gesundheit\/"},{"@type":"ListItem","position":3,"name":"Krebserkrankungen"}]},{"@type":"WebSite","@id":"https:\/\/nuprevento.com\/#website","url":"https:\/\/nuprevento.com\/","name":"NuPrevento","description":"Nutrici\u00f3n selectiva - Una nueva generaci\u00f3n de alimentos","publisher":{"@id":"https:\/\/nuprevento.com\/#organization"},"potentialAction":[{"@type":"SearchAction","target":{"@type":"EntryPoint","urlTemplate":"https:\/\/nuprevento.com\/?s={search_term_string}"},"query-input":{"@type":"PropertyValueSpecification","valueRequired":true,"valueName":"search_term_string"}}],"inLanguage":"es"},{"@type":"Organization","@id":"https:\/\/nuprevento.com\/#organization","name":"NuPrevento","url":"https:\/\/nuprevento.com\/","logo":{"@type":"ImageObject","inLanguage":"es","@id":"https:\/\/nuprevento.com\/#\/schema\/logo\/image\/","url":"https:\/\/nuprevento.com\/wp-content\/uploads\/2024\/01\/Logo_NuPrevento_2024.png","contentUrl":"https:\/\/nuprevento.com\/wp-content\/uploads\/2024\/01\/Logo_NuPrevento_2024.png","width":250,"height":87,"caption":"NuPrevento"},"image":{"@id":"https:\/\/nuprevento.com\/#\/schema\/logo\/image\/"}}]}},"_links":{"self":[{"href":"https:\/\/nuprevento.com\/es\/wp-json\/wp\/v2\/pages\/138","targetHints":{"allow":["GET"]}}],"collection":[{"href":"https:\/\/nuprevento.com\/es\/wp-json\/wp\/v2\/pages"}],"about":[{"href":"https:\/\/nuprevento.com\/es\/wp-json\/wp\/v2\/types\/page"}],"author":[{"embeddable":true,"href":"https:\/\/nuprevento.com\/es\/wp-json\/wp\/v2\/users\/1"}],"replies":[{"embeddable":true,"href":"https:\/\/nuprevento.com\/es\/wp-json\/wp\/v2\/comments?post=138"}],"version-history":[{"count":20,"href":"https:\/\/nuprevento.com\/es\/wp-json\/wp\/v2\/pages\/138\/revisions"}],"predecessor-version":[{"id":3443,"href":"https:\/\/nuprevento.com\/es\/wp-json\/wp\/v2\/pages\/138\/revisions\/3443"}],"up":[{"embeddable":true,"href":"https:\/\/nuprevento.com\/es\/wp-json\/wp\/v2\/pages\/107"}],"wp:attachment":[{"href":"https:\/\/nuprevento.com\/es\/wp-json\/wp\/v2\/media?parent=138"}],"curies":[{"name":"wp","href":"https:\/\/api.w.org\/{rel}","templated":true}]}}