{"id":22,"date":"2016-07-12T09:50:44","date_gmt":"2016-07-12T07:50:44","guid":{"rendered":"http:\/\/s272970414.online.de\/wordpress\/intelligent-sugar\/?page_id=22"},"modified":"2026-02-16T10:53:09","modified_gmt":"2026-02-16T09:53:09","slug":"dr-coys-zucker","status":"publish","type":"page","link":"https:\/\/nuprevento.com\/es\/zucker\/dr-coys-zucker\/","title":{"rendered":"El az\u00facar del Dr. Coy: disfrutar con inteligencia"},"content":{"rendered":"<div data-elementor-type=\"wp-page\" data-elementor-id=\"22\" class=\"elementor elementor-22\" data-elementor-post-type=\"page\">\n\t\t\t\t<div class=\"elementor-element elementor-element-36b7cd90 e-flex e-con-boxed e-con e-parent\" data-id=\"36b7cd90\" data-element_type=\"container\">\n\t\t\t\t\t<div class=\"e-con-inner\">\n\t\t\t\t<div class=\"elementor-element elementor-element-1101ea2 elementor-widget elementor-widget-heading\" data-id=\"1101ea2\" data-element_type=\"widget\" data-widget_type=\"heading.default\">\n\t\t\t\t<div class=\"elementor-widget-container\">\n\t\t\t\t\t<h1 class=\"elementor-heading-title elementor-size-default\">El az\u00facar del Dr. Coy: disfrutar con inteligencia<\/h1>\t\t\t\t<\/div>\n\t\t\t\t<\/div>\n\t\t<div class=\"elementor-element elementor-element-66a0884 e-con-full e-flex e-con e-child\" data-id=\"66a0884\" data-element_type=\"container\">\n\t\t\t\t<div class=\"elementor-element elementor-element-9bff51d elementor-widget elementor-widget-text-editor\" data-id=\"9bff51d\" data-element_type=\"widget\" data-widget_type=\"text-editor.default\">\n\t\t\t\t<div class=\"elementor-widget-container\">\n\t\t\t\t\t\t\t\t\t<p data-start=\"315\" data-end=\"819\">El az\u00facar siempre ha sido un tema de doble filo: por un lado, proporciona energ\u00eda r\u00e1pida para la vida cotidiana, el deporte y la concentraci\u00f3n, pero, por otro, a menudo se considera un desencadenante de la obesidad o de da\u00f1os dentales. Con <strong data-start=\"525\" data-end=\"546\">Az\u00facares del Dr. Coy <\/strong>NuPrevento ofrece una selecci\u00f3n de <strong data-start=\"581\" data-end=\"612\">variantes de az\u00facar natural<\/strong>que pueden utilizarse conscientemente en la dieta. Se presentan en forma pura, tambi\u00e9n se encuentran de forma natural en los alimentos y pueden utilizarse espec\u00edficamente en la cocina o para hacer deporte.<\/p><h2 data-start=\"821\" data-end=\"856\">\u00bfQu\u00e9 hace que el az\u00facar sea \"inteligente\"?<\/h2><p data-start=\"857\" data-end=\"1117\">La especialidad de <strong data-start=\"878\" data-end=\"934\">Galactosa, isomaltulosa, tagatosa, trehalosa, ribosa<\/strong> y <strong data-start=\"941\" data-end=\"955\">Eritritol<\/strong> reside en sus diferentes propiedades. Pueden utilizarse individualmente o en combinaci\u00f3n para armonizar mejor el disfrute, la energ\u00eda y la vida cotidiana.<\/p><h2 data-start=\"1119\" data-end=\"1154\">Suministro constante de energ\u00eda<\/h2><p data-start=\"1155\" data-end=\"1551\">Los az\u00facares convencionales suelen hacer que los niveles de az\u00facar en sangre suban y bajen r\u00e1pidamente. El az\u00facar del Dr. Coy como <strong data-start=\"1270\" data-end=\"1311\">Galactosa, isomaltulosa*, tagatosa* y trehalosa<\/strong> se procesan m\u00e1s lentamente y, por tanto, proporcionan energ\u00eda durante un periodo de tiempo m\u00e1s largo. Esto las hace interesantes para situaciones en las que se requiere un rendimiento constante, por ejemplo durante la actividad deportiva o el trabajo mental.<\/p><h2 data-start=\"1553\" data-end=\"1587\">Propiedades beneficiosas para los dientes<\/h2><p data-start=\"1588\" data-end=\"1996\">Mientras que los az\u00facares cl\u00e1sicos son f\u00e1cilmente convertidos en \u00e1cidos por las bacterias de la boca <strong data-start=\"1680\" data-end=\"1740\">Isomaltulosa*, tagatosa* y eritritol*.<\/strong> como respetuosos con los dientes. Los g\u00e9rmenes causantes de la caries apenas o nada los utilizan y, por tanto, contribuyen menos a la formaci\u00f3n de \u00e1cido. Por ello, tambi\u00e9n son adecuados para ni\u00f1os y deportistas que consumen con frecuencia dulces o bebidas con un requerimiento energ\u00e9tico.<\/p><h2 data-start=\"1998\" data-end=\"2035\">Edulcorantes bajos en calor\u00edas<\/h2><p data-start=\"2036\" data-end=\"2347\">Si quiere vigilar las calor\u00edas al endulzar, encontrar\u00e1 <strong data-start=\"2089\" data-end=\"2101\">Tagatosa<\/strong> y <strong data-start=\"2106\" data-end=\"2120\">Eritritol<\/strong> opciones interesantes. La tagatosa tiene un poder edulcorante similar al del az\u00facar dom\u00e9stico, pero aporta menos energ\u00eda. <strong data-start=\"2237\" data-end=\"2251\">Eritritol<\/strong> casi no tiene calor\u00edas, tiene un efecto edulcorante ligeramente refrescante y tambi\u00e9n se tolera bien en grandes cantidades.<\/p>\t\t\t\t\t\t\t\t<\/div>\n\t\t\t\t<\/div>\n\t\t\t\t<div class=\"elementor-element elementor-element-992a788 elementor-widget elementor-widget-heading\" data-id=\"992a788\" data-element_type=\"widget\" data-widget_type=\"heading.default\">\n\t\t\t\t<div class=\"elementor-widget-container\">\n\t\t\t\t\t<h2 class=\"elementor-heading-title elementor-size-default\">Resumen: Propiedades de los az\u00facares y alternativas al az\u00facar<\/h2>\t\t\t\t<\/div>\n\t\t\t\t<\/div>\n\t\t\t\t<div class=\"elementor-element elementor-element-1e92931 elementor-widget elementor-widget-image\" data-id=\"1e92931\" data-element_type=\"widget\" data-widget_type=\"image.default\">\n\t\t\t\t<div class=\"elementor-widget-container\">\n\t\t\t\t\t\t\t\t\t\t\t\t\t\t\t\t<a href=\"https:\/\/nuprevento.com\/wp-content\/uploads\/2025\/10\/Zuckeruebersicht-2.pdf\">\n\t\t\t\t\t\t\t<img fetchpriority=\"high\" decoding=\"async\" width=\"1920\" height=\"1256\" src=\"https:\/\/nuprevento.com\/wp-content\/uploads\/2025\/09\/Nup_1-ZuckerUebersicht_2025_A4-quer.jpeg\" class=\"attachment-full size-full wp-image-3150\" alt=\"\" srcset=\"https:\/\/nuprevento.com\/wp-content\/uploads\/2025\/09\/Nup_1-ZuckerUebersicht_2025_A4-quer.jpeg 1920w, https:\/\/nuprevento.com\/wp-content\/uploads\/2025\/09\/Nup_1-ZuckerUebersicht_2025_A4-quer-300x196.jpeg 300w, https:\/\/nuprevento.com\/wp-content\/uploads\/2025\/09\/Nup_1-ZuckerUebersicht_2025_A4-quer-1024x670.jpeg 1024w, https:\/\/nuprevento.com\/wp-content\/uploads\/2025\/09\/Nup_1-ZuckerUebersicht_2025_A4-quer-768x502.jpeg 768w, https:\/\/nuprevento.com\/wp-content\/uploads\/2025\/09\/Nup_1-ZuckerUebersicht_2025_A4-quer-1536x1005.jpeg 1536w, https:\/\/nuprevento.com\/wp-content\/uploads\/2025\/09\/Nup_1-ZuckerUebersicht_2025_A4-quer-18x12.jpeg 18w\" sizes=\"(max-width: 1920px) 100vw, 1920px\" \/>\t\t\t\t\t\t\t\t<\/a>\n\t\t\t\t\t\t\t\t\t\t\t\t\t\t\t<\/div>\n\t\t\t\t<\/div>\n\t\t\t\t<div class=\"elementor-element elementor-element-d26b130 elementor-widget elementor-widget-heading\" data-id=\"d26b130\" data-element_type=\"widget\" data-widget_type=\"heading.default\">\n\t\t\t\t<div class=\"elementor-widget-container\">\n\t\t\t\t\t<h2 class=\"elementor-heading-title elementor-size-default\">M\u00e1s informaci\u00f3n sobre cada uno de los az\u00facares inteligentes<\/h2>\t\t\t\t<\/div>\n\t\t\t\t<\/div>\n\t\t\t\t<div class=\"elementor-element elementor-element-24ad20c elementor-nav-menu__align-center elementor-nav-menu__text-align-center elementor-nav-menu--dropdown-tablet elementor-widget elementor-widget-nav-menu\" data-id=\"24ad20c\" data-element_type=\"widget\" data-settings=\"{&quot;layout&quot;:&quot;horizontal&quot;,&quot;submenu_icon&quot;:{&quot;value&quot;:&quot;&lt;svg class=\\&quot;e-font-icon-svg e-fas-caret-down\\&quot; viewBox=\\&quot;0 0 320 512\\&quot; xmlns=\\&quot;http:\\\/\\\/www.w3.org\\\/2000\\\/svg\\&quot;&gt;&lt;path d=\\&quot;M31.3 192h257.3c17.8 0 26.7 21.5 14.1 34.1L174.1 354.8c-7.8 7.8-20.5 7.8-28.3 0L17.2 226.1C4.6 213.5 13.5 192 31.3 192z\\&quot;&gt;&lt;\\\/path&gt;&lt;\\\/svg&gt;&quot;,&quot;library&quot;:&quot;fa-solid&quot;}}\" data-widget_type=\"nav-menu.default\">\n\t\t\t\t<div class=\"elementor-widget-container\">\n\t\t\t\t\t\t\t\t<nav aria-label=\"Men\u00fa\" class=\"elementor-nav-menu--main elementor-nav-menu__container elementor-nav-menu--layout-horizontal e--pointer-none\">\n\t\t\t\t<ul id=\"menu-1-24ad20c\" class=\"elementor-nav-menu\"><li class=\"menu-item menu-item-type-post_type menu-item-object-page menu-item-2125\"><a href=\"https:\/\/nuprevento.com\/es\/zucker\/dr-coys-zucker\/galactose\/\" class=\"elementor-item\">Galactosa<\/a><\/li>\n<li class=\"menu-item menu-item-type-post_type menu-item-object-page menu-item-2126\"><a href=\"https:\/\/nuprevento.com\/es\/zucker\/dr-coys-zucker\/isomaltulose\/\" class=\"elementor-item\">Isomaltulosa<\/a><\/li>\n<li class=\"menu-item menu-item-type-post_type menu-item-object-page menu-item-2127\"><a href=\"https:\/\/nuprevento.com\/es\/zucker\/dr-coys-zucker\/tagatose\/\" class=\"elementor-item\">Tagatosa<\/a><\/li>\n<li class=\"menu-item menu-item-type-post_type menu-item-object-page menu-item-2128\"><a href=\"https:\/\/nuprevento.com\/es\/zucker\/dr-coys-zucker\/trehalose\/\" class=\"elementor-item\">Trehalosa<\/a><\/li>\n<li class=\"menu-item menu-item-type-post_type menu-item-object-page menu-item-2129\"><a href=\"https:\/\/nuprevento.com\/es\/zucker\/dr-coys-zucker\/ribose\/\" class=\"elementor-item\">Ribosa<\/a><\/li>\n<\/ul>\t\t\t<\/nav>\n\t\t\t\t\t\t<nav class=\"elementor-nav-menu--dropdown elementor-nav-menu__container\" aria-hidden=\"true\">\n\t\t\t\t<ul id=\"menu-2-24ad20c\" class=\"elementor-nav-menu\"><li class=\"menu-item menu-item-type-post_type menu-item-object-page menu-item-2125\"><a href=\"https:\/\/nuprevento.com\/es\/zucker\/dr-coys-zucker\/galactose\/\" class=\"elementor-item\" tabindex=\"-1\">Galactosa<\/a><\/li>\n<li class=\"menu-item menu-item-type-post_type menu-item-object-page menu-item-2126\"><a href=\"https:\/\/nuprevento.com\/es\/zucker\/dr-coys-zucker\/isomaltulose\/\" class=\"elementor-item\" tabindex=\"-1\">Isomaltulosa<\/a><\/li>\n<li class=\"menu-item menu-item-type-post_type menu-item-object-page menu-item-2127\"><a href=\"https:\/\/nuprevento.com\/es\/zucker\/dr-coys-zucker\/tagatose\/\" class=\"elementor-item\" tabindex=\"-1\">Tagatosa<\/a><\/li>\n<li class=\"menu-item menu-item-type-post_type menu-item-object-page menu-item-2128\"><a href=\"https:\/\/nuprevento.com\/es\/zucker\/dr-coys-zucker\/trehalose\/\" class=\"elementor-item\" tabindex=\"-1\">Trehalosa<\/a><\/li>\n<li class=\"menu-item menu-item-type-post_type menu-item-object-page menu-item-2129\"><a href=\"https:\/\/nuprevento.com\/es\/zucker\/dr-coys-zucker\/ribose\/\" class=\"elementor-item\" tabindex=\"-1\">Ribosa<\/a><\/li>\n<\/ul>\t\t\t<\/nav>\n\t\t\t\t\t\t<\/div>\n\t\t\t\t<\/div>\n\t\t\t\t<div class=\"elementor-element elementor-element-3f467a5 elementor-widget elementor-widget-text-editor\" data-id=\"3f467a5\" data-element_type=\"widget\" data-widget_type=\"text-editor.default\">\n\t\t\t\t<div class=\"elementor-widget-container\">\n\t\t\t\t\t\t\t\t\t<p>\u00a0<\/p><p>*\u00a0<strong>La Autoridad Europea de Seguridad Alimentaria (EFSA) confirma que el consumo de alimentos\/bebidas que contienen otros tipos de az\u00facar, como tagatosa, isomaltulosa y eritritol en lugar de az\u00facar, no constituye un factor de riesgo: <\/strong>hacen que el nivel de az\u00facar en sangre aumente menos bruscamente tras su consumo que cuando se consumen alimentos\/bebidas azucarados, y contribuyen a la mineralizaci\u00f3n de los dientes.<\/p>\t\t\t\t\t\t\t\t<\/div>\n\t\t\t\t<\/div>\n\t\t\t\t<\/div>\n\t\t\t\t\t<\/div>\n\t\t\t\t<\/div>\n\t\t\t\t<\/div>","protected":false},"excerpt":{"rendered":"<p>Zucker sind seit jeher ein zweischneidiges Thema: Einerseits liefern sie schnelle Energie f\u00fcr Alltag, Sport und Konzentration, andererseits gelten sie oft als Ausl\u00f6ser f\u00fcr \u00dcbergewicht oder Zahnsch\u00e4den. Mit Dr. Coy\u2019s Zuckern bietet NuPrevento eine Auswahl an nat\u00fcrlichen Zuckervarianten, die bewusst in der Ern\u00e4hrung eingesetzt werden k\u00f6nnen. Sie kommen in reiner Form vor, sind auch in [&hellip;]<\/p>","protected":false},"author":1,"featured_media":0,"parent":63,"menu_order":2,"comment_status":"closed","ping_status":"closed","template":"","meta":{"footnotes":""},"class_list":["post-22","page","type-page","status-publish","hentry"],"yoast_head":"<!-- This site is optimized with the Yoast SEO plugin v27.4 - https:\/\/yoast.com\/product\/yoast-seo-wordpress\/ -->\n<title>Dr. Coy\u2019s Zucker: intelligent genie\u00dfen - NuPrevento<\/title>\n<meta name=\"description\" content=\"Entdecken Sie Dr. Coy&#039;s Zucker wie Galactose und Ribose, die Ihren K\u00f6rper nicht wie herk\u00f6mmlicher Zucker belasten. Erfahren Sie, wie intelligente Zucker den TKTL1-Stoffwechsel positiv beeinflussen und Ihre Gesundheit unterst\u00fctzen.\" \/>\n<meta name=\"robots\" content=\"index, follow, max-snippet:-1, max-image-preview:large, max-video-preview:-1\" \/>\n<link rel=\"canonical\" href=\"https:\/\/nuprevento.com\/es\/zucker\/dr-coys-zucker\/\" \/>\n<meta property=\"og:locale\" content=\"es_ES\" \/>\n<meta property=\"og:type\" content=\"article\" \/>\n<meta property=\"og:title\" content=\"Dr. Coy\u2019s Zucker: intelligent genie\u00dfen - NuPrevento\" \/>\n<meta property=\"og:description\" content=\"Entdecken Sie Dr. Coy&#039;s Zucker wie Galactose und Ribose, die Ihren K\u00f6rper nicht wie herk\u00f6mmlicher Zucker belasten. Erfahren Sie, wie intelligente Zucker den TKTL1-Stoffwechsel positiv beeinflussen und Ihre Gesundheit unterst\u00fctzen.\" \/>\n<meta property=\"og:url\" content=\"https:\/\/nuprevento.com\/es\/zucker\/dr-coys-zucker\/\" \/>\n<meta property=\"og:site_name\" content=\"NuPrevento\" \/>\n<meta property=\"article:modified_time\" content=\"2026-02-16T09:53:09+00:00\" \/>\n<meta property=\"og:image\" content=\"https:\/\/nuprevento.com\/wp-content\/uploads\/2025\/09\/Nup_1-ZuckerUebersicht_2025_A4-quer.jpeg\" \/>\n\t<meta property=\"og:image:width\" content=\"1920\" \/>\n\t<meta property=\"og:image:height\" content=\"1256\" \/>\n\t<meta property=\"og:image:type\" content=\"image\/jpeg\" \/>\n<meta name=\"twitter:card\" content=\"summary_large_image\" \/>\n<meta name=\"twitter:label1\" content=\"Tiempo de lectura\" \/>\n\t<meta name=\"twitter:data1\" content=\"3 minutos\" \/>\n<script type=\"application\/ld+json\" class=\"yoast-schema-graph\">{\"@context\":\"https:\\\/\\\/schema.org\",\"@graph\":[{\"@type\":\"WebPage\",\"@id\":\"https:\\\/\\\/nuprevento.com\\\/zucker\\\/dr-coys-zucker\\\/\",\"url\":\"https:\\\/\\\/nuprevento.com\\\/zucker\\\/dr-coys-zucker\\\/\",\"name\":\"Dr. Coy\u2019s Zucker: intelligent genie\u00dfen - NuPrevento\",\"isPartOf\":{\"@id\":\"https:\\\/\\\/nuprevento.com\\\/#website\"},\"primaryImageOfPage\":{\"@id\":\"https:\\\/\\\/nuprevento.com\\\/zucker\\\/dr-coys-zucker\\\/#primaryimage\"},\"image\":{\"@id\":\"https:\\\/\\\/nuprevento.com\\\/zucker\\\/dr-coys-zucker\\\/#primaryimage\"},\"thumbnailUrl\":\"https:\\\/\\\/nuprevento.com\\\/wp-content\\\/uploads\\\/2025\\\/09\\\/Nup_1-ZuckerUebersicht_2025_A4-quer.jpeg\",\"datePublished\":\"2016-07-12T07:50:44+00:00\",\"dateModified\":\"2026-02-16T09:53:09+00:00\",\"description\":\"Entdecken Sie Dr. Coy's Zucker wie Galactose und Ribose, die Ihren K\u00f6rper nicht wie herk\u00f6mmlicher Zucker belasten. Erfahren Sie, wie intelligente Zucker den TKTL1-Stoffwechsel positiv beeinflussen und Ihre Gesundheit unterst\u00fctzen.\",\"breadcrumb\":{\"@id\":\"https:\\\/\\\/nuprevento.com\\\/zucker\\\/dr-coys-zucker\\\/#breadcrumb\"},\"inLanguage\":\"es\",\"potentialAction\":[{\"@type\":\"ReadAction\",\"target\":[\"https:\\\/\\\/nuprevento.com\\\/zucker\\\/dr-coys-zucker\\\/\"]}]},{\"@type\":\"ImageObject\",\"inLanguage\":\"es\",\"@id\":\"https:\\\/\\\/nuprevento.com\\\/zucker\\\/dr-coys-zucker\\\/#primaryimage\",\"url\":\"https:\\\/\\\/nuprevento.com\\\/wp-content\\\/uploads\\\/2025\\\/09\\\/Nup_1-ZuckerUebersicht_2025_A4-quer.jpeg\",\"contentUrl\":\"https:\\\/\\\/nuprevento.com\\\/wp-content\\\/uploads\\\/2025\\\/09\\\/Nup_1-ZuckerUebersicht_2025_A4-quer.jpeg\"},{\"@type\":\"BreadcrumbList\",\"@id\":\"https:\\\/\\\/nuprevento.com\\\/zucker\\\/dr-coys-zucker\\\/#breadcrumb\",\"itemListElement\":[{\"@type\":\"ListItem\",\"position\":1,\"name\":\"Startseite\",\"item\":\"https:\\\/\\\/nuprevento.com\\\/\"},{\"@type\":\"ListItem\",\"position\":2,\"name\":\"Zucker: Eine N\u00e4hrstoffgruppe mit vielen Gesichtern\",\"item\":\"https:\\\/\\\/nuprevento.com\\\/zucker\\\/\"},{\"@type\":\"ListItem\",\"position\":3,\"name\":\"Dr. Coy\u2019s Zucker: intelligent genie\u00dfen\"}]},{\"@type\":\"WebSite\",\"@id\":\"https:\\\/\\\/nuprevento.com\\\/#website\",\"url\":\"https:\\\/\\\/nuprevento.com\\\/\",\"name\":\"NuPrevento\",\"description\":\"Targeted Nutrition - Eine neue Generation von Lebensmitteln\",\"publisher\":{\"@id\":\"https:\\\/\\\/nuprevento.com\\\/#organization\"},\"potentialAction\":[{\"@type\":\"SearchAction\",\"target\":{\"@type\":\"EntryPoint\",\"urlTemplate\":\"https:\\\/\\\/nuprevento.com\\\/?s={search_term_string}\"},\"query-input\":{\"@type\":\"PropertyValueSpecification\",\"valueRequired\":true,\"valueName\":\"search_term_string\"}}],\"inLanguage\":\"es\"},{\"@type\":\"Organization\",\"@id\":\"https:\\\/\\\/nuprevento.com\\\/#organization\",\"name\":\"NuPrevento\",\"url\":\"https:\\\/\\\/nuprevento.com\\\/\",\"logo\":{\"@type\":\"ImageObject\",\"inLanguage\":\"es\",\"@id\":\"https:\\\/\\\/nuprevento.com\\\/#\\\/schema\\\/logo\\\/image\\\/\",\"url\":\"https:\\\/\\\/nuprevento.com\\\/wp-content\\\/uploads\\\/2024\\\/01\\\/Logo_NuPrevento_2024.png\",\"contentUrl\":\"https:\\\/\\\/nuprevento.com\\\/wp-content\\\/uploads\\\/2024\\\/01\\\/Logo_NuPrevento_2024.png\",\"width\":250,\"height\":87,\"caption\":\"NuPrevento\"},\"image\":{\"@id\":\"https:\\\/\\\/nuprevento.com\\\/#\\\/schema\\\/logo\\\/image\\\/\"}}]}<\/script>\n<!-- \/ Yoast SEO plugin. -->","yoast_head_json":{"title":"Dr. Coy\u2019s Zucker: intelligent genie\u00dfen - NuPrevento","description":"Entdecken Sie Dr. Coy's Zucker wie Galactose und Ribose, die Ihren K\u00f6rper nicht wie herk\u00f6mmlicher Zucker belasten. Erfahren Sie, wie intelligente Zucker den TKTL1-Stoffwechsel positiv beeinflussen und Ihre Gesundheit unterst\u00fctzen.","robots":{"index":"index","follow":"follow","max-snippet":"max-snippet:-1","max-image-preview":"max-image-preview:large","max-video-preview":"max-video-preview:-1"},"canonical":"https:\/\/nuprevento.com\/es\/zucker\/dr-coys-zucker\/","og_locale":"es_ES","og_type":"article","og_title":"Dr. Coy\u2019s Zucker: intelligent genie\u00dfen - NuPrevento","og_description":"Entdecken Sie Dr. Coy's Zucker wie Galactose und Ribose, die Ihren K\u00f6rper nicht wie herk\u00f6mmlicher Zucker belasten. Erfahren Sie, wie intelligente Zucker den TKTL1-Stoffwechsel positiv beeinflussen und Ihre Gesundheit unterst\u00fctzen.","og_url":"https:\/\/nuprevento.com\/es\/zucker\/dr-coys-zucker\/","og_site_name":"NuPrevento","article_modified_time":"2026-02-16T09:53:09+00:00","og_image":[{"width":1920,"height":1256,"url":"https:\/\/nuprevento.com\/wp-content\/uploads\/2025\/09\/Nup_1-ZuckerUebersicht_2025_A4-quer.jpeg","type":"image\/jpeg"}],"twitter_card":"summary_large_image","twitter_misc":{"Tiempo de lectura":"3 minutos"},"schema":{"@context":"https:\/\/schema.org","@graph":[{"@type":"WebPage","@id":"https:\/\/nuprevento.com\/zucker\/dr-coys-zucker\/","url":"https:\/\/nuprevento.com\/zucker\/dr-coys-zucker\/","name":"Dr. Coy\u2019s Zucker: intelligent genie\u00dfen - NuPrevento","isPartOf":{"@id":"https:\/\/nuprevento.com\/#website"},"primaryImageOfPage":{"@id":"https:\/\/nuprevento.com\/zucker\/dr-coys-zucker\/#primaryimage"},"image":{"@id":"https:\/\/nuprevento.com\/zucker\/dr-coys-zucker\/#primaryimage"},"thumbnailUrl":"https:\/\/nuprevento.com\/wp-content\/uploads\/2025\/09\/Nup_1-ZuckerUebersicht_2025_A4-quer.jpeg","datePublished":"2016-07-12T07:50:44+00:00","dateModified":"2026-02-16T09:53:09+00:00","description":"Entdecken Sie Dr. Coy's Zucker wie Galactose und Ribose, die Ihren K\u00f6rper nicht wie herk\u00f6mmlicher Zucker belasten. Erfahren Sie, wie intelligente Zucker den TKTL1-Stoffwechsel positiv beeinflussen und Ihre Gesundheit unterst\u00fctzen.","breadcrumb":{"@id":"https:\/\/nuprevento.com\/zucker\/dr-coys-zucker\/#breadcrumb"},"inLanguage":"es","potentialAction":[{"@type":"ReadAction","target":["https:\/\/nuprevento.com\/zucker\/dr-coys-zucker\/"]}]},{"@type":"ImageObject","inLanguage":"es","@id":"https:\/\/nuprevento.com\/zucker\/dr-coys-zucker\/#primaryimage","url":"https:\/\/nuprevento.com\/wp-content\/uploads\/2025\/09\/Nup_1-ZuckerUebersicht_2025_A4-quer.jpeg","contentUrl":"https:\/\/nuprevento.com\/wp-content\/uploads\/2025\/09\/Nup_1-ZuckerUebersicht_2025_A4-quer.jpeg"},{"@type":"BreadcrumbList","@id":"https:\/\/nuprevento.com\/zucker\/dr-coys-zucker\/#breadcrumb","itemListElement":[{"@type":"ListItem","position":1,"name":"Startseite","item":"https:\/\/nuprevento.com\/"},{"@type":"ListItem","position":2,"name":"Zucker: Eine N\u00e4hrstoffgruppe mit vielen Gesichtern","item":"https:\/\/nuprevento.com\/zucker\/"},{"@type":"ListItem","position":3,"name":"Dr. Coy\u2019s Zucker: intelligent genie\u00dfen"}]},{"@type":"WebSite","@id":"https:\/\/nuprevento.com\/#website","url":"https:\/\/nuprevento.com\/","name":"NuPrevento","description":"Nutrici\u00f3n selectiva - Una nueva generaci\u00f3n de alimentos","publisher":{"@id":"https:\/\/nuprevento.com\/#organization"},"potentialAction":[{"@type":"SearchAction","target":{"@type":"EntryPoint","urlTemplate":"https:\/\/nuprevento.com\/?s={search_term_string}"},"query-input":{"@type":"PropertyValueSpecification","valueRequired":true,"valueName":"search_term_string"}}],"inLanguage":"es"},{"@type":"Organization","@id":"https:\/\/nuprevento.com\/#organization","name":"NuPrevento","url":"https:\/\/nuprevento.com\/","logo":{"@type":"ImageObject","inLanguage":"es","@id":"https:\/\/nuprevento.com\/#\/schema\/logo\/image\/","url":"https:\/\/nuprevento.com\/wp-content\/uploads\/2024\/01\/Logo_NuPrevento_2024.png","contentUrl":"https:\/\/nuprevento.com\/wp-content\/uploads\/2024\/01\/Logo_NuPrevento_2024.png","width":250,"height":87,"caption":"NuPrevento"},"image":{"@id":"https:\/\/nuprevento.com\/#\/schema\/logo\/image\/"}}]}},"_links":{"self":[{"href":"https:\/\/nuprevento.com\/es\/wp-json\/wp\/v2\/pages\/22","targetHints":{"allow":["GET"]}}],"collection":[{"href":"https:\/\/nuprevento.com\/es\/wp-json\/wp\/v2\/pages"}],"about":[{"href":"https:\/\/nuprevento.com\/es\/wp-json\/wp\/v2\/types\/page"}],"author":[{"embeddable":true,"href":"https:\/\/nuprevento.com\/es\/wp-json\/wp\/v2\/users\/1"}],"replies":[{"embeddable":true,"href":"https:\/\/nuprevento.com\/es\/wp-json\/wp\/v2\/comments?post=22"}],"version-history":[{"count":78,"href":"https:\/\/nuprevento.com\/es\/wp-json\/wp\/v2\/pages\/22\/revisions"}],"predecessor-version":[{"id":3498,"href":"https:\/\/nuprevento.com\/es\/wp-json\/wp\/v2\/pages\/22\/revisions\/3498"}],"up":[{"embeddable":true,"href":"https:\/\/nuprevento.com\/es\/wp-json\/wp\/v2\/pages\/63"}],"wp:attachment":[{"href":"https:\/\/nuprevento.com\/es\/wp-json\/wp\/v2\/media?parent=22"}],"curies":[{"name":"wp","href":"https:\/\/api.w.org\/{rel}","templated":true}]}}