{"id":3285,"date":"2025-12-15T15:04:54","date_gmt":"2025-12-15T14:04:54","guid":{"rendered":"https:\/\/nuprevento.com\/?page_id=3285"},"modified":"2026-02-04T11:38:29","modified_gmt":"2026-02-04T10:38:29","slug":"nusweets","status":"publish","type":"page","link":"https:\/\/nuprevento.com\/es\/nusweets\/","title":{"rendered":"NuSweets"},"content":{"rendered":"<div data-elementor-type=\"wp-page\" data-elementor-id=\"3285\" class=\"elementor elementor-3285\" data-elementor-post-type=\"page\">\n\t\t\t\t<div class=\"elementor-element elementor-element-4eefce9 e-flex e-con-boxed e-con e-parent\" data-id=\"4eefce9\" data-element_type=\"container\">\n\t\t\t\t\t<div class=\"e-con-inner\">\n\t\t\t\t<div class=\"elementor-element elementor-element-6c07a65 elementor-widget elementor-widget-text-editor\" data-id=\"6c07a65\" data-element_type=\"widget\" data-widget_type=\"text-editor.default\">\n\t\t\t\t<div class=\"elementor-widget-container\">\n\t\t\t\t\t\t\t\t\t<h2 data-start=\"231\" data-end=\"272\">NuSweets \u00ae: un capricho inteligente repensado<\/h2><p data-start=\"274\" data-end=\"467\">NuSweets \u00ae representa un concepto de confiter\u00eda que satisface los requisitos nutricionales modernos. La atenci\u00f3n se centra en el deseo, <strong data-start=\"390\" data-end=\"412\">merendar conscientemente<\/strong>, sin sacrificar el sabor ni la variedad.<\/p><h2 data-start=\"474\" data-end=\"496\">Dulce, pero diferente<\/h2><p data-start=\"498\" data-end=\"798\">Muchos productos de confiter\u00eda convencionales contienen grandes cantidades de az\u00facar dom\u00e9stico, lo que a menudo provoca <strong data-start=\"583\" data-end=\"609\">Fluctuaciones de az\u00facar en sangre<\/strong>, <strong data-start=\"611\" data-end=\"627\">Riesgo de caries<\/strong> y un <strong data-start=\"638\" data-end=\"665\">comportamiento alimentario poco saludable<\/strong> puede provocar una p\u00e9rdida de sabor. En su lugar, NuSweets \u00ae se basa en <strong data-start=\"711\" data-end=\"739\">az\u00facares funcionales<\/strong>, que se seleccionan deliberadamente y se combinan con inteligencia.<\/p><h2 data-start=\"805\" data-end=\"840\">Centrarse en tipos alternativos de az\u00facar<\/h2><p data-start=\"842\" data-end=\"901\">Para endulzar se utilizan los siguientes tipos de az\u00facar:<\/p><ul data-start=\"903\" data-end=\"989\"><li data-start=\"903\" data-end=\"919\"><p data-start=\"905\" data-end=\"919\"><strong data-start=\"905\" data-end=\"917\">Galactosa<\/strong><\/p><\/li><li data-start=\"903\" data-end=\"919\"><p data-start=\"905\" data-end=\"919\"><strong data-start=\"922\" data-end=\"935\">Isomaltulosa<\/strong><\/p><\/li><li data-start=\"903\" data-end=\"919\"><p data-start=\"905\" data-end=\"919\"><strong>Manosa<\/strong><\/p><\/li><li data-start=\"938\" data-end=\"958\"><p data-start=\"940\" data-end=\"958\"><strong data-start=\"940\" data-end=\"956\">Tagatosa<\/strong><\/p><\/li><li data-start=\"959\" data-end=\"976\"><p data-start=\"961\" data-end=\"976\"><strong data-start=\"961\" data-end=\"974\">Trehalosa<\/strong><\/p><\/li><li data-start=\"977\" data-end=\"989\"><p data-start=\"979\" data-end=\"989\"><strong data-start=\"979\" data-end=\"989\">Ribosa<\/strong><\/p><\/li><\/ul><p data-start=\"991\" data-end=\"1257\">Pertenecen a la denominada <strong data-start=\"1023\" data-end=\"1066\">tipos de az\u00facar funcionales o poco comunes<\/strong>, que se caracterizan por unas propiedades especiales. Seg\u00fan su composici\u00f3n, pueden tener un <strong data-start=\"1165\" data-end=\"1214\">menos influencia en el nivel de az\u00facar en sangre *<\/strong> tener o como <strong data-start=\"1230\" data-end=\"1248\">Respetuoso con los dientes<\/strong> aplicar *.<\/p><h2 data-start=\"1264\" data-end=\"1298\">Resumen de las posibles ventajas<\/h2><ul data-start=\"1300\" data-end=\"1632\"><li data-start=\"1300\" data-end=\"1350\"><p data-start=\"1302\" data-end=\"1350\">Sin az\u00facar de mesa refinado (sacarosa)<\/p><\/li><li data-start=\"1351\" data-end=\"1399\"><p data-start=\"1353\" data-end=\"1399\">Respetuoso con los dientes gracias a los az\u00facares seleccionados *<\/p><\/li><li data-start=\"1400\" data-end=\"1441\"><p data-start=\"1402\" data-end=\"1441\">Posibilidad de reducir los niveles de az\u00facar en sangre *<\/p><\/li><li data-start=\"1442\" data-end=\"1479\"><p data-start=\"1444\" data-end=\"1479\">Sin edulcorantes sint\u00e9ticos<\/p><\/li><li data-start=\"1480\" data-end=\"1518\"><p data-start=\"1482\" data-end=\"1518\">Alto contenido en fibra, dependiendo del producto<\/p><\/li><li data-start=\"1519\" data-end=\"1569\"><p data-start=\"1521\" data-end=\"1569\">Compatible con conceptos ceto o diab\u00e9ticos<\/p><\/li><li data-start=\"1570\" data-end=\"1632\"><p data-start=\"1572\" data-end=\"1632\">Uso vers\u00e1til en bebidas, aperitivos o postres<\/p><\/li><\/ul><h2 data-start=\"1639\" data-end=\"1674\">Variedad de posibilidades dulces<\/h2><p data-start=\"1676\" data-end=\"1850\">NuSweets\u00ae concibe la confiter\u00eda como parte de un <strong data-start=\"1719\" data-end=\"1744\">estilo de vida consciente<\/strong> - no como un sacrificio. Las diferentes formas de los productos permiten una integraci\u00f3n flexible en la vida cotidiana:<\/p><ul data-start=\"1852\" data-end=\"2107\"><li data-start=\"1852\" data-end=\"1888\"><p data-start=\"1854\" data-end=\"1888\">Bombones con cacao fino aromatizado<\/p><\/li><li data-start=\"1889\" data-end=\"1952\"><p data-start=\"1891\" data-end=\"1952\">Barritas edulcoradas funcionales con sabor afrutado<\/p><\/li><li data-start=\"1953\" data-end=\"2023\"><p data-start=\"1955\" data-end=\"2023\">Jarabes naturales para refinar el yogur, el agua o las gachas de avena<\/p><\/li><li data-start=\"2024\" data-end=\"2107\"><p data-start=\"2026\" data-end=\"2107\">Bebidas carbonatadas como COyLA como alternativa a los refrescos cl\u00e1sicos<\/p><\/li><\/ul><h2 data-start=\"2114\" data-end=\"2158\">M\u00e1s que bonito: funcionalmente bien pensado<\/h2><p data-start=\"2160\" data-end=\"2239\">Dependiendo de la composici\u00f3n del producto, puede contener otros nutrientes, por ejemplo<\/p><ul data-start=\"2241\" data-end=\"2486\"><li data-start=\"2241\" data-end=\"2302\"><p data-start=\"2243\" data-end=\"2302\"><strong data-start=\"2243\" data-end=\"2271\">Tocotrienoles (vitamina E)<\/strong> como contribuci\u00f3n a la protecci\u00f3n celular **<\/p><\/li><li data-start=\"2303\" data-end=\"2366\"><p data-start=\"2305\" data-end=\"2366\"><strong data-start=\"2305\" data-end=\"2318\">Magnesio<\/strong> para apoyar el metabolismo energ\u00e9tico ***<\/p><\/li><li data-start=\"2367\" data-end=\"2416\"><p data-start=\"2369\" data-end=\"2416\"><strong data-start=\"2369\" data-end=\"2397\">Fibra diet\u00e9tica resistente<\/strong> como la dextrina de ma\u00edz<\/p><\/li><li data-start=\"2417\" data-end=\"2486\"><p data-start=\"2419\" data-end=\"2486\"><strong data-start=\"2419\" data-end=\"2445\">Polifenoles y colina<\/strong> - en bebidas funcionales como COyLA<\/p><\/li><\/ul><p data-start=\"2488\" data-end=\"2649\">Estos ingredientes complementan el planteamiento de NuSweets\u00ae de tratar los dulces no s\u00f3lo como un capricho, sino tambi\u00e9n como un alimento. <strong data-start=\"2588\" data-end=\"2635\">Parte de un concepto nutricional funcional<\/strong> entender.<\/p><h2 data-start=\"2656\" data-end=\"2695\">Saborear lo dulce - consciente y contempor\u00e1neo<\/h2><p data-start=\"2697\" data-end=\"2940\">Ya sea para desayunar, como tentempi\u00e9 entre horas o como dulce final del d\u00eda, el concepto NuSweets\u00ae facilita los tentempi\u00e9s. <strong data-start=\"2826\" data-end=\"2856\">ameno y reflexivo<\/strong> adaptados a las dietas modernas y sin las cl\u00e1sicas trampas del az\u00facar.<\/p><h6 data-start=\"2697\" data-end=\"2940\">\u00a0<\/h6><h6 data-start=\"2697\" data-end=\"2940\"><span style=\"font-size: 12px\">Seg\u00fan el dictamen (declaraciones de propiedades saludables) de la Autoridad Europea de Seguridad Alimentaria (EFSA), las siguientes sustancias pueden contribuir cient\u00edficamente a la salud:<\/span><span style=\"font-size: 12px\">* El consumo de alimentos que contienen tagatosa o isomaltulosa en lugar de az\u00facar reduce el aumento de los niveles de az\u00facar en sangre y ayuda a mantener la mineralizaci\u00f3n de los dientes.<\/span><\/h6><h6 data-start=\"2697\" data-end=\"2940\"><span style=\"font-size: 12px\">** La vitamina E contribuye a la protecci\u00f3n de las c\u00e9lulas frente al estr\u00e9s oxidativo.<\/span><\/h6><h6 data-start=\"2697\" data-end=\"2940\"><span style=\"font-size: 12px\">*** El magnesio contribuye al mantenimiento del metabolismo energ\u00e9tico normal.<\/span><\/h6>\t\t\t\t\t\t\t\t<\/div>\n\t\t\t\t<\/div>\n\t\t\t\t\t<\/div>\n\t\t\t\t<\/div>\n\t\t\t\t<\/div>","protected":false},"excerpt":{"rendered":"<p>NuSweets \u00ae \u2013 smarter Genuss neu gedacht NuSweets \u00ae steht f\u00fcr ein S\u00fc\u00dfwarenkonzept, das modernen Ern\u00e4hrungsanspr\u00fcchen gerecht wird. Im Fokus steht der Wunsch, bewusst zu naschen, ohne dabei auf Geschmack oder Vielfalt zu verzichten. S\u00fc\u00dfes \u2013 aber anders Viele herk\u00f6mmliche S\u00fc\u00dfwaren enthalten gro\u00dfe Mengen an Haushaltszucker, was h\u00e4ufig zu Blutzuckerschwankungen, Kariesrisiko und einem ungesunden Essverhalten [&hellip;]<\/p>","protected":false},"author":6,"featured_media":0,"parent":0,"menu_order":0,"comment_status":"closed","ping_status":"closed","template":"","meta":{"footnotes":""},"class_list":["post-3285","page","type-page","status-publish","hentry"],"yoast_head":"<!-- This site is optimized with the Yoast SEO plugin v27.4 - https:\/\/yoast.com\/product\/yoast-seo-wordpress\/ -->\n<title>NuSweets - NuPrevento<\/title>\n<meta name=\"robots\" content=\"index, follow, max-snippet:-1, max-image-preview:large, max-video-preview:-1\" \/>\n<link rel=\"canonical\" href=\"https:\/\/nuprevento.com\/es\/nusweets\/\" \/>\n<meta property=\"og:locale\" content=\"es_ES\" \/>\n<meta property=\"og:type\" content=\"article\" \/>\n<meta property=\"og:title\" content=\"NuSweets - NuPrevento\" \/>\n<meta property=\"og:description\" content=\"NuSweets \u00ae \u2013 smarter Genuss neu gedacht NuSweets \u00ae steht f\u00fcr ein S\u00fc\u00dfwarenkonzept, das modernen Ern\u00e4hrungsanspr\u00fcchen gerecht wird. Im Fokus steht der Wunsch, bewusst zu naschen, ohne dabei auf Geschmack oder Vielfalt zu verzichten. S\u00fc\u00dfes \u2013 aber anders Viele herk\u00f6mmliche S\u00fc\u00dfwaren enthalten gro\u00dfe Mengen an Haushaltszucker, was h\u00e4ufig zu Blutzuckerschwankungen, Kariesrisiko und einem ungesunden Essverhalten [&hellip;]\" \/>\n<meta property=\"og:url\" content=\"https:\/\/nuprevento.com\/es\/nusweets\/\" \/>\n<meta property=\"og:site_name\" content=\"NuPrevento\" \/>\n<meta property=\"article:modified_time\" content=\"2026-02-04T10:38:29+00:00\" \/>\n<meta name=\"twitter:card\" content=\"summary_large_image\" \/>\n<meta name=\"twitter:label1\" content=\"Tiempo de lectura\" \/>\n\t<meta name=\"twitter:data1\" content=\"3 minutos\" \/>\n<script type=\"application\/ld+json\" class=\"yoast-schema-graph\">{\"@context\":\"https:\\\/\\\/schema.org\",\"@graph\":[{\"@type\":\"WebPage\",\"@id\":\"https:\\\/\\\/nuprevento.com\\\/nusweets\\\/\",\"url\":\"https:\\\/\\\/nuprevento.com\\\/nusweets\\\/\",\"name\":\"NuSweets - NuPrevento\",\"isPartOf\":{\"@id\":\"https:\\\/\\\/nuprevento.com\\\/#website\"},\"datePublished\":\"2025-12-15T14:04:54+00:00\",\"dateModified\":\"2026-02-04T10:38:29+00:00\",\"breadcrumb\":{\"@id\":\"https:\\\/\\\/nuprevento.com\\\/nusweets\\\/#breadcrumb\"},\"inLanguage\":\"es\",\"potentialAction\":[{\"@type\":\"ReadAction\",\"target\":[\"https:\\\/\\\/nuprevento.com\\\/nusweets\\\/\"]}]},{\"@type\":\"BreadcrumbList\",\"@id\":\"https:\\\/\\\/nuprevento.com\\\/nusweets\\\/#breadcrumb\",\"itemListElement\":[{\"@type\":\"ListItem\",\"position\":1,\"name\":\"Startseite\",\"item\":\"https:\\\/\\\/nuprevento.com\\\/\"},{\"@type\":\"ListItem\",\"position\":2,\"name\":\"NuSweets\"}]},{\"@type\":\"WebSite\",\"@id\":\"https:\\\/\\\/nuprevento.com\\\/#website\",\"url\":\"https:\\\/\\\/nuprevento.com\\\/\",\"name\":\"NuPrevento\",\"description\":\"Targeted Nutrition - Eine neue Generation von Lebensmitteln\",\"publisher\":{\"@id\":\"https:\\\/\\\/nuprevento.com\\\/#organization\"},\"potentialAction\":[{\"@type\":\"SearchAction\",\"target\":{\"@type\":\"EntryPoint\",\"urlTemplate\":\"https:\\\/\\\/nuprevento.com\\\/?s={search_term_string}\"},\"query-input\":{\"@type\":\"PropertyValueSpecification\",\"valueRequired\":true,\"valueName\":\"search_term_string\"}}],\"inLanguage\":\"es\"},{\"@type\":\"Organization\",\"@id\":\"https:\\\/\\\/nuprevento.com\\\/#organization\",\"name\":\"NuPrevento\",\"url\":\"https:\\\/\\\/nuprevento.com\\\/\",\"logo\":{\"@type\":\"ImageObject\",\"inLanguage\":\"es\",\"@id\":\"https:\\\/\\\/nuprevento.com\\\/#\\\/schema\\\/logo\\\/image\\\/\",\"url\":\"https:\\\/\\\/nuprevento.com\\\/wp-content\\\/uploads\\\/2024\\\/01\\\/Logo_NuPrevento_2024.png\",\"contentUrl\":\"https:\\\/\\\/nuprevento.com\\\/wp-content\\\/uploads\\\/2024\\\/01\\\/Logo_NuPrevento_2024.png\",\"width\":250,\"height\":87,\"caption\":\"NuPrevento\"},\"image\":{\"@id\":\"https:\\\/\\\/nuprevento.com\\\/#\\\/schema\\\/logo\\\/image\\\/\"}}]}<\/script>\n<!-- \/ Yoast SEO plugin. -->","yoast_head_json":{"title":"NuSweets - NuPrevento","robots":{"index":"index","follow":"follow","max-snippet":"max-snippet:-1","max-image-preview":"max-image-preview:large","max-video-preview":"max-video-preview:-1"},"canonical":"https:\/\/nuprevento.com\/es\/nusweets\/","og_locale":"es_ES","og_type":"article","og_title":"NuSweets - NuPrevento","og_description":"NuSweets \u00ae \u2013 smarter Genuss neu gedacht NuSweets \u00ae steht f\u00fcr ein S\u00fc\u00dfwarenkonzept, das modernen Ern\u00e4hrungsanspr\u00fcchen gerecht wird. Im Fokus steht der Wunsch, bewusst zu naschen, ohne dabei auf Geschmack oder Vielfalt zu verzichten. S\u00fc\u00dfes \u2013 aber anders Viele herk\u00f6mmliche S\u00fc\u00dfwaren enthalten gro\u00dfe Mengen an Haushaltszucker, was h\u00e4ufig zu Blutzuckerschwankungen, Kariesrisiko und einem ungesunden Essverhalten [&hellip;]","og_url":"https:\/\/nuprevento.com\/es\/nusweets\/","og_site_name":"NuPrevento","article_modified_time":"2026-02-04T10:38:29+00:00","twitter_card":"summary_large_image","twitter_misc":{"Tiempo de lectura":"3 minutos"},"schema":{"@context":"https:\/\/schema.org","@graph":[{"@type":"WebPage","@id":"https:\/\/nuprevento.com\/nusweets\/","url":"https:\/\/nuprevento.com\/nusweets\/","name":"NuSweets - NuPrevento","isPartOf":{"@id":"https:\/\/nuprevento.com\/#website"},"datePublished":"2025-12-15T14:04:54+00:00","dateModified":"2026-02-04T10:38:29+00:00","breadcrumb":{"@id":"https:\/\/nuprevento.com\/nusweets\/#breadcrumb"},"inLanguage":"es","potentialAction":[{"@type":"ReadAction","target":["https:\/\/nuprevento.com\/nusweets\/"]}]},{"@type":"BreadcrumbList","@id":"https:\/\/nuprevento.com\/nusweets\/#breadcrumb","itemListElement":[{"@type":"ListItem","position":1,"name":"Startseite","item":"https:\/\/nuprevento.com\/"},{"@type":"ListItem","position":2,"name":"NuSweets"}]},{"@type":"WebSite","@id":"https:\/\/nuprevento.com\/#website","url":"https:\/\/nuprevento.com\/","name":"NuPrevento","description":"Nutrici\u00f3n selectiva - Una nueva generaci\u00f3n de alimentos","publisher":{"@id":"https:\/\/nuprevento.com\/#organization"},"potentialAction":[{"@type":"SearchAction","target":{"@type":"EntryPoint","urlTemplate":"https:\/\/nuprevento.com\/?s={search_term_string}"},"query-input":{"@type":"PropertyValueSpecification","valueRequired":true,"valueName":"search_term_string"}}],"inLanguage":"es"},{"@type":"Organization","@id":"https:\/\/nuprevento.com\/#organization","name":"NuPrevento","url":"https:\/\/nuprevento.com\/","logo":{"@type":"ImageObject","inLanguage":"es","@id":"https:\/\/nuprevento.com\/#\/schema\/logo\/image\/","url":"https:\/\/nuprevento.com\/wp-content\/uploads\/2024\/01\/Logo_NuPrevento_2024.png","contentUrl":"https:\/\/nuprevento.com\/wp-content\/uploads\/2024\/01\/Logo_NuPrevento_2024.png","width":250,"height":87,"caption":"NuPrevento"},"image":{"@id":"https:\/\/nuprevento.com\/#\/schema\/logo\/image\/"}}]}},"_links":{"self":[{"href":"https:\/\/nuprevento.com\/es\/wp-json\/wp\/v2\/pages\/3285","targetHints":{"allow":["GET"]}}],"collection":[{"href":"https:\/\/nuprevento.com\/es\/wp-json\/wp\/v2\/pages"}],"about":[{"href":"https:\/\/nuprevento.com\/es\/wp-json\/wp\/v2\/types\/page"}],"author":[{"embeddable":true,"href":"https:\/\/nuprevento.com\/es\/wp-json\/wp\/v2\/users\/6"}],"replies":[{"embeddable":true,"href":"https:\/\/nuprevento.com\/es\/wp-json\/wp\/v2\/comments?post=3285"}],"version-history":[{"count":28,"href":"https:\/\/nuprevento.com\/es\/wp-json\/wp\/v2\/pages\/3285\/revisions"}],"predecessor-version":[{"id":3372,"href":"https:\/\/nuprevento.com\/es\/wp-json\/wp\/v2\/pages\/3285\/revisions\/3372"}],"wp:attachment":[{"href":"https:\/\/nuprevento.com\/es\/wp-json\/wp\/v2\/media?parent=3285"}],"curies":[{"name":"wp","href":"https:\/\/api.w.org\/{rel}","templated":true}]}}