{"id":3341,"date":"2025-12-15T15:05:01","date_gmt":"2025-12-15T14:05:01","guid":{"rendered":"https:\/\/nuprevento.com\/?page_id=3341"},"modified":"2025-12-15T15:05:01","modified_gmt":"2025-12-15T14:05:01","slug":"unsere-marken","status":"publish","type":"page","link":"https:\/\/nuprevento.com\/es\/unsere-marken\/","title":{"rendered":"Nuestras marcas"},"content":{"rendered":"<div data-elementor-type=\"wp-page\" data-elementor-id=\"3341\" class=\"elementor elementor-3341\" data-elementor-post-type=\"page\">\n\t\t\t\t<div class=\"elementor-element elementor-element-f955401 e-flex e-con-boxed e-con e-parent\" data-id=\"f955401\" data-element_type=\"container\">\n\t\t\t\t\t<div class=\"e-con-inner\">\n\t\t\t\t<div class=\"elementor-element elementor-element-15d3b02 elementor-widget elementor-widget-text-editor\" data-id=\"15d3b02\" data-element_type=\"widget\" data-widget_type=\"text-editor.default\">\n\t\t\t\t<div class=\"elementor-widget-container\">\n\t\t\t\t\t\t\t\t\t<h2 data-start=\"244\" data-end=\"260\">Nuestras marcas<\/h2><p data-start=\"262\" data-end=\"472\">Bajo el paraguas de <strong data-start=\"281\" data-end=\"296\">NuPrevento<\/strong>\u00a0reunimos cinco marcas especializadas que cubren diversos aspectos de la nutrici\u00f3n moderna con base cient\u00edfica: hol\u00edstica, pr\u00e1ctica y personalizable.<\/p><ul data-start=\"474\" data-end=\"1197\"><li><strong data-start=\"775\" data-end=\"788\">NuSweets<\/strong>\u00a0combina el placer consciente con soluciones innovadoras de confiter\u00eda, como una nueva forma de picar sin compromisos.<\/li><li data-start=\"474\" data-end=\"626\"><strong data-start=\"476\" data-end=\"487\">NuKeto<\/strong>\u00a0representa una dieta cetog\u00e9nica moderna y ayuda a las personas que se centran espec\u00edficamente en el metabolismo de las grasas y la optimizaci\u00f3n metab\u00f3lica.<\/li><li data-start=\"474\" data-end=\"626\"><strong data-start=\"629\" data-end=\"641\">NuSugar<\/strong>\u00a0ofrece alternativas inteligentes al az\u00facar dom\u00e9stico, para todos aquellos que quieren endulzar de forma m\u00e1s consciente y evitar las t\u00edpicas trampas del az\u00facar.<\/li><li data-start=\"474\" data-end=\"626\"><strong data-start=\"899\" data-end=\"909\">NuGood<\/strong>\u00a0se centra en una dieta respetuosa con el intestino y en el fomento de un microbioma sano, como base del bienestar integral.<\/li><li data-start=\"1052\" data-end=\"1197\"><p data-start=\"1054\" data-end=\"1197\"><strong data-start=\"1054\" data-end=\"1072\">NuSupplements<\/strong>\u00a0ofrece conceptos de suplementos nutricionales de alta calidad que se dirigen a \u00e1mbitos en los que una dieta consciente por s\u00ed sola no es suficiente.<\/p><\/li><\/ul><h2 data-start=\"1199\" data-end=\"1220\">\u00bfPor qu\u00e9 estos cinco?<\/h2><p data-start=\"1222\" data-end=\"1549\">Cada una de estas marcas aborda un componente central de la atenci\u00f3n sanitaria preventiva moderna, desde el metabolismo y la salud intestinal hasta el aporte de nutrientes. Juntas permiten <strong data-start=\"1414\" data-end=\"1486\">un estilo de vida individual, flexible y respaldado cient\u00edficamente<\/strong>, que se orienta hacia las necesidades reales de la vida cotidiana.<\/p><p data-start=\"1551\" data-end=\"1764\"><strong data-start=\"1551\" data-end=\"1566\">NuPrevento<\/strong>\u00a0representa un concepto nutricional que no es dogm\u00e1tico, sino que apoya a las personas con soluciones bien fundamentadas en su camino personal hacia un mayor equilibrio, salud y calidad de vida.<\/p><p data-start=\"1551\" data-end=\"1764\">\u00a0<\/p>\t\t\t\t\t\t\t\t<\/div>\n\t\t\t\t<\/div>\n\t\t\t\t\t<\/div>\n\t\t\t\t<\/div>\n\t\t\t\t<\/div>","protected":false},"excerpt":{"rendered":"<p>Unsere Marken Unter dem Dach von NuPrevento\u00a0vereinen wir f\u00fcnf spezialisierte Marken, die verschiedene Aspekte moderner, wissenschaftlich fundierter Ern\u00e4hrung abdecken \u2013 ganzheitlich, praxisnah und individuell anpassbar. NuSweets\u00a0verbindet bewussten Genuss mit innovativen S\u00fc\u00dfwarenl\u00f6sungen \u2013 als neue Art des Naschens ohne Kompromisse. NuKeto\u00a0steht f\u00fcr eine moderne ketogene Ern\u00e4hrung und unterst\u00fctzt Menschen, die gezielt auf Fettstoffwechsel und Stoffwechseloptimierung setzen. [&hellip;]<\/p>","protected":false},"author":6,"featured_media":0,"parent":0,"menu_order":0,"comment_status":"closed","ping_status":"closed","template":"","meta":{"footnotes":""},"class_list":["post-3341","page","type-page","status-publish","hentry"],"yoast_head":"<!-- This site is optimized with the Yoast SEO plugin v27.4 - https:\/\/yoast.com\/product\/yoast-seo-wordpress\/ -->\n<title>Unsere Marken - NuPrevento<\/title>\n<meta name=\"robots\" content=\"index, follow, max-snippet:-1, max-image-preview:large, max-video-preview:-1\" \/>\n<link rel=\"canonical\" href=\"https:\/\/nuprevento.com\/es\/unsere-marken\/\" \/>\n<meta property=\"og:locale\" content=\"es_ES\" \/>\n<meta property=\"og:type\" content=\"article\" \/>\n<meta property=\"og:title\" content=\"Unsere Marken - NuPrevento\" \/>\n<meta property=\"og:description\" content=\"Unsere Marken Unter dem Dach von NuPrevento\u00a0vereinen wir f\u00fcnf spezialisierte Marken, die verschiedene Aspekte moderner, wissenschaftlich fundierter Ern\u00e4hrung abdecken \u2013 ganzheitlich, praxisnah und individuell anpassbar. NuSweets\u00a0verbindet bewussten Genuss mit innovativen S\u00fc\u00dfwarenl\u00f6sungen \u2013 als neue Art des Naschens ohne Kompromisse. NuKeto\u00a0steht f\u00fcr eine moderne ketogene Ern\u00e4hrung und unterst\u00fctzt Menschen, die gezielt auf Fettstoffwechsel und Stoffwechseloptimierung setzen. [&hellip;]\" \/>\n<meta property=\"og:url\" content=\"https:\/\/nuprevento.com\/es\/unsere-marken\/\" \/>\n<meta property=\"og:site_name\" content=\"NuPrevento\" \/>\n<meta name=\"twitter:card\" content=\"summary_large_image\" \/>\n<meta name=\"twitter:label1\" content=\"Tiempo de lectura\" \/>\n\t<meta name=\"twitter:data1\" content=\"1 minuto\" \/>\n<script type=\"application\/ld+json\" class=\"yoast-schema-graph\">{\"@context\":\"https:\\\/\\\/schema.org\",\"@graph\":[{\"@type\":\"WebPage\",\"@id\":\"https:\\\/\\\/nuprevento.com\\\/unsere-marken\\\/\",\"url\":\"https:\\\/\\\/nuprevento.com\\\/unsere-marken\\\/\",\"name\":\"Unsere Marken - NuPrevento\",\"isPartOf\":{\"@id\":\"https:\\\/\\\/nuprevento.com\\\/#website\"},\"datePublished\":\"2025-12-15T14:05:01+00:00\",\"breadcrumb\":{\"@id\":\"https:\\\/\\\/nuprevento.com\\\/unsere-marken\\\/#breadcrumb\"},\"inLanguage\":\"es\",\"potentialAction\":[{\"@type\":\"ReadAction\",\"target\":[\"https:\\\/\\\/nuprevento.com\\\/unsere-marken\\\/\"]}]},{\"@type\":\"BreadcrumbList\",\"@id\":\"https:\\\/\\\/nuprevento.com\\\/unsere-marken\\\/#breadcrumb\",\"itemListElement\":[{\"@type\":\"ListItem\",\"position\":1,\"name\":\"Startseite\",\"item\":\"https:\\\/\\\/nuprevento.com\\\/\"},{\"@type\":\"ListItem\",\"position\":2,\"name\":\"Unsere Marken\"}]},{\"@type\":\"WebSite\",\"@id\":\"https:\\\/\\\/nuprevento.com\\\/#website\",\"url\":\"https:\\\/\\\/nuprevento.com\\\/\",\"name\":\"NuPrevento\",\"description\":\"Targeted Nutrition - Eine neue Generation von Lebensmitteln\",\"publisher\":{\"@id\":\"https:\\\/\\\/nuprevento.com\\\/#organization\"},\"potentialAction\":[{\"@type\":\"SearchAction\",\"target\":{\"@type\":\"EntryPoint\",\"urlTemplate\":\"https:\\\/\\\/nuprevento.com\\\/?s={search_term_string}\"},\"query-input\":{\"@type\":\"PropertyValueSpecification\",\"valueRequired\":true,\"valueName\":\"search_term_string\"}}],\"inLanguage\":\"es\"},{\"@type\":\"Organization\",\"@id\":\"https:\\\/\\\/nuprevento.com\\\/#organization\",\"name\":\"NuPrevento\",\"url\":\"https:\\\/\\\/nuprevento.com\\\/\",\"logo\":{\"@type\":\"ImageObject\",\"inLanguage\":\"es\",\"@id\":\"https:\\\/\\\/nuprevento.com\\\/#\\\/schema\\\/logo\\\/image\\\/\",\"url\":\"https:\\\/\\\/nuprevento.com\\\/wp-content\\\/uploads\\\/2024\\\/01\\\/Logo_NuPrevento_2024.png\",\"contentUrl\":\"https:\\\/\\\/nuprevento.com\\\/wp-content\\\/uploads\\\/2024\\\/01\\\/Logo_NuPrevento_2024.png\",\"width\":250,\"height\":87,\"caption\":\"NuPrevento\"},\"image\":{\"@id\":\"https:\\\/\\\/nuprevento.com\\\/#\\\/schema\\\/logo\\\/image\\\/\"}}]}<\/script>\n<!-- \/ Yoast SEO plugin. -->","yoast_head_json":{"title":"Unsere Marken - NuPrevento","robots":{"index":"index","follow":"follow","max-snippet":"max-snippet:-1","max-image-preview":"max-image-preview:large","max-video-preview":"max-video-preview:-1"},"canonical":"https:\/\/nuprevento.com\/es\/unsere-marken\/","og_locale":"es_ES","og_type":"article","og_title":"Unsere Marken - NuPrevento","og_description":"Unsere Marken Unter dem Dach von NuPrevento\u00a0vereinen wir f\u00fcnf spezialisierte Marken, die verschiedene Aspekte moderner, wissenschaftlich fundierter Ern\u00e4hrung abdecken \u2013 ganzheitlich, praxisnah und individuell anpassbar. NuSweets\u00a0verbindet bewussten Genuss mit innovativen S\u00fc\u00dfwarenl\u00f6sungen \u2013 als neue Art des Naschens ohne Kompromisse. NuKeto\u00a0steht f\u00fcr eine moderne ketogene Ern\u00e4hrung und unterst\u00fctzt Menschen, die gezielt auf Fettstoffwechsel und Stoffwechseloptimierung setzen. [&hellip;]","og_url":"https:\/\/nuprevento.com\/es\/unsere-marken\/","og_site_name":"NuPrevento","twitter_card":"summary_large_image","twitter_misc":{"Tiempo de lectura":"1 minuto"},"schema":{"@context":"https:\/\/schema.org","@graph":[{"@type":"WebPage","@id":"https:\/\/nuprevento.com\/unsere-marken\/","url":"https:\/\/nuprevento.com\/unsere-marken\/","name":"Unsere Marken - NuPrevento","isPartOf":{"@id":"https:\/\/nuprevento.com\/#website"},"datePublished":"2025-12-15T14:05:01+00:00","breadcrumb":{"@id":"https:\/\/nuprevento.com\/unsere-marken\/#breadcrumb"},"inLanguage":"es","potentialAction":[{"@type":"ReadAction","target":["https:\/\/nuprevento.com\/unsere-marken\/"]}]},{"@type":"BreadcrumbList","@id":"https:\/\/nuprevento.com\/unsere-marken\/#breadcrumb","itemListElement":[{"@type":"ListItem","position":1,"name":"Startseite","item":"https:\/\/nuprevento.com\/"},{"@type":"ListItem","position":2,"name":"Unsere Marken"}]},{"@type":"WebSite","@id":"https:\/\/nuprevento.com\/#website","url":"https:\/\/nuprevento.com\/","name":"NuPrevento","description":"Nutrici\u00f3n selectiva - Una nueva generaci\u00f3n de alimentos","publisher":{"@id":"https:\/\/nuprevento.com\/#organization"},"potentialAction":[{"@type":"SearchAction","target":{"@type":"EntryPoint","urlTemplate":"https:\/\/nuprevento.com\/?s={search_term_string}"},"query-input":{"@type":"PropertyValueSpecification","valueRequired":true,"valueName":"search_term_string"}}],"inLanguage":"es"},{"@type":"Organization","@id":"https:\/\/nuprevento.com\/#organization","name":"NuPrevento","url":"https:\/\/nuprevento.com\/","logo":{"@type":"ImageObject","inLanguage":"es","@id":"https:\/\/nuprevento.com\/#\/schema\/logo\/image\/","url":"https:\/\/nuprevento.com\/wp-content\/uploads\/2024\/01\/Logo_NuPrevento_2024.png","contentUrl":"https:\/\/nuprevento.com\/wp-content\/uploads\/2024\/01\/Logo_NuPrevento_2024.png","width":250,"height":87,"caption":"NuPrevento"},"image":{"@id":"https:\/\/nuprevento.com\/#\/schema\/logo\/image\/"}}]}},"_links":{"self":[{"href":"https:\/\/nuprevento.com\/es\/wp-json\/wp\/v2\/pages\/3341","targetHints":{"allow":["GET"]}}],"collection":[{"href":"https:\/\/nuprevento.com\/es\/wp-json\/wp\/v2\/pages"}],"about":[{"href":"https:\/\/nuprevento.com\/es\/wp-json\/wp\/v2\/types\/page"}],"author":[{"embeddable":true,"href":"https:\/\/nuprevento.com\/es\/wp-json\/wp\/v2\/users\/6"}],"replies":[{"embeddable":true,"href":"https:\/\/nuprevento.com\/es\/wp-json\/wp\/v2\/comments?post=3341"}],"version-history":[{"count":7,"href":"https:\/\/nuprevento.com\/es\/wp-json\/wp\/v2\/pages\/3341\/revisions"}],"predecessor-version":[{"id":3348,"href":"https:\/\/nuprevento.com\/es\/wp-json\/wp\/v2\/pages\/3341\/revisions\/3348"}],"wp:attachment":[{"href":"https:\/\/nuprevento.com\/es\/wp-json\/wp\/v2\/media?parent=3341"}],"curies":[{"name":"wp","href":"https:\/\/api.w.org\/{rel}","templated":true}]}}