{"id":130,"date":"2016-07-27T13:23:58","date_gmt":"2016-07-27T11:23:58","guid":{"rendered":"http:\/\/s272970414.online.de\/wordpress\/intelligent-sugar\/?page_id=130"},"modified":"2026-02-16T09:31:35","modified_gmt":"2026-02-16T08:31:35","slug":"schwangerschaftsdiabetes","status":"publish","type":"page","link":"https:\/\/nuprevento.com\/fr\/gesundheit\/diabetes\/schwangerschaftsdiabetes\/","title":{"rendered":"Diab\u00e8te gestationnel"},"content":{"rendered":"<div data-elementor-type=\"wp-page\" data-elementor-id=\"130\" class=\"elementor elementor-130\" data-elementor-post-type=\"page\">\n\t\t\t\t<div class=\"elementor-element elementor-element-2f026158 e-flex e-con-boxed e-con e-parent\" data-id=\"2f026158\" data-element_type=\"container\">\n\t\t\t\t\t<div class=\"e-con-inner\">\n\t\t\t\t<div class=\"elementor-element elementor-element-7fe2451 elementor-widget elementor-widget-heading\" data-id=\"7fe2451\" data-element_type=\"widget\" data-widget_type=\"heading.default\">\n\t\t\t\t<div class=\"elementor-widget-container\">\n\t\t\t\t\t<h1 class=\"elementor-heading-title elementor-size-default\">Diab\u00e8te gestationnel<\/h1>\t\t\t\t<\/div>\n\t\t\t\t<\/div>\n\t\t<div class=\"elementor-element elementor-element-ff60ae7 e-con-full e-flex e-con e-child\" data-id=\"ff60ae7\" data-element_type=\"container\">\n\t\t\t\t<div class=\"elementor-element elementor-element-2f02b7a elementor-widget elementor-widget-text-editor\" data-id=\"2f02b7a\" data-element_type=\"widget\" data-widget_type=\"text-editor.default\">\n\t\t\t\t<div class=\"elementor-widget-container\">\n\t\t\t\t\t\t\t\t\t<h2 class=\"p1\">Diab\u00e8te gestationnel - Principes de base<\/h2><p class=\"p2\">Si un diab\u00e8te survient pour la premi\u00e8re fois pendant la grossesse, il s'agit g\u00e9n\u00e9ralement d'un diab\u00e8te dit gestationnel. Le m\u00e9tabolisme perturb\u00e9 du sucre ne p\u00e8se pas seulement sur la sant\u00e9 de la m\u00e8re, mais peut aussi avoir des cons\u00e9quences importantes sur le d\u00e9veloppement de l'enfant s'il n'est pas trait\u00e9. Dans la plupart des cas, cette forme de diab\u00e8te dispara\u00eet apr\u00e8s la grossesse.<\/p><p class=\"p2\">Le diab\u00e8te gestationnel peut se d\u00e9velopper suite aux changements hormonaux survenant pendant la grossesse. En particulier au cours de la deuxi\u00e8me moiti\u00e9 de la grossesse, lorsque les besoins \u00e9nerg\u00e9tiques du f\u0153tus augmentent, les hormones modifient le m\u00e9tabolisme du sucre. Des hormones telles que le cortisol, la progest\u00e9rone et l'ac\u00e9tog\u00e8ne placentaire humain modifient l'action de l'insuline ou augmentent la formation de glucose.<\/p><p class=\"p2\">Tout cela a pour cons\u00e9quence que le taux de glyc\u00e9mie de la m\u00e8re augmente et que davantage de sucre est apport\u00e9 au f\u0153tus par le placenta. Normalement, le pancr\u00e9as peut compenser ce besoin accru par une s\u00e9cr\u00e9tion accrue d'insuline. Si cela n'est pas suffisamment possible, le taux de glucose sanguin reste \u00e9lev\u00e9. Cela influence la mise \u00e0 disposition d'\u00e9nergie et la croissance pendant la grossesse.<\/p><h2 class=\"p4\">Quels sont les risques li\u00e9s au diab\u00e8te gestationnel ?<\/h2><p class=\"p4\">Un diab\u00e8te gestationnel non trait\u00e9 peut comporter des risques aussi bien pour la m\u00e8re que pour l'enfant. Chez l'enfant, il entra\u00eene souvent une croissance excessive, une augmentation du poids \u00e0 la naissance, des probl\u00e8mes respiratoires apr\u00e8s la naissance et une hypoglyc\u00e9mie. Pour la m\u00e8re, il augmente le risque d'infections, d'hypertension, de pr\u00e9-\u00e9clampsie et d'accouchement pr\u00e9matur\u00e9. \u00c0 long terme, la probabilit\u00e9 de souffrir plus tard de diab\u00e8te de type 2, d'ob\u00e9sit\u00e9 ou de maladies secondaires telles que l'hypertension augmente pour les deux.<\/p><p class=\"p4\"><b>Maintenir une glyc\u00e9mie stable<\/b><\/p><p class=\"p4\">En cas de diab\u00e8te gestationnel, il est important de maintenir un taux de glyc\u00e9mie stable. Cela se fait par le biais d'une th\u00e9rapie alimentaire et, le cas \u00e9ch\u00e9ant, d'insuline, en \u00e9vitant aussi bien les hyperglyc\u00e9mies que les hypoglyc\u00e9mies. Au lieu de renoncer au sucre et aux hydrates de carbone, il est recommand\u00e9 de consommer des aliments riches en hydrates de carbone et \u00e0 faible index glyc\u00e9mique.<\/p><h2 class=\"p4\">Des sucres rares et sp\u00e9ciaux comme alternative<\/h2><p class=\"p4\">Un choix conscient de <b>Sucres \u00e0 faible index glyc\u00e9mique<\/b> peut \u00eatre utile dans ce cas. Les sucres classiques tels que le glucose ou le sucre de table sont rapidement absorb\u00e9s dans le sang, tandis que les alternatives telles que <b>Galactose<\/b>, <b>Isomaltulose<\/b>, <b>Tagatose<\/b> ou <b>Tr\u00e9halose<\/b> sont m\u00e9tabolis\u00e9s plus lentement et peuvent donc permettre un apport \u00e9nerg\u00e9tique plus r\u00e9gulier. Ces diff\u00e9rences sont dues \u00e0 leur structure chimique ainsi qu'au m\u00e9tabolisme individuel. Il appara\u00eet ainsi clairement que tous les sucres n'ont pas le m\u00eame effet et que certains peuvent servir de choix plus conscient dans le cadre d'une alimentation \u00e9quilibr\u00e9e.<\/p><h2 class=\"p7\">R\u00e9sum\u00e9<\/h2><ul class=\"ul1\"><li class=\"li8\">Le diab\u00e8te gestationnel est d\u00fb \u00e0 des modifications hormonales pendant la grossesse, qui peuvent entraver l'action de l'insuline.<\/li><li class=\"li8\">Les sucres tels que le galactose, l'isomaltulose, le tagatose ou le tr\u00e9halose se distinguent nettement par leur IG et leur teneur en \u00e9nergie.<\/li><li class=\"li8\">Alors que les sucres classiques comme le glucose et le saccharose sont rapidement absorb\u00e9s, d'autres types de sucres arrivent plus lentement dans le sang ou ne sont que partiellement assimil\u00e9s.<\/li><\/ul>\t\t\t\t\t\t\t\t<\/div>\n\t\t\t\t<\/div>\n\t\t\t\t<\/div>\n\t\t\t\t\t<\/div>\n\t\t\t\t<\/div>\n\t\t\t\t<\/div>","protected":false},"excerpt":{"rendered":"<p>Schwangerschaftsdiabetes \u2013 Grundlagen Tritt eine Zuckerkrankheit erstmals w\u00e4hrend der Schwangerschaft auf, handelt es sich meist um einen sogenannten Schwangerschaftsdiabetes. Der gest\u00f6rte Zuckerstoffwechsel belastet nicht nur die Gesundheit der Mutter, sondern kann unbehandelt auch weitreichende Auswirkungen auf die Entwicklung des Kindes haben. In den meisten F\u00e4llen bildet sich diese Diabetesform nach der Schwangerschaft wieder zur\u00fcck. Ein [&hellip;]<\/p>","protected":false},"author":1,"featured_media":0,"parent":124,"menu_order":3,"comment_status":"closed","ping_status":"closed","template":"","meta":{"footnotes":""},"class_list":["post-130","page","type-page","status-publish","hentry"],"yoast_head":"<!-- This site is optimized with the Yoast SEO plugin v27.4 - https:\/\/yoast.com\/product\/yoast-seo-wordpress\/ -->\n<title>Schwangerschaftsdiabetes - NuPrevento<\/title>\n<meta name=\"description\" content=\"Erfahren Sie, welchen Einfluss Zucker bei Schwangerschaftsdiabetes haben und wie Dr. Coy\u2019s Zucker die Behandlung unterst\u00fctzen k\u00f6nnen.\" \/>\n<meta name=\"robots\" content=\"index, follow, max-snippet:-1, max-image-preview:large, max-video-preview:-1\" \/>\n<link rel=\"canonical\" href=\"https:\/\/nuprevento.com\/fr\/gesundheit\/diabetes\/schwangerschaftsdiabetes\/\" \/>\n<meta property=\"og:locale\" content=\"fr_FR\" \/>\n<meta property=\"og:type\" content=\"article\" \/>\n<meta property=\"og:title\" content=\"Schwangerschaftsdiabetes - NuPrevento\" \/>\n<meta property=\"og:description\" content=\"Erfahren Sie, welchen Einfluss Zucker bei Schwangerschaftsdiabetes haben und wie Dr. Coy\u2019s Zucker die Behandlung unterst\u00fctzen k\u00f6nnen.\" \/>\n<meta property=\"og:url\" content=\"https:\/\/nuprevento.com\/fr\/gesundheit\/diabetes\/schwangerschaftsdiabetes\/\" \/>\n<meta property=\"og:site_name\" content=\"NuPrevento\" \/>\n<meta property=\"article:modified_time\" content=\"2026-02-16T08:31:35+00:00\" \/>\n<meta name=\"twitter:card\" content=\"summary_large_image\" \/>\n<meta name=\"twitter:label1\" content=\"Dur\u00e9e de lecture estim\u00e9e\" \/>\n\t<meta name=\"twitter:data1\" content=\"3 minutes\" \/>\n<script type=\"application\/ld+json\" class=\"yoast-schema-graph\">{\"@context\":\"https:\\\/\\\/schema.org\",\"@graph\":[{\"@type\":\"WebPage\",\"@id\":\"https:\\\/\\\/nuprevento.com\\\/gesundheit\\\/diabetes\\\/schwangerschaftsdiabetes\\\/\",\"url\":\"https:\\\/\\\/nuprevento.com\\\/gesundheit\\\/diabetes\\\/schwangerschaftsdiabetes\\\/\",\"name\":\"Schwangerschaftsdiabetes - NuPrevento\",\"isPartOf\":{\"@id\":\"https:\\\/\\\/nuprevento.com\\\/#website\"},\"datePublished\":\"2016-07-27T11:23:58+00:00\",\"dateModified\":\"2026-02-16T08:31:35+00:00\",\"description\":\"Erfahren Sie, welchen Einfluss Zucker bei Schwangerschaftsdiabetes haben und wie Dr. Coy\u2019s Zucker die Behandlung unterst\u00fctzen k\u00f6nnen.\",\"breadcrumb\":{\"@id\":\"https:\\\/\\\/nuprevento.com\\\/gesundheit\\\/diabetes\\\/schwangerschaftsdiabetes\\\/#breadcrumb\"},\"inLanguage\":\"fr-FR\",\"potentialAction\":[{\"@type\":\"ReadAction\",\"target\":[\"https:\\\/\\\/nuprevento.com\\\/gesundheit\\\/diabetes\\\/schwangerschaftsdiabetes\\\/\"]}]},{\"@type\":\"BreadcrumbList\",\"@id\":\"https:\\\/\\\/nuprevento.com\\\/gesundheit\\\/diabetes\\\/schwangerschaftsdiabetes\\\/#breadcrumb\",\"itemListElement\":[{\"@type\":\"ListItem\",\"position\":1,\"name\":\"Startseite\",\"item\":\"https:\\\/\\\/nuprevento.com\\\/\"},{\"@type\":\"ListItem\",\"position\":2,\"name\":\"Gesundheit\",\"item\":\"https:\\\/\\\/nuprevento.com\\\/gesundheit\\\/\"},{\"@type\":\"ListItem\",\"position\":3,\"name\":\"Diabetes\",\"item\":\"https:\\\/\\\/nuprevento.com\\\/gesundheit\\\/diabetes\\\/\"},{\"@type\":\"ListItem\",\"position\":4,\"name\":\"Schwangerschaftsdiabetes\"}]},{\"@type\":\"WebSite\",\"@id\":\"https:\\\/\\\/nuprevento.com\\\/#website\",\"url\":\"https:\\\/\\\/nuprevento.com\\\/\",\"name\":\"NuPrevento\",\"description\":\"Targeted Nutrition - Eine neue Generation von Lebensmitteln\",\"publisher\":{\"@id\":\"https:\\\/\\\/nuprevento.com\\\/#organization\"},\"potentialAction\":[{\"@type\":\"SearchAction\",\"target\":{\"@type\":\"EntryPoint\",\"urlTemplate\":\"https:\\\/\\\/nuprevento.com\\\/?s={search_term_string}\"},\"query-input\":{\"@type\":\"PropertyValueSpecification\",\"valueRequired\":true,\"valueName\":\"search_term_string\"}}],\"inLanguage\":\"fr-FR\"},{\"@type\":\"Organization\",\"@id\":\"https:\\\/\\\/nuprevento.com\\\/#organization\",\"name\":\"NuPrevento\",\"url\":\"https:\\\/\\\/nuprevento.com\\\/\",\"logo\":{\"@type\":\"ImageObject\",\"inLanguage\":\"fr-FR\",\"@id\":\"https:\\\/\\\/nuprevento.com\\\/#\\\/schema\\\/logo\\\/image\\\/\",\"url\":\"https:\\\/\\\/nuprevento.com\\\/wp-content\\\/uploads\\\/2024\\\/01\\\/Logo_NuPrevento_2024.png\",\"contentUrl\":\"https:\\\/\\\/nuprevento.com\\\/wp-content\\\/uploads\\\/2024\\\/01\\\/Logo_NuPrevento_2024.png\",\"width\":250,\"height\":87,\"caption\":\"NuPrevento\"},\"image\":{\"@id\":\"https:\\\/\\\/nuprevento.com\\\/#\\\/schema\\\/logo\\\/image\\\/\"}}]}<\/script>\n<!-- \/ Yoast SEO plugin. -->","yoast_head_json":{"title":"Schwangerschaftsdiabetes - NuPrevento","description":"Erfahren Sie, welchen Einfluss Zucker bei Schwangerschaftsdiabetes haben und wie Dr. Coy\u2019s Zucker die Behandlung unterst\u00fctzen k\u00f6nnen.","robots":{"index":"index","follow":"follow","max-snippet":"max-snippet:-1","max-image-preview":"max-image-preview:large","max-video-preview":"max-video-preview:-1"},"canonical":"https:\/\/nuprevento.com\/fr\/gesundheit\/diabetes\/schwangerschaftsdiabetes\/","og_locale":"fr_FR","og_type":"article","og_title":"Schwangerschaftsdiabetes - NuPrevento","og_description":"Erfahren Sie, welchen Einfluss Zucker bei Schwangerschaftsdiabetes haben und wie Dr. Coy\u2019s Zucker die Behandlung unterst\u00fctzen k\u00f6nnen.","og_url":"https:\/\/nuprevento.com\/fr\/gesundheit\/diabetes\/schwangerschaftsdiabetes\/","og_site_name":"NuPrevento","article_modified_time":"2026-02-16T08:31:35+00:00","twitter_card":"summary_large_image","twitter_misc":{"Dur\u00e9e de lecture estim\u00e9e":"3 minutes"},"schema":{"@context":"https:\/\/schema.org","@graph":[{"@type":"WebPage","@id":"https:\/\/nuprevento.com\/gesundheit\/diabetes\/schwangerschaftsdiabetes\/","url":"https:\/\/nuprevento.com\/gesundheit\/diabetes\/schwangerschaftsdiabetes\/","name":"Schwangerschaftsdiabetes - NuPrevento","isPartOf":{"@id":"https:\/\/nuprevento.com\/#website"},"datePublished":"2016-07-27T11:23:58+00:00","dateModified":"2026-02-16T08:31:35+00:00","description":"Erfahren Sie, welchen Einfluss Zucker bei Schwangerschaftsdiabetes haben und wie Dr. Coy\u2019s Zucker die Behandlung unterst\u00fctzen k\u00f6nnen.","breadcrumb":{"@id":"https:\/\/nuprevento.com\/gesundheit\/diabetes\/schwangerschaftsdiabetes\/#breadcrumb"},"inLanguage":"fr-FR","potentialAction":[{"@type":"ReadAction","target":["https:\/\/nuprevento.com\/gesundheit\/diabetes\/schwangerschaftsdiabetes\/"]}]},{"@type":"BreadcrumbList","@id":"https:\/\/nuprevento.com\/gesundheit\/diabetes\/schwangerschaftsdiabetes\/#breadcrumb","itemListElement":[{"@type":"ListItem","position":1,"name":"Startseite","item":"https:\/\/nuprevento.com\/"},{"@type":"ListItem","position":2,"name":"Gesundheit","item":"https:\/\/nuprevento.com\/gesundheit\/"},{"@type":"ListItem","position":3,"name":"Diabetes","item":"https:\/\/nuprevento.com\/gesundheit\/diabetes\/"},{"@type":"ListItem","position":4,"name":"Schwangerschaftsdiabetes"}]},{"@type":"WebSite","@id":"https:\/\/nuprevento.com\/#website","url":"https:\/\/nuprevento.com\/","name":"NuPrevento","description":"Targeted Nutrition - Une nouvelle g\u00e9n\u00e9ration d'aliments","publisher":{"@id":"https:\/\/nuprevento.com\/#organization"},"potentialAction":[{"@type":"SearchAction","target":{"@type":"EntryPoint","urlTemplate":"https:\/\/nuprevento.com\/?s={search_term_string}"},"query-input":{"@type":"PropertyValueSpecification","valueRequired":true,"valueName":"search_term_string"}}],"inLanguage":"fr-FR"},{"@type":"Organization","@id":"https:\/\/nuprevento.com\/#organization","name":"NuPrevento","url":"https:\/\/nuprevento.com\/","logo":{"@type":"ImageObject","inLanguage":"fr-FR","@id":"https:\/\/nuprevento.com\/#\/schema\/logo\/image\/","url":"https:\/\/nuprevento.com\/wp-content\/uploads\/2024\/01\/Logo_NuPrevento_2024.png","contentUrl":"https:\/\/nuprevento.com\/wp-content\/uploads\/2024\/01\/Logo_NuPrevento_2024.png","width":250,"height":87,"caption":"NuPrevento"},"image":{"@id":"https:\/\/nuprevento.com\/#\/schema\/logo\/image\/"}}]}},"_links":{"self":[{"href":"https:\/\/nuprevento.com\/fr\/wp-json\/wp\/v2\/pages\/130","targetHints":{"allow":["GET"]}}],"collection":[{"href":"https:\/\/nuprevento.com\/fr\/wp-json\/wp\/v2\/pages"}],"about":[{"href":"https:\/\/nuprevento.com\/fr\/wp-json\/wp\/v2\/types\/page"}],"author":[{"embeddable":true,"href":"https:\/\/nuprevento.com\/fr\/wp-json\/wp\/v2\/users\/1"}],"replies":[{"embeddable":true,"href":"https:\/\/nuprevento.com\/fr\/wp-json\/wp\/v2\/comments?post=130"}],"version-history":[{"count":16,"href":"https:\/\/nuprevento.com\/fr\/wp-json\/wp\/v2\/pages\/130\/revisions"}],"predecessor-version":[{"id":3434,"href":"https:\/\/nuprevento.com\/fr\/wp-json\/wp\/v2\/pages\/130\/revisions\/3434"}],"up":[{"embeddable":true,"href":"https:\/\/nuprevento.com\/fr\/wp-json\/wp\/v2\/pages\/124"}],"wp:attachment":[{"href":"https:\/\/nuprevento.com\/fr\/wp-json\/wp\/v2\/media?parent=130"}],"curies":[{"name":"wp","href":"https:\/\/api.w.org\/{rel}","templated":true}]}}